{"id":234652,"date":"2024-11-28T14:57:46","date_gmt":"2024-11-28T14:57:46","guid":{"rendered":"https:\/\/abela.shop\/rs\/?post_type=product&#038;p=234652"},"modified":"2026-04-19T08:59:42","modified_gmt":"2026-04-19T07:59:42","slug":"bulardi-10-kapsula","status":"publish","type":"product","link":"https:\/\/abela.shop\/rs\/proizvod\/bulardi-10-kapsula\/","title":{"rendered":"BULARDI\u00ae, 10 kapsula"},"content":{"rendered":"<p><strong>BULARDI<sup>\u00ae<\/sup><\/strong> je dijetetski proizvod koji sadr\u017ei kulturu korisnih mikroorganizama <em>Saccharomyces boulardii<\/em>. Namenjen je za spre\u010davanja akutnih, putni\u010dkih i dijareja izazvanih antibioticima, kao i infekcijama bakterija <em>Clostridium dififcile<\/em> i <em>Helicobacter Pylori<\/em>, kod zapaljenskih bolesti creva (Kronova bolest, ulcerozni kolitis), <a href=\"https:\/\/abela.shop\/rs\/proizvod\/flobian-30-kapsula\/\"><strong>sindroma nervoznih creva<\/strong><\/a> (iritabilni kolon) i za <a href=\"https:\/\/enterobiotik.rs\/\" target=\"_blank\" rel=\"noopener\"><strong>op\u0161tu regulaciju crevne flore<\/strong><\/a>.<\/p>\n<p>Probiotska gljivica <em>Saccharomyces boulardii<\/em> zahvaljuju\u0107i svojoj veli\u010dini i jedinstvenom mehanizmu delovanja vezuje lo\u0161e bakterije i toksine za sebe i na taj na\u010din ih izbacuje iz organizma.<\/p>\n<p><strong>BULARDI<sup>\u00ae<\/sup>:<\/strong><br \/>\n\u2022 Prvi Saccharomyces boulardii, kako u Srbiji tako i u regionu, pouzdan probiotik \u2013 dokazan brojnim klini\u010dkim istra\u017eivanjima i u klini\u010dkoj praksi<br \/>\n\u2022 Preporu\u010den od strane gastroenterologa kod svih vrsta dijareja: akutne dijareje, dijareje izazvane antibioticima, putni\u010dke dijareje, dijareje izazvane bakterijama Clostridium difficile i Helicobacter Pylori<br \/>\n\u2022 Sadr\u017ei probiotsku kulturu koja se mo\u017ee koristiti istovremeno sa antibioticima<\/p>\n<h2>Sastav proizvoda:<\/h2>\n<p>Kultura <em>Saccharomyces boulardii<\/em>, kapsula (hipromeloza, boja: titan-dioksid)<\/p>\n<h2>Na\u010din upotrebe:<\/h2>\n<p>Odrasli i deca starija od 3 godine: 1 kapsula dnevno.<\/p>\n<p>\u2022 Kod akutnih dijareja: 1 kapsula dnevno, za vreme trajanja bolesti<br \/>\n\u2022 Kod putni\u010dkih dijareja: 1 kapsula dnevno 5 dana pre putovanja i za vreme trajanja putovanja<br \/>\n\u2022 Kod antibiotskih dijareja: 1 kapsula dnevno tokom trajanja terapije antibioticima i 2-4 nedelje nakon zavr\u0161etka terapije<br \/>\n\u2022 Kao dodatak terapiji protiv <em>Clostridum difficile<\/em> i za spre\u010davanje ponovne infekcije; 1 kapsula dnevno, u trajanju od 4 nedelje<br \/>\n\u2022 Uz protokol za eradikaciju <em>Helicobacter Pylori<\/em>: 1 kapsula dnevno tokom trajanja terapije i 2-4 nedelje nakon zavr\u0161etka terapije<br \/>\n\u2022 Kod zapaljenske bolesti creva i kod iritabilnog kolona: 1 kapsula dnevno, u trajanju koje preporu\u010di lekar<br \/>\n\u2022 Za regulaciju crevne flore: 1 kapsula dnevno<\/p>\n<p>Po potrebi proizvod se mo\u017ee otvoriti, sadr\u017eaj isprazniti u ka\u0161i\u010dicu sa malo te\u010dnosti i odmah popiti.<\/p>\n","protected":false},"excerpt":{"rendered":"<p><span class=\"opis-proizvoda\"><i class=\"fa-solid fa-circle-check check-opis-proizvoda\"><\/i><strong>Doprinosi zaustavljanju svih vrsta dijareja<\/strong><\/span><br \/>\n<span class=\"opis-proizvoda\"><i class=\"fa-solid fa-circle-check check-opis-proizvoda\"><\/i>Doprinosi eliminaciji patogena<\/span><br \/>\n<span class=\"opis-proizvoda\"><i class=\"fa-solid fa-circle-check check-opis-proizvoda\"><\/i>Sadr\u017ei probiotsku kulturu Saccharomyces boulardii koja je otporna na delovanje antibiotika<\/span><br \/>\n<span class=\"opis-proizvoda\"><i class=\"fa-solid fa-circle-check check-opis-proizvoda\"><\/i>a-TECH inovativno pakovanje obezbe\u0111uje potpunu za\u0161titu proizvoda od spolja\u0161njih faktora<\/span><\/p>\n","protected":false},"featured_media":234692,"comment_status":"open","ping_status":"closed","template":"","meta":{"_acf_changed":false},"product_brand":[],"product_cat":[320,72],"product_tag":[],"class_list":{"0":"post-234652","1":"product","2":"type-product","3":"status-publish","4":"has-post-thumbnail","6":"product_cat-creva-u-balansu","7":"product_cat-probiotici","9":"first","10":"instock","11":"featured","12":"shipping-taxable","13":"purchasable","14":"product-type-simple"},"acf":[],"jetpack_sharing_enabled":true,"_links":{"self":[{"href":"https:\/\/abela.shop\/rs\/wp-json\/wp\/v2\/product\/234652","targetHints":{"allow":["GET"]}}],"collection":[{"href":"https:\/\/abela.shop\/rs\/wp-json\/wp\/v2\/product"}],"about":[{"href":"https:\/\/abela.shop\/rs\/wp-json\/wp\/v2\/types\/product"}],"replies":[{"embeddable":true,"href":"https:\/\/abela.shop\/rs\/wp-json\/wp\/v2\/comments?post=234652"}],"version-history":[{"count":29,"href":"https:\/\/abela.shop\/rs\/wp-json\/wp\/v2\/product\/234652\/revisions"}],"predecessor-version":[{"id":247699,"href":"https:\/\/abela.shop\/rs\/wp-json\/wp\/v2\/product\/234652\/revisions\/247699"}],"wp:featuredmedia":[{"embeddable":true,"href":"https:\/\/abela.shop\/rs\/wp-json\/wp\/v2\/media\/234692"}],"wp:attachment":[{"href":"https:\/\/abela.shop\/rs\/wp-json\/wp\/v2\/media?parent=234652"}],"wp:term":[{"taxonomy":"product_brand","embeddable":true,"href":"https:\/\/abela.shop\/rs\/wp-json\/wp\/v2\/product_brand?post=234652"},{"taxonomy":"product_cat","embeddable":true,"href":"https:\/\/abela.shop\/rs\/wp-json\/wp\/v2\/product_cat?post=234652"},{"taxonomy":"product_tag","embeddable":true,"href":"https:\/\/abela.shop\/rs\/wp-json\/wp\/v2\/product_tag?post=234652"}],"curies":[{"name":"wp","href":"https:\/\/api.w.org\/{rel}","templated":true}]}}