{"id":234653,"date":"2024-11-28T14:57:46","date_gmt":"2024-11-28T14:57:46","guid":{"rendered":"https:\/\/abela.shop\/rs\/?post_type=product&#038;p=234653"},"modified":"2026-05-01T05:00:17","modified_gmt":"2026-05-01T04:00:17","slug":"bulardi-500-10-kapsula","status":"publish","type":"product","link":"https:\/\/abela.shop\/rs\/proizvod\/bulardi-500-10-kapsula\/","title":{"rendered":"BULARDI\u00ae 500, 10 kapsula"},"content":{"rendered":"<p><strong>BULARDI<sup>\u00ae<\/sup> 500<\/strong> je dijetetski proizvod &#8211; hrana sa posebnom medicinskom namenom sa 10 milijardi probiotskih mikroorganizma Saccharomyces boulardii i <a href=\"https:\/\/bivits.com\/proizvod\/vitamin-d3-2000-iu\/\" target=\"_blank\" rel=\"noopener\"><strong>vitaminom D3<\/strong><\/a>, namenjena za potrebe ishrane kod osoba sa hipovitaminozom vitamina D, kod osoba sa akutnim i putni\u010dkim dijarejama, dijarejama uzrokovanim antibioticima, uz standardnu terapiju infekcije bakterijom <em>Helicobacter pilory<\/em>, kod zapaljenskih bolesti creva (Kronova bolest, ulcerozni kolitis) i <a href=\"https:\/\/abela.shop\/rs\/proizvod\/flobian-30-kapsula\/\"><strong>sindroma \u201enervoznih creva<\/strong><\/a>\u201c, uz terapiju infekcije bakterijom <em>Clostridium difficile<\/em>, kod regulaciji crevne mikroflore, kod osoba sa oslabljenim i poreme\u0107enim imunitetom sklonih \u010destim infekcijama, kao i kod osoba sa ostalim poreme\u0107ajima i stanjima kod kojih je neophodna nadoknada vitamina D3.<\/p>\n<p><strong>BULARDI<sup>\u00ae<\/sup> 500:<\/strong><br \/>\n\u2022 Preporuka od strane gastroenterologa kod razli\u010ditih vrsta dijareja uz doprinos u pobolj\u0161anju imunog odgovora<br \/>\n\u2022 Sadr\u017ei probiotsku kulturu koja se mo\u017ee koristiti istovremeno sa antibioticima<br \/>\n\u2022 a-TECH inovativno pakovanje obezbe\u0111uje potpunu za\u0161titu proizvoda od spolja\u0161njih faktora, o\u010duvanje broja \u017eivih \u0107elija i obezbe\u0111uje efikasnost probiotika do kraja roka upotrebe<\/p>\n<h2>Sastav proizvoda:<\/h2>\n<p>Kultura <em>Saccharomyces boulardii<\/em>, vitamin D3, kapsula (hipromeloza, boja: kalcijum-karbonat, stabilizator: skrob-natrijum-oktenilsukcinat), stabilizator: magnezijum- stearat<\/p>\n<h2>Na\u010din upotrebe:<\/h2>\n<p>Odraslie: 1 kapsula dnevno.<\/p>\n<p>\u2022 Kod akutnih dijareja: 1 kapsula dnevno, za vreme trajanja bolesti<br \/>\n\u2022 Kod putni\u010dkih dijareja: 1 kapsula dnevno 5 dana pre putovanja i za vreme trajanja putovanja<br \/>\n\u2022 Kod antibiotskih dijareja: 1 kapsula dnevno tokom trajanja terapije antibioticima i 2-4 nedelje nakon zavr\u0161etka terapije<br \/>\n\u2022 Kao dodatak terapiji infekcije bakterijom <em>Clostridum difficile<\/em> i za spre\u010davanje ponovne infekcije; 1 kapsula dnevno, u trajanju od 4 nedelje<br \/>\n\u2022 Uz protokol za eradikaciju <em>Helicobacter Pylori<\/em>: 1 kapsula dnevno tokom trajanja terapije i 2-4 nedelje nakon zavr\u0161etka terapije<br \/>\n\u2022 Kod zapaljenske bolesti creva i kod iritabilnog kolona: 1 kapsula dnevno, trajno po potrebi<br \/>\n\u2022 Za regulaciju crevne flore: 1 kapsula dnevno, po potrebi<br \/>\n\u2022 Za imunitet: 1 kapsula dnevno<\/p>\n<p>Po potrebi proizvod se mo\u017ee otvoriti, sadr\u017eaj isprazniti u ka\u0161i\u010dicu sa malo te\u010dnosti i odmah popiti.<\/p>\n","protected":false},"excerpt":{"rendered":"<p><span class=\"opis-proizvoda\"><i class=\"fa-solid fa-circle-check check-opis-proizvoda\"><\/i><strong>Pobolj\u0161anju imunog odgovora u borbi protiv virusa, bakterija i njihovih toksina<\/strong><\/span><br \/>\n<span class=\"opis-proizvoda\"><i class=\"fa-solid fa-circle-check check-opis-proizvoda\"><\/i>Predstavlja kombinaciju probiotske gljivice Saccharomyces boulardii i 1000 jedinica vitamina D3<\/span><br \/>\n<span class=\"opis-proizvoda\"><i class=\"fa-solid fa-circle-check check-opis-proizvoda\"><\/i>Ve\u0107oj stopi eradikacije i smanjenju broja ne\u017eeljenih reakcija tokom terapije Helicobacter Pylori infekcije<\/span><br \/>\n<span class=\"opis-proizvoda\"><i class=\"fa-solid fa-circle-check check-opis-proizvoda\"><\/i>a-TECH inovativno pakovanje obezbe\u0111uje potpunu za\u0161titu proizvoda od spolja\u0161njih faktora<\/span><br \/>\n<span class=\"opis-proizvoda\"><i class=\"fa-solid fa-circle-check check-opis-proizvoda\"><\/i> Kod ponavljanih bolni\u010dkih infekcija izazvanih bakterijom Clostridium difficile<\/span><\/p>\n","protected":false},"featured_media":234694,"comment_status":"open","ping_status":"closed","template":"","meta":{"_acf_changed":false},"product_brand":[],"product_cat":[320,127,72],"product_tag":[],"class_list":{"0":"post-234653","1":"product","2":"type-product","3":"status-publish","4":"has-post-thumbnail","6":"product_cat-creva-u-balansu","7":"product_cat-imunitet","8":"product_cat-probiotici","10":"first","11":"instock","12":"shipping-taxable","13":"purchasable","14":"product-type-simple"},"acf":[],"jetpack_sharing_enabled":true,"_links":{"self":[{"href":"https:\/\/abela.shop\/rs\/wp-json\/wp\/v2\/product\/234653","targetHints":{"allow":["GET"]}}],"collection":[{"href":"https:\/\/abela.shop\/rs\/wp-json\/wp\/v2\/product"}],"about":[{"href":"https:\/\/abela.shop\/rs\/wp-json\/wp\/v2\/types\/product"}],"replies":[{"embeddable":true,"href":"https:\/\/abela.shop\/rs\/wp-json\/wp\/v2\/comments?post=234653"}],"version-history":[{"count":0,"href":"https:\/\/abela.shop\/rs\/wp-json\/wp\/v2\/product\/234653\/revisions"}],"wp:featuredmedia":[{"embeddable":true,"href":"https:\/\/abela.shop\/rs\/wp-json\/wp\/v2\/media\/234694"}],"wp:attachment":[{"href":"https:\/\/abela.shop\/rs\/wp-json\/wp\/v2\/media?parent=234653"}],"wp:term":[{"taxonomy":"product_brand","embeddable":true,"href":"https:\/\/abela.shop\/rs\/wp-json\/wp\/v2\/product_brand?post=234653"},{"taxonomy":"product_cat","embeddable":true,"href":"https:\/\/abela.shop\/rs\/wp-json\/wp\/v2\/product_cat?post=234653"},{"taxonomy":"product_tag","embeddable":true,"href":"https:\/\/abela.shop\/rs\/wp-json\/wp\/v2\/product_tag?post=234653"}],"curies":[{"name":"wp","href":"https:\/\/api.w.org\/{rel}","templated":true}]}}