{"id":234657,"date":"2024-11-28T14:57:47","date_gmt":"2024-11-28T14:57:47","guid":{"rendered":"https:\/\/abela.shop\/rs\/?post_type=product&#038;p=234657"},"modified":"2026-04-29T12:01:06","modified_gmt":"2026-04-29T11:01:06","slug":"propomucil-sprej-za-nos-20-ml","status":"publish","type":"product","link":"https:\/\/abela.shop\/rs\/proizvod\/propomucil-sprej-za-nos-20-ml\/","title":{"rendered":"PropoMucil\u00ae SPREJ ZA NOS ZA DECU I ODRASLE, 20 ml"},"content":{"rendered":"<h2><strong>PropoMucil<sup>\u00ae <\/sup>SPREJ ZA NOS<\/strong> <strong>ZA DECU I ODRASLE<\/strong><\/h2>\n<p><strong>PropoMucil<sup>\u00ae <\/sup>SPREJ ZA NOS<\/strong> <strong>ZA DECU I ODRASLE<\/strong> je prirodni proizvod namenjen za olak\u0161avanje simptoma upaljene sluzoko\u017ee nosa, kao \u0161to su gust i viskozan sekret iz nosa i <a href=\"https:\/\/propomucil.rs\/zapusen-nos\/\" target=\"_blank\" rel=\"noopener\"><strong>zapu\u0161en nos<\/strong><\/a>, a koji se naj\u010de\u0161\u0107e javljaju kod prehlada i infekcija gornjeg respiratornog trakta.<\/p>\n<p>Sastojci <strong>PropoMucil<sup>\u00ae <\/sup><\/strong><strong>SPREJA ZA NOS<\/strong> <strong>ZA DECU I ODRASLE <\/strong>su &#8211; propolis bogat polifenolima, koji predstavlja prvu liniju odbrane protiv virusa i bakterija, poma\u017eu\u0107i u odr\u017eavanju optimalne funkcije imunolo\u0161kog sistema. Pored toga, propolis deluje umiruju\u0107e na ka\u0161alj, pru\u017eaju\u0107i olak\u0161anje od neprijatnih simptoma <a href=\"https:\/\/abela.shop\/rs\/proizvod\/propomucil-pretprehlada-5-kesica\/\"><strong>prehlade<\/strong><\/a>; i prirodni N-acetilcistein &#8211; sna\u017ean smanjuje viskoznost mukoznog sekreta, razla\u017ee i olak\u0161ava izbacivanje sekreta. Ima antibakterijsko delovanje protiv mnogih bakterija i poma\u017ee kod akutnih i hroni\u010dnih infekcija gornjih disajnih puteva.<\/p>\n<h2>Sastav proizvoda:<\/h2>\n<p>Pre\u010di\u0161\u0107ena voda, propilenglikol, sme\u0161a sa 20% ekstrakta suvog ekstrakta propolisa standardizovanog na 12% ukupnih polifenola i sa 20% N-acetilcisteina, benzil alkohol, dinatrijum fosfat dihidrat, etarsko ulje nane.<\/p>\n<h2>Na\u010din upotrebe:<\/h2>\n<p>Odrasli i deca starija od 12 godina: na 4-6 sati po 3 doze u svaku nozdrvu. Deca od 3 do 12 godina, na 6 sati po 2 doze u svaku nozdrvu. Pre upotrebe obavezno promu\u0107kati.<\/p>\n","protected":false},"excerpt":{"rendered":"<p><span class=\"opis-proizvoda\"><i class=\"fa-solid fa-circle-check check-opis-proizvoda\"><\/i><strong>Brzo i prirodno izbacite sekret iz nosa i prodi\u0161ete<\/strong><\/span><br \/>\n<span class=\"opis-proizvoda\"><i class=\"fa-solid fa-circle-check check-opis-proizvoda\"><\/i>Prirodni inovativni proizvod propolisa bogatog polifenolima sa prirodnim N-acetilcisteinom dokazano razla\u017ee sekret i izbacuje ga napolje<\/span><br \/>\n<span class=\"opis-proizvoda\"><i class=\"fa-solid fa-circle-check check-opis-proizvoda\"><\/i>Olak\u0161ava pritisak u sinusima<\/span><br \/>\n<span class=\"opis-proizvoda\"><i class=\"fa-solid fa-circle-check check-opis-proizvoda\"><\/i>Uklanja bakterija, viruse i gljivice iz nosa<\/span><br \/>\n<span class=\"opis-proizvoda\"><i class=\"fa-solid fa-circle-check check-opis-proizvoda\"><\/i>\u010cisti nos<\/span><\/p>\n","protected":false},"featured_media":234702,"comment_status":"open","ping_status":"closed","template":"","meta":{"_acf_changed":false},"product_brand":[],"product_cat":[73],"product_tag":[],"class_list":{"0":"post-234657","1":"product","2":"type-product","3":"status-publish","4":"has-post-thumbnail","6":"product_cat-respiratorni-sistem","8":"first","9":"instock","10":"shipping-taxable","11":"purchasable","12":"product-type-simple"},"acf":[],"jetpack_sharing_enabled":true,"_links":{"self":[{"href":"https:\/\/abela.shop\/rs\/wp-json\/wp\/v2\/product\/234657","targetHints":{"allow":["GET"]}}],"collection":[{"href":"https:\/\/abela.shop\/rs\/wp-json\/wp\/v2\/product"}],"about":[{"href":"https:\/\/abela.shop\/rs\/wp-json\/wp\/v2\/types\/product"}],"replies":[{"embeddable":true,"href":"https:\/\/abela.shop\/rs\/wp-json\/wp\/v2\/comments?post=234657"}],"version-history":[{"count":0,"href":"https:\/\/abela.shop\/rs\/wp-json\/wp\/v2\/product\/234657\/revisions"}],"wp:featuredmedia":[{"embeddable":true,"href":"https:\/\/abela.shop\/rs\/wp-json\/wp\/v2\/media\/234702"}],"wp:attachment":[{"href":"https:\/\/abela.shop\/rs\/wp-json\/wp\/v2\/media?parent=234657"}],"wp:term":[{"taxonomy":"product_brand","embeddable":true,"href":"https:\/\/abela.shop\/rs\/wp-json\/wp\/v2\/product_brand?post=234657"},{"taxonomy":"product_cat","embeddable":true,"href":"https:\/\/abela.shop\/rs\/wp-json\/wp\/v2\/product_cat?post=234657"},{"taxonomy":"product_tag","embeddable":true,"href":"https:\/\/abela.shop\/rs\/wp-json\/wp\/v2\/product_tag?post=234657"}],"curies":[{"name":"wp","href":"https:\/\/api.w.org\/{rel}","templated":true}]}}