{"id":234658,"date":"2024-11-28T14:57:47","date_gmt":"2024-11-28T14:57:47","guid":{"rendered":"https:\/\/abela.shop\/rs\/?post_type=product&#038;p=234658"},"modified":"2026-05-07T14:00:31","modified_gmt":"2026-05-07T13:00:31","slug":"propomucil-sprej-za-alergije-20-ml","status":"publish","type":"product","link":"https:\/\/abela.shop\/rs\/proizvod\/propomucil-sprej-za-alergije-20-ml\/","title":{"rendered":"PropoMucil\u00ae SPREJ ZA NOS za alergije, 20 ml"},"content":{"rendered":"<p><strong>PropoMucil<sup>\u00ae <\/sup>SPREJ ZA NOS za alergije<\/strong> je proizvod koji dokazano ima antialergijsko dejstvo. Obla\u017ee sluznicu gornjih disajnih puteva i tako stvara za\u0161titnu barijeru koja spre\u010dava vezivanje alergena. Smanjuje osloba\u0111anje histamina, koji se glavni pokreta\u010d alergijske reakcije i pojave simptoma <strong>alergije<\/strong> kao \u0161to su uporno kijanje u napadima, curenje i svrab nosa, za\u010depljen nos, ote\u017eano disanje i drugo.<\/p>\n<p><strong>PropoMucil<sup>\u00ae <\/sup>SPREJ ZA NOS za <a href=\"https:\/\/abela.shop\/rs\/proizvod\/immuno-gd-poly-60-kapsula\/\">alergije<\/a><\/strong> ima antialergijsko, antimikrobno, protivupalno i <a href=\"https:\/\/bivits.com\/proizvod\/alfa-lipoinska-kiselina-300\/\" target=\"_blank\" rel=\"noopener\"><strong>antioksidativno<\/strong><\/a> dejstvo. Poma\u017ee prohodnost i \u010di\u0161\u0107enje nosa!<\/p>\n<h2>Sastav proizvoda:<\/h2>\n<p>pre\u010di\u0161\u0107ena voda, glicerol, benzil alkohol, sme\u0161a sa 20% suvog ekstrakta propolisa standardizovanog na 12% ukupnih polifenola i sa 20% N acetilcisteina, etarsko ulje timijana, dinatrijum fosfat dihidrat, kvercetin, vitamin E, vitamin D3, etarsko ulje eukaliptusa.<\/p>\n<h2>Na\u010din upotrebe:<\/h2>\n<p>Odrasli i deca starija od 12 godina prsnuti 2 puta u svaku nozdrvu. Najvi\u0161e 6 puta u toku dana. Deca od 3 do 12 godina, prsnuti 2 puta u svaku nozdrvu. Najvi\u0161e 4 puta u toku dana. Pre upotrebe obavezno promu\u0107kati!<\/p>\n","protected":false},"excerpt":{"rendered":"<p><span class=\"opis-proizvoda\"><i class=\"fa-solid fa-circle-check check-opis-proizvoda\"><\/i><strong>Prirodno re\u0161enje za spre\u010davanje alergijske reakcije, curenje i svrab nosa<\/strong><\/span><br \/>\n<span class=\"opis-proizvoda\"><i class=\"fa-solid fa-circle-check check-opis-proizvoda\"><\/i>Mo\u0107na inovativna kombinacija propolisa uz N-acetil cistein, kvercetin i etarska ulja timijana i eukaliptusa sa vitaminom D olak\u0161ava i ubla\u017eava simptome alergija, curenje i svrab nosa<\/span><br \/>\n<span class=\"opis-proizvoda\"><i class=\"fa-solid fa-circle-check check-opis-proizvoda\"><\/i>Namenjen svim osobama podlo\u017enim alergenima (polen, grinja, \u017eivotinjska dlaka i dr.) iz vazduha<\/span><\/p>\n","protected":false},"featured_media":234704,"comment_status":"open","ping_status":"closed","template":"","meta":{"_acf_changed":false},"product_brand":[],"product_cat":[73],"product_tag":[],"class_list":{"0":"post-234658","1":"product","2":"type-product","3":"status-publish","4":"has-post-thumbnail","6":"product_cat-respiratorni-sistem","8":"first","9":"instock","10":"shipping-taxable","11":"purchasable","12":"product-type-simple"},"acf":[],"jetpack_sharing_enabled":true,"_links":{"self":[{"href":"https:\/\/abela.shop\/rs\/wp-json\/wp\/v2\/product\/234658","targetHints":{"allow":["GET"]}}],"collection":[{"href":"https:\/\/abela.shop\/rs\/wp-json\/wp\/v2\/product"}],"about":[{"href":"https:\/\/abela.shop\/rs\/wp-json\/wp\/v2\/types\/product"}],"replies":[{"embeddable":true,"href":"https:\/\/abela.shop\/rs\/wp-json\/wp\/v2\/comments?post=234658"}],"version-history":[{"count":0,"href":"https:\/\/abela.shop\/rs\/wp-json\/wp\/v2\/product\/234658\/revisions"}],"wp:featuredmedia":[{"embeddable":true,"href":"https:\/\/abela.shop\/rs\/wp-json\/wp\/v2\/media\/234704"}],"wp:attachment":[{"href":"https:\/\/abela.shop\/rs\/wp-json\/wp\/v2\/media?parent=234658"}],"wp:term":[{"taxonomy":"product_brand","embeddable":true,"href":"https:\/\/abela.shop\/rs\/wp-json\/wp\/v2\/product_brand?post=234658"},{"taxonomy":"product_cat","embeddable":true,"href":"https:\/\/abela.shop\/rs\/wp-json\/wp\/v2\/product_cat?post=234658"},{"taxonomy":"product_tag","embeddable":true,"href":"https:\/\/abela.shop\/rs\/wp-json\/wp\/v2\/product_tag?post=234658"}],"curies":[{"name":"wp","href":"https:\/\/api.w.org\/{rel}","templated":true}]}}