{"id":234661,"date":"2024-11-28T14:57:48","date_gmt":"2024-11-28T14:57:48","guid":{"rendered":"https:\/\/abela.shop\/rs\/?post_type=product&#038;p=234661"},"modified":"2026-04-30T06:59:59","modified_gmt":"2026-04-30T05:59:59","slug":"propomucil-sprej-za-grlo-za-decu-i-odrasle-20-ml","status":"publish","type":"product","link":"https:\/\/abela.shop\/rs\/proizvod\/propomucil-sprej-za-grlo-za-decu-i-odrasle-20-ml\/","title":{"rendered":"PropoMucil\u00ae sprej za grlo za decu i odrasle, 20 ml"},"content":{"rendered":"<p><strong>Propomucil<sup>\u00ae <\/sup>sprej za grlo za decu i odrasle<\/strong>, sprej za oralnu upotrebu je dodatak ishrani sa propolisom bogatim polifenolima i prirodno fermentisanim <a href=\"https:\/\/abela.shop\/rs\/proizvod\/propomucil-pretprehlada-5-kesica\/\"><strong>N-acetilcisteinom<\/strong><\/a>. Sinergijskim dejstvom svojih sastojaka dokazano smanjuje bol i upalu grla, obla\u017ee i \u0161titi sluzoko\u017eu grla, poma\u017ee uklanjanju virusa, bakterija i gljivica i poma\u017ee re\u0161avanju <a href=\"https:\/\/propomucil.rs\/grlo\/\" target=\"_blank\" rel=\"noopener\"><strong>problema afti u ustima<\/strong><\/a>.<\/p>\n<h2>Sastav proizvoda:<\/h2>\n<p>sme\u0161a 20% suvog ekstrakta propolisa standardizovanog na 12% ukupnih polifenola i 20% N-acetilcisteina, regulator kiselosti: natrijum citrat, aroma pomorad\u017ee, limunska kiselina, konzervans: kalijum sorbat, humektant: glicerol, pre\u010di\u0161\u0107ena voda.<\/p>\n<h2>Na\u010din upotrebe:<\/h2>\n<p>Odrasli i deca starija od 12 godina: po 2 raspr\u0161ivanja 5-6 puta dnevno u usnu duplju. Deca od 3 do 12 godina: po 2 raspr\u0161ivanja 2-3 puta dnevno u usnu duplju. Iz higijenskih razloga svaka osoba bi trebalo da koristi svoju bo\u010dicu spreja. Pre upotrebe promu\u0107kati!<\/p>\n","protected":false},"excerpt":{"rendered":"<p><span class=\"opis-proizvoda\"><i class=\"fa-solid fa-circle-check check-opis-proizvoda\"><\/i><strong>Prva pomo\u0107 kad grlo zagrebe<\/strong><\/span><br \/>\n<span class=\"opis-proizvoda\"><i class=\"fa-solid fa-circle-check check-opis-proizvoda\"><\/i>Potpuno prirodan proizvod na bazi propolisa bogatog polifenolima i prirodnog N-acetilcisteina koji dokazano poma\u017ee da se brzo re\u0161ite bola, upale, promuklosti i sekreta u grlu i \u017edrelu<\/span><br \/>\n<span class=\"opis-proizvoda\"><i class=\"fa-solid fa-circle-check check-opis-proizvoda\"><\/i>Pogodan za upotrebu za decu i odrasle<\/span><br \/>\n<span class=\"opis-proizvoda\"><i class=\"fa-solid fa-circle-check check-opis-proizvoda\"><\/i>Kada grlo zaka\u017ee, PropoMucil\u00ae poma\u017ee<\/span><\/p>\n","protected":false},"featured_media":234710,"comment_status":"open","ping_status":"closed","template":"","meta":{"_acf_changed":false},"product_brand":[],"product_cat":[73],"product_tag":[],"class_list":{"0":"post-234661","1":"product","2":"type-product","3":"status-publish","4":"has-post-thumbnail","6":"product_cat-respiratorni-sistem","8":"first","9":"instock","10":"shipping-taxable","11":"purchasable","12":"product-type-simple"},"acf":[],"jetpack_sharing_enabled":true,"_links":{"self":[{"href":"https:\/\/abela.shop\/rs\/wp-json\/wp\/v2\/product\/234661","targetHints":{"allow":["GET"]}}],"collection":[{"href":"https:\/\/abela.shop\/rs\/wp-json\/wp\/v2\/product"}],"about":[{"href":"https:\/\/abela.shop\/rs\/wp-json\/wp\/v2\/types\/product"}],"replies":[{"embeddable":true,"href":"https:\/\/abela.shop\/rs\/wp-json\/wp\/v2\/comments?post=234661"}],"version-history":[{"count":0,"href":"https:\/\/abela.shop\/rs\/wp-json\/wp\/v2\/product\/234661\/revisions"}],"wp:featuredmedia":[{"embeddable":true,"href":"https:\/\/abela.shop\/rs\/wp-json\/wp\/v2\/media\/234710"}],"wp:attachment":[{"href":"https:\/\/abela.shop\/rs\/wp-json\/wp\/v2\/media?parent=234661"}],"wp:term":[{"taxonomy":"product_brand","embeddable":true,"href":"https:\/\/abela.shop\/rs\/wp-json\/wp\/v2\/product_brand?post=234661"},{"taxonomy":"product_cat","embeddable":true,"href":"https:\/\/abela.shop\/rs\/wp-json\/wp\/v2\/product_cat?post=234661"},{"taxonomy":"product_tag","embeddable":true,"href":"https:\/\/abela.shop\/rs\/wp-json\/wp\/v2\/product_tag?post=234661"}],"curies":[{"name":"wp","href":"https:\/\/api.w.org\/{rel}","templated":true}]}}