{"id":234663,"date":"2024-11-28T14:57:49","date_gmt":"2024-11-28T14:57:49","guid":{"rendered":"https:\/\/abela.shop\/rs\/?post_type=product&#038;p=234663"},"modified":"2026-04-20T12:59:40","modified_gmt":"2026-04-20T11:59:40","slug":"propomucil-sa-medom-za-odrasle-120-ml","status":"publish","type":"product","link":"https:\/\/abela.shop\/rs\/proizvod\/propomucil-sa-medom-za-odrasle-120-ml\/","title":{"rendered":"PropoMucil\u00ae za ODRASLE, 120 ml"},"content":{"rendered":"<p><strong>PropoMucil<sup>\u00ae<\/sup> za ODRASLE<\/strong>\u00a0rastvor za oralnu upotrebu je dodatak ishrani sa medom, ekstraktima belog sleza, jagor\u010devine, nane, propolisa bogatim polifenolima i prirodno fermentisanim N-acetilcisteinom namenjen zdravlju gornjeg respiratornog trakta. <strong>PropoMucil<sup>\u00ae <\/sup><\/strong><strong>za ODRASLE<\/strong> svojim bogatim sastavom poma\u017ee efikasnom <a href=\"https:\/\/propomucil.rs\/kasalj\/\" target=\"_blank\" rel=\"noopener\"><strong>razlaganju sekreta<\/strong><\/a>, izbacivanju sekreta iz disajnih puteva, smanjuje simptome upale disajnih puteva i ja\u010da<a href=\"https:\/\/abela.shop\/rs\/proizvod\/bivits-activa-immunity-booster-30-kesica\/\"><strong> op\u0161ti imunitet<\/strong> <\/a>u borbi sa respiratornim infekcijama.<\/p>\n<h2>Sastav proizvoda:<\/h2>\n<p>fruktoza, pre\u010di\u0161\u0107ena voda, ekstrakt korena belog sleza, med, sme\u0161a ekstrakta propolisa i N-acetilcisteina, ekstrakt korena jagor\u010devine, ekstrakt lista nane, boja: karamel amonija\u010dno sulfitni, regulator kiselosti: natrijum hidrogen karbonat, konzervans; natrijum benzoat, aroma meda.<\/p>\n<h2>Na\u010din upotrebe:<\/h2>\n<p>Odrasli i deca starija 3 godine 3-4 puta dnevno po 12 ml, posle obroka. Grgoljiti u ustima i progutati. Deca od 6 do 12 godina 2-3 puta dnevno po 12 ml, posle obroka. Grgoljiti u ustima i progutati. Rok upotrebe proizvoda nakon otvaranja je 15 dana. Pre upotrebe promu\u0107kati.<\/p>\n<h2>Napomena:<\/h2>\n<p>Proizvod je karakteristi\u010dnog ukusa i mirisa. Dodaci ishrani se ne mogu koristiti kao zamena za raznovrsnu i uravnote\u017eenu ishranu i zdrav na\u010din \u017eivota. \u010cuvati van doma\u0161aja dece.<\/p>\n<h2>Upozorenja:<\/h2>\n<p>Preporu\u010dene dnevne doze se ne smeju prekora\u010diti. Proizvod ne treba da uzimaju osobe preosetljive na neki od sastojaka prozvoda, kao ni osobe alergi\u010dne na med, propolis i p\u010delinje proizvode, osobe sa \u010dirom na \u017eelucu i dvanaestopala\u010dnom crevu, kao ni osobe koje boluju od astme, akutnog opstruktivnog laringitisa, gastritisa, kamena u \u017eu\u010dnoj kesi i \u017eu\u010dnim putevima. Ne preporu\u010duje se primena ovog proizvoda kod trudno\u0107a, dojilja i dece mla\u0111e od 6 godina. Oralne antibiotike treba primenjivati u razmaku od najmanje 2 sata pre upotrebe PropoMucil\u00ae sa medom za odrasle. Ukoliko se proizvod istovremeno primenjuje sa lekom nitroglicerinom, mogu\u0107e je pojava glavobolje kao ne\u017eeljenog dejstva. Proizvod sadr\u017ei 3.8 % vol alkohola (etanola).<\/p>\n","protected":false},"excerpt":{"rendered":"<p><span class=\"opis-proizvoda\"><i class=\"fa-solid fa-circle-check check-opis-proizvoda\"><\/i><strong>Prva preporuka za re\u0161enje problema ka\u0161lja i gustog sekreta kod odraslih osoba<\/strong><\/span><br \/>\n<span class=\"opis-proizvoda\"><i class=\"fa-solid fa-circle-check check-opis-proizvoda\"><\/i>Jedinstvena kombinacija propolisa bogatog polifenolima sa prirodnim N-acetilcisteinom uz dodatak meda, ekstrakta belog sleza i jagor\u010devine i nane<\/span><br \/>\n<span class=\"opis-proizvoda\"><i class=\"fa-solid fa-circle-check check-opis-proizvoda\"><\/i>Dokazano poma\u017ee u izbacivanju sekreta iz disajnih puteva kod odraslih<\/span><br \/>\n<span class=\"opis-proizvoda\"><i class=\"fa-solid fa-circle-check check-opis-proizvoda\"><\/i>Olak\u0161ava disanje<\/span><br \/>\n<span class=\"opis-proizvoda\"><i class=\"fa-solid fa-circle-check check-opis-proizvoda\"><\/i>Smanjuje upalu<\/span><\/p>\n<p>&nbsp;<\/p>\n","protected":false},"featured_media":234714,"comment_status":"open","ping_status":"closed","template":"","meta":{"_acf_changed":false},"product_brand":[],"product_cat":[73],"product_tag":[],"class_list":{"0":"post-234663","1":"product","2":"type-product","3":"status-publish","4":"has-post-thumbnail","6":"product_cat-respiratorni-sistem","8":"first","9":"instock","10":"shipping-taxable","11":"purchasable","12":"product-type-simple"},"acf":[],"jetpack_sharing_enabled":true,"_links":{"self":[{"href":"https:\/\/abela.shop\/rs\/wp-json\/wp\/v2\/product\/234663","targetHints":{"allow":["GET"]}}],"collection":[{"href":"https:\/\/abela.shop\/rs\/wp-json\/wp\/v2\/product"}],"about":[{"href":"https:\/\/abela.shop\/rs\/wp-json\/wp\/v2\/types\/product"}],"replies":[{"embeddable":true,"href":"https:\/\/abela.shop\/rs\/wp-json\/wp\/v2\/comments?post=234663"}],"version-history":[{"count":18,"href":"https:\/\/abela.shop\/rs\/wp-json\/wp\/v2\/product\/234663\/revisions"}],"predecessor-version":[{"id":247748,"href":"https:\/\/abela.shop\/rs\/wp-json\/wp\/v2\/product\/234663\/revisions\/247748"}],"wp:featuredmedia":[{"embeddable":true,"href":"https:\/\/abela.shop\/rs\/wp-json\/wp\/v2\/media\/234714"}],"wp:attachment":[{"href":"https:\/\/abela.shop\/rs\/wp-json\/wp\/v2\/media?parent=234663"}],"wp:term":[{"taxonomy":"product_brand","embeddable":true,"href":"https:\/\/abela.shop\/rs\/wp-json\/wp\/v2\/product_brand?post=234663"},{"taxonomy":"product_cat","embeddable":true,"href":"https:\/\/abela.shop\/rs\/wp-json\/wp\/v2\/product_cat?post=234663"},{"taxonomy":"product_tag","embeddable":true,"href":"https:\/\/abela.shop\/rs\/wp-json\/wp\/v2\/product_tag?post=234663"}],"curies":[{"name":"wp","href":"https:\/\/api.w.org\/{rel}","templated":true}]}}