{"id":234664,"date":"2024-11-28T14:57:49","date_gmt":"2024-11-28T14:57:49","guid":{"rendered":"https:\/\/abela.shop\/rs\/?post_type=product&#038;p=234664"},"modified":"2026-04-29T10:00:44","modified_gmt":"2026-04-29T09:00:44","slug":"propomucil-za-decu-120-ml","status":"publish","type":"product","link":"https:\/\/abela.shop\/rs\/proizvod\/propomucil-za-decu-120-ml\/","title":{"rendered":"PropoMucil\u00ae za DECU, 120 ml"},"content":{"rendered":"<p><strong>PropoMucil<sup>\u00ae <\/sup>za DECU<\/strong>, rastvor za oralnu upotrebu je dodatak ishrani sa medom, sa ekstraktima belog sleza i \u0161ipurka, propolisa bogatim polifenolima i prirodno fermentisanim N-acetilcisteinom namenjen unapre\u0111enju zdravlja gornjeg respiratornog trakta kod dece.<\/p>\n<p><strong>PropoMucil<sup>\u00ae <\/sup>za DECU<\/strong> svojim bogatim sastavom poma\u017ee efikasnom razlaganju sekreta, <strong><a href=\"https:\/\/herbiko.com\/\" target=\"_blank\" rel=\"noopener\">izbacivanju sekreta iz disajnih puteva<\/a>,<\/strong> smanjuje simptome upale disajnih puteva i ja\u010da <a href=\"https:\/\/abela.shop\/rs\/proizvod\/bivits-activa-immunity-junior-60-tableta-za-zvakanje\/\"><strong>op\u0161ti imunitet dece<\/strong><\/a> u borbi sa respiratornim infekcijama.<\/p>\n<h2>Sastav proizvoda:<\/h2>\n<p>fruktoza, pre\u010di\u0161\u0107ena voda, te\u010dni ekstrakt korena belog sleza, med, sme\u0161a ekstrakta propolisa i N-acetilcisteina, te\u010dni ekstrakt ploda \u0161ipurka, boja: karamel amonija\u010dno sulfitni, regulator kiselosti: natrijum hidrogen karbonat, konzervans; natrijum benzoat, aroma pomorand\u017ee.<\/p>\n<h2>Na\u010din upotrebe:<\/h2>\n<p>Deca 3-6 godina 2-3 puta dnevno po 12 ml, posle obroka. Grgoljiti u ustima i \u017erelu i progutati. Deca od 6 do 12 godina 3-4 puta dnevno po 12 ml, posle obroka. Grgoljiti u ustima i progutati. Rok upotrebe proizvoda nakon otvaranja je 15 dana. Pre upotrebe promu\u0107kati.<\/p>\n","protected":false},"excerpt":{"rendered":"<p><span class=\"opis-proizvoda\"><i class=\"fa-solid fa-circle-check check-opis-proizvoda\"><\/i><strong>Prva preporuka za re\u0161enje problema ka\u0161lja i gustog sekreta kod dece<\/strong><\/span><br \/>\n<span class=\"opis-proizvoda\"><i class=\"fa-solid fa-circle-check check-opis-proizvoda\"><\/i>Jedinstvena kombinacija propolisa bogatog polifenolima sa prirodnim N-acetilcisteinom uz dodatak meda, ekstrakta belog sleza i \u0161ipurka<\/span><br \/>\n<span class=\"opis-proizvoda\"><i class=\"fa-solid fa-circle-check check-opis-proizvoda\"><\/i>Dokazano poma\u017ee u izbacivanju sekreta iz disajnih puteva kod dece<\/span><br \/>\n<span class=\"opis-proizvoda\"><i class=\"fa-solid fa-circle-check check-opis-proizvoda\"><\/i>Olak\u0161ava disanje<\/span><br \/>\n<span class=\"opis-proizvoda\"><i class=\"fa-solid fa-circle-check check-opis-proizvoda\"><\/i>Smanjuje upalu<\/span><\/p>\n","protected":false},"featured_media":234716,"comment_status":"open","ping_status":"closed","template":"","meta":{"_acf_changed":false},"product_brand":[],"product_cat":[73],"product_tag":[],"class_list":{"0":"post-234664","1":"product","2":"type-product","3":"status-publish","4":"has-post-thumbnail","6":"product_cat-respiratorni-sistem","8":"first","9":"instock","10":"shipping-taxable","11":"purchasable","12":"product-type-simple"},"acf":[],"jetpack_sharing_enabled":true,"_links":{"self":[{"href":"https:\/\/abela.shop\/rs\/wp-json\/wp\/v2\/product\/234664","targetHints":{"allow":["GET"]}}],"collection":[{"href":"https:\/\/abela.shop\/rs\/wp-json\/wp\/v2\/product"}],"about":[{"href":"https:\/\/abela.shop\/rs\/wp-json\/wp\/v2\/types\/product"}],"replies":[{"embeddable":true,"href":"https:\/\/abela.shop\/rs\/wp-json\/wp\/v2\/comments?post=234664"}],"version-history":[{"count":0,"href":"https:\/\/abela.shop\/rs\/wp-json\/wp\/v2\/product\/234664\/revisions"}],"wp:featuredmedia":[{"embeddable":true,"href":"https:\/\/abela.shop\/rs\/wp-json\/wp\/v2\/media\/234716"}],"wp:attachment":[{"href":"https:\/\/abela.shop\/rs\/wp-json\/wp\/v2\/media?parent=234664"}],"wp:term":[{"taxonomy":"product_brand","embeddable":true,"href":"https:\/\/abela.shop\/rs\/wp-json\/wp\/v2\/product_brand?post=234664"},{"taxonomy":"product_cat","embeddable":true,"href":"https:\/\/abela.shop\/rs\/wp-json\/wp\/v2\/product_cat?post=234664"},{"taxonomy":"product_tag","embeddable":true,"href":"https:\/\/abela.shop\/rs\/wp-json\/wp\/v2\/product_tag?post=234664"}],"curies":[{"name":"wp","href":"https:\/\/api.w.org\/{rel}","templated":true}]}}