{"id":234671,"date":"2024-11-28T14:57:51","date_gmt":"2024-11-28T14:57:51","guid":{"rendered":"https:\/\/abela.shop\/rs\/?post_type=product&#038;p=234671"},"modified":"2026-04-30T08:00:03","modified_gmt":"2026-04-30T07:00:03","slug":"propomucil-pastile-forest-berry-12-pastila","status":"publish","type":"product","link":"https:\/\/abela.shop\/rs\/proizvod\/propomucil-pastile-forest-berry-12-pastila\/","title":{"rendered":"PropoMucil\u00ae pastile Forest berry, 12 pastila"},"content":{"rendered":"<p><strong>PropoMucil<sup>\u00ae <\/sup>pastile Forest berry<\/strong> je dodatak ishrani sa propolisom, N-acetilcisteinom, <a href=\"https:\/\/abela.shop\/rs\/proizvod\/bivits-activa-vitamin-c-1000-acerola-60-tableta\/\"><strong>vitaminom C<\/strong><\/a> i cinkom. Svojim bogatim sastavom poma\u017eu kod bola i upale grla, raznih iritacija grla, oporavka kod afti, obnavljaju sluzoko\u017eu usta i poma\u017eu kod <a href=\"https:\/\/propomucil.rs\/glas\/\" target=\"_blank\" rel=\"noopener\"><strong>gubitka glasa<\/strong><\/a>.<br \/>\nEkstra propolis unapre\u0111uje efikasnost proizvoda, pru\u017eaju\u0107i dodatnu podr\u0161ku antimikrobnim i antioksidativnim svojstvima i sna\u017eno deluju protiv virusa. Prirodni N-acetilcistein: smanjuje stvaranje bakterijskog biofilma \u010dime omogu\u0107ava da propolis deluje antimikrobno- protiv virusa i bakterija. Vitamin C donosi antioksidativnu mo\u0107 koja poma\u017ee u za\u0161titi \u0107elija od o\u0161te\u0107enja i doprinosi op\u0161tem zdravlju organizma. Cink doprinosi ja\u010danju imunolo\u0161kog sistema, pru\u017eaju\u0107i dodatnu za\u0161titu od infekcija i podr\u017eavaju\u0107i op\u0161te zdravlje.<\/p>\n<h2>Sastav proizvoda:<\/h2>\n<p>ekstrakt propolisa, N-acetilcistein, vitamin C (L-askorbinska kiselina), cink-citrat, limunska kiselina, aroma \u0161umskog vo\u0107a, koncentrat soka crne \u0161argarepe, zasla\u0111iva\u010di sorbitol, maltitol, sukraloza, acesulfam K, zgu\u0161njiva\u010d: arapska guma; pre\u010di\u0161\u0107ena voda, sredstvo za glaziranje: p\u010delinji vosak.<\/p>\n<h2>Na\u010din upotrebe:<\/h2>\n<p>Odrasli i deca starija od 12 godina: 4-6 pastila u toku dana otopiti u ustima. Deca od 3 do 12 godina: 2-3 pastile u toku dana otopiti u ustima.<\/p>\n","protected":false},"excerpt":{"rendered":"<p>Prva pomo\u0107 za grlo sa ukusom \u0161umskog vo\u0107a.<br \/>\nSvojim bogatim sastavom &#8211; prirodnim N-acetilcisteinom i dodatnim ekstra propolisom, oboga\u0107enim cinkom i vitaminom C sa ukusom \u0161umskog vo\u0107a poma\u017eu:<\/p>\n<p><span class=\"opis-proizvoda\"><i class=\"fa-solid fa-circle-check check-opis-proizvoda\"><\/i><strong>kod bola i upale grla<\/strong><\/span><br \/>\n<span class=\"opis-proizvoda\"><i class=\"fa-solid fa-circle-check check-opis-proizvoda\"><\/i>raznih iritacija grla<\/span><br \/>\n<span class=\"opis-proizvoda\"><i class=\"fa-solid fa-circle-check check-opis-proizvoda\"><\/i>oporavka kod afti<\/span><br \/>\n<span class=\"opis-proizvoda\"><i class=\"fa-solid fa-circle-check check-opis-proizvoda\"><\/i>obnavljaju sluzoko\u017eu usta<\/span><br \/>\n<span class=\"opis-proizvoda\"><i class=\"fa-solid fa-circle-check check-opis-proizvoda\"><\/i>poma\u017eu kod gubitka glasa<\/span><\/p>\n","protected":false},"featured_media":260420,"comment_status":"open","ping_status":"closed","template":"","meta":{"_acf_changed":false},"product_brand":[],"product_cat":[73],"product_tag":[],"class_list":{"0":"post-234671","1":"product","2":"type-product","3":"status-publish","4":"has-post-thumbnail","6":"product_cat-respiratorni-sistem","8":"first","9":"instock","10":"sale","11":"shipping-taxable","12":"purchasable","13":"product-type-simple"},"acf":[],"jetpack_sharing_enabled":true,"_links":{"self":[{"href":"https:\/\/abela.shop\/rs\/wp-json\/wp\/v2\/product\/234671","targetHints":{"allow":["GET"]}}],"collection":[{"href":"https:\/\/abela.shop\/rs\/wp-json\/wp\/v2\/product"}],"about":[{"href":"https:\/\/abela.shop\/rs\/wp-json\/wp\/v2\/types\/product"}],"replies":[{"embeddable":true,"href":"https:\/\/abela.shop\/rs\/wp-json\/wp\/v2\/comments?post=234671"}],"version-history":[{"count":0,"href":"https:\/\/abela.shop\/rs\/wp-json\/wp\/v2\/product\/234671\/revisions"}],"wp:featuredmedia":[{"embeddable":true,"href":"https:\/\/abela.shop\/rs\/wp-json\/wp\/v2\/media\/260420"}],"wp:attachment":[{"href":"https:\/\/abela.shop\/rs\/wp-json\/wp\/v2\/media?parent=234671"}],"wp:term":[{"taxonomy":"product_brand","embeddable":true,"href":"https:\/\/abela.shop\/rs\/wp-json\/wp\/v2\/product_brand?post=234671"},{"taxonomy":"product_cat","embeddable":true,"href":"https:\/\/abela.shop\/rs\/wp-json\/wp\/v2\/product_cat?post=234671"},{"taxonomy":"product_tag","embeddable":true,"href":"https:\/\/abela.shop\/rs\/wp-json\/wp\/v2\/product_tag?post=234671"}],"curies":[{"name":"wp","href":"https:\/\/api.w.org\/{rel}","templated":true}]}}