{"id":234733,"date":"2024-11-28T14:58:14","date_gmt":"2024-11-28T14:58:14","guid":{"rendered":"https:\/\/abela.shop\/rs\/?post_type=product&#038;p=234733"},"modified":"2026-04-30T08:00:01","modified_gmt":"2026-04-30T07:00:01","slug":"herbiko-za-decu-125-ml","status":"publish","type":"product","link":"https:\/\/abela.shop\/rs\/proizvod\/herbiko-za-decu-125-ml\/","title":{"rendered":"HERBIKO\u00ae ZA DECU, 125 ml"},"content":{"rendered":"<h2><strong>HERBIKO<sup>\u00ae <\/sup>ZA DECU<\/strong><\/h2>\n<p><strong>HERBIKO<sup>\u00ae <\/sup>ZA DECU<\/strong> je dodatak ishrani sa ekstraktima korena belog sleza, cveta kamilice, ploda \u0161ipurka i lista bosiljka, namenjen primeni kod dece sa simptomima prehlade i gripa koje prati <a href=\"https:\/\/propomucil.rs\/kasalj\/\" target=\"_blank\" rel=\"noopener\"><strong>ka\u0161alj<\/strong><\/a>, suvi ili produktivni. Ima petostruko dejstvo protiv ka\u0161lja kod dece: smiruje napade ka\u0161lja, razre\u0111uje sekret, poma\u017ee izbacivanje sekreta, otvara bronhije i olak\u0161ava disanje, obla\u017ee sluzoko\u017eu i umiruje upalu disajnih puteva.<\/p>\n<p>Beli slez ima antibakterijska svojstva, obla\u017ee sluzoko\u017eu \u017edrela, \u0161titi je od nadra\u017eaja i umiruje ka\u0161alj. Kamilica deluje protivupalno, antisepti\u010dno i antibakterijski, smanjuje iritacije na sluznicama disajnih puteva. Bosiljak ima antimikrobno dejstvo, spre\u010dava razvoj infekcija, relaksira bronhije i olak\u0161ava iska\u0161ljavanje. \u0160ipurak je prirodni <a href=\"https:\/\/abela.shop\/rs\/proizvod\/bivits-activa-vitamin-c-1000-acerola-60-tableta\/\"><strong>vitamin C<\/strong><\/a> i koristi se za podizanje otpornosti i spre\u010davanje razvoja infekcija.<\/p>\n<h2>Sastav proizvoda:<\/h2>\n<p>Te\u010dni ekstrakt korena belog sleza, te\u010dni ekstrakt cvasti kamilice, te\u010dni ekstrakt ploda \u0161ipurka, te\u010dni ekstrakt lista bosiljka, saharoza, pre\u010di\u0161\u0107ena voda, konzervans: natrijum benzoat.<\/p>\n<h2>Na\u010din upotrebe:<\/h2>\n<p>Deca od 6 do 18 godina: Tri puta dnevno po jednu malu ka\u0161iku (5 ml). Doza se mo\u017ee odmeriti i prilo\u017eenom graduisanom mericom. Pre upotrebe promu\u0107kati!<\/p>\n","protected":false},"excerpt":{"rendered":"<p><span class=\"opis-proizvoda\"><i class=\"fa-solid fa-circle-check check-opis-proizvoda\"><\/i><strong>razre\u0111uje sekret<\/strong><\/span><br \/>\n<span class=\"opis-proizvoda\"><i class=\"fa-solid fa-circle-check check-opis-proizvoda\"><\/i>poma\u017ee izbacivanje sekreta<\/span><br \/>\n<span class=\"opis-proizvoda\"><i class=\"fa-solid fa-circle-check check-opis-proizvoda\"><\/i>spre\u010dava napade ka\u0161lja<\/span><br \/>\n<span class=\"opis-proizvoda\"><i class=\"fa-solid fa-circle-check check-opis-proizvoda\"><\/i>otvara bronhije<\/span><br \/>\n<span class=\"opis-proizvoda\"><i class=\"fa-solid fa-circle-check check-opis-proizvoda\"><\/i>obla\u017ee sluzoko\u017eu<\/span><br \/>\n<span class=\"opis-proizvoda\"><i class=\"fa-solid fa-circle-check check-opis-proizvoda\"><\/i>umiruje upale disajnih puteva<\/span><\/p>\n","protected":false},"featured_media":239410,"comment_status":"open","ping_status":"closed","template":"","meta":{"_acf_changed":false},"product_brand":[],"product_cat":[73],"product_tag":[],"class_list":{"0":"post-234733","1":"product","2":"type-product","3":"status-publish","4":"has-post-thumbnail","6":"product_cat-respiratorni-sistem","8":"first","9":"instock","10":"shipping-taxable","11":"purchasable","12":"product-type-simple"},"acf":[],"jetpack_sharing_enabled":true,"_links":{"self":[{"href":"https:\/\/abela.shop\/rs\/wp-json\/wp\/v2\/product\/234733","targetHints":{"allow":["GET"]}}],"collection":[{"href":"https:\/\/abela.shop\/rs\/wp-json\/wp\/v2\/product"}],"about":[{"href":"https:\/\/abela.shop\/rs\/wp-json\/wp\/v2\/types\/product"}],"replies":[{"embeddable":true,"href":"https:\/\/abela.shop\/rs\/wp-json\/wp\/v2\/comments?post=234733"}],"version-history":[{"count":0,"href":"https:\/\/abela.shop\/rs\/wp-json\/wp\/v2\/product\/234733\/revisions"}],"wp:featuredmedia":[{"embeddable":true,"href":"https:\/\/abela.shop\/rs\/wp-json\/wp\/v2\/media\/239410"}],"wp:attachment":[{"href":"https:\/\/abela.shop\/rs\/wp-json\/wp\/v2\/media?parent=234733"}],"wp:term":[{"taxonomy":"product_brand","embeddable":true,"href":"https:\/\/abela.shop\/rs\/wp-json\/wp\/v2\/product_brand?post=234733"},{"taxonomy":"product_cat","embeddable":true,"href":"https:\/\/abela.shop\/rs\/wp-json\/wp\/v2\/product_cat?post=234733"},{"taxonomy":"product_tag","embeddable":true,"href":"https:\/\/abela.shop\/rs\/wp-json\/wp\/v2\/product_tag?post=234733"}],"curies":[{"name":"wp","href":"https:\/\/api.w.org\/{rel}","templated":true}]}}