{"id":234737,"date":"2024-11-28T14:58:15","date_gmt":"2024-11-28T14:58:15","guid":{"rendered":"https:\/\/abela.shop\/rs\/?post_type=product&#038;p=234737"},"modified":"2026-04-30T08:00:00","modified_gmt":"2026-04-30T07:00:00","slug":"propomucil-extra-strong-sprej-za-nos-20-ml","status":"publish","type":"product","link":"https:\/\/abela.shop\/rs\/proizvod\/propomucil-extra-strong-sprej-za-nos-20-ml\/","title":{"rendered":"PropoMucil\u00ae extra strong sprej za nos, 20 ml"},"content":{"rendered":"<h2><strong>Propomucil<sup>\u00ae<\/sup> extra strong sprej za nos<\/strong><\/h2>\n<p><strong>Propomucil<sup>\u00ae<\/sup> extra strong sprej za nos<\/strong> namenjen je za olak\u0161avanje simptoma upaljene sluzoko\u017ee nosa, kao \u0161to su gust i viskozan sekret iz nosa i veoma zapu\u0161en nos, a koji se naj\u010de\u0161\u0107e javljaju kod <a href=\"https:\/\/abela.shop\/rs\/proizvod\/propomucil-pretprehlada-5-kesica\/\"><strong>prehlada<\/strong><\/a> i infekcija gornjeg respiratornog trakta.<\/p>\n<p><strong>PropoMucil<sup>\u00ae<\/sup> extra strong sprej za nos<\/strong> putem kombinacije inovativnih sastojaka propolisa bogatog polifenolima i <a href=\"https:\/\/bivits.com\/proizvod\/recovery\/\" target=\"_blank\" rel=\"noopener\"><strong>prirodnog N-acetilcisteina<\/strong><\/a> deluje antimikrobno i protivupalno na bakterijske infekcije gornjih disajnih puteva, i smanjuje viskozitet sluzi (mukusa). Pored toga, taninska kiselina u sastavu proizvoda deluje adstringentno, tj. talo\u017ei proteine iz sluzi i povr\u0161inskog sloja sluzoko\u017ee, \u010dime je dodatno olak\u0161ano odstranjivanje pove\u0107ane koli\u010dine sekreta iz nosa.<\/p>\n<p><strong>PropoMucil<sup>\u00ae<\/sup> extra strong sprej za nos poma\u017ee da se:<\/strong><\/p>\n<p>Za ja\u010du zapu\u0161enost nosa i disajnih puteva u pomo\u0107 sti\u017ee ekstra sna\u017ean Propomucil\u00ae sprej za nos extra strong!<br \/>\nBrzo i na prirodan na\u010din otpu\u0161ite disajne puteve, izbacite sekret iz nosa i prodi\u0161ite!<br \/>\nPropoMucil\u00ae extra strong sprej za nos pored propolisa bogatog polifenolima i prirodnog N-acetilcisteina sadr\u017ei i taninsku kiselinu, koja u kontaktu sa sluzoko\u017eom stvara tanak sloj koji spre\u010dava upijanje toksi\u010dnih materija i \u0161titi sluzoko\u017eu, odnosno su\u017eava kapilare u nosu, spre\u010davaju\u0107i na taj na\u010din curenje nosa i stvaranje pove\u0107ane koli\u010dine sekreta.<\/p>\n<h2>Sastav proizvoda:<\/h2>\n<p>pre\u010di\u0161\u0107ena ovda, propilenglikol, sme\u0161a sa 20% suvog ekstrakta propolisa standardizovanog na 12% ukupnih polifenola i sa 20% N-acetilcisteina, dinatrijum fosfat dihidrat, benzil alkohol, etarsko ulje nane, taninska kiselina.<\/p>\n","protected":false},"excerpt":{"rendered":"<p><span class=\"opis-proizvoda\"><i class=\"fa-solid fa-circle-check check-opis-proizvoda\"><\/i><strong>Brzo i sna\u017eno razredi sekret u nosu<\/strong><\/span><br \/>\n<span class=\"opis-proizvoda\"><i class=\"fa-solid fa-circle-check check-opis-proizvoda\"><\/i>Smanji zapu\u0161enost i upala u nosu<\/span><br \/>\n<span class=\"opis-proizvoda\"><i class=\"fa-solid fa-circle-check check-opis-proizvoda\"><\/i>Pru\u017ei olak\u0161anje od pritiska u sinusima i nosu<\/span><br \/>\n<span class=\"opis-proizvoda\"><i class=\"fa-solid fa-circle-check check-opis-proizvoda\"><\/i>Uklone bakterije, virusi i gljivice iz nosa<\/span><\/p>\n","protected":false},"featured_media":234768,"comment_status":"open","ping_status":"closed","template":"","meta":{"_acf_changed":false},"product_brand":[],"product_cat":[73],"product_tag":[],"class_list":{"0":"post-234737","1":"product","2":"type-product","3":"status-publish","4":"has-post-thumbnail","6":"product_cat-respiratorni-sistem","8":"first","9":"instock","10":"shipping-taxable","11":"purchasable","12":"product-type-simple"},"acf":[],"jetpack_sharing_enabled":true,"_links":{"self":[{"href":"https:\/\/abela.shop\/rs\/wp-json\/wp\/v2\/product\/234737","targetHints":{"allow":["GET"]}}],"collection":[{"href":"https:\/\/abela.shop\/rs\/wp-json\/wp\/v2\/product"}],"about":[{"href":"https:\/\/abela.shop\/rs\/wp-json\/wp\/v2\/types\/product"}],"replies":[{"embeddable":true,"href":"https:\/\/abela.shop\/rs\/wp-json\/wp\/v2\/comments?post=234737"}],"version-history":[{"count":0,"href":"https:\/\/abela.shop\/rs\/wp-json\/wp\/v2\/product\/234737\/revisions"}],"wp:featuredmedia":[{"embeddable":true,"href":"https:\/\/abela.shop\/rs\/wp-json\/wp\/v2\/media\/234768"}],"wp:attachment":[{"href":"https:\/\/abela.shop\/rs\/wp-json\/wp\/v2\/media?parent=234737"}],"wp:term":[{"taxonomy":"product_brand","embeddable":true,"href":"https:\/\/abela.shop\/rs\/wp-json\/wp\/v2\/product_brand?post=234737"},{"taxonomy":"product_cat","embeddable":true,"href":"https:\/\/abela.shop\/rs\/wp-json\/wp\/v2\/product_cat?post=234737"},{"taxonomy":"product_tag","embeddable":true,"href":"https:\/\/abela.shop\/rs\/wp-json\/wp\/v2\/product_tag?post=234737"}],"curies":[{"name":"wp","href":"https:\/\/api.w.org\/{rel}","templated":true}]}}