{"id":234744,"date":"2024-11-28T14:58:17","date_gmt":"2024-11-28T14:58:17","guid":{"rendered":"https:\/\/abela.shop\/rs\/?post_type=product&#038;p=234744"},"modified":"2026-03-25T12:33:11","modified_gmt":"2026-03-25T11:33:11","slug":"exedol-zglobex-sprej-50-ml","status":"publish","type":"product","link":"https:\/\/abela.shop\/rs\/proizvod\/exedol-zglobex-sprej-50-ml\/","title":{"rendered":"EXEDOL\u00ae ZGLOBEX SPREJ, 50 ml"},"content":{"rendered":"<h2><strong>EXEDOL\u00ae\u00a0 ZGLOBEX SPREJ<\/strong><\/h2>\n<p><strong>EXEDOL\u00ae\u00a0 ZGLOBEX SPREJ<\/strong> poma\u017ee u ubla\u017eavanju bola zglobova i mi\u0161i\u0107a ispoljavaju\u0107i lokalno analgetsko i antiinflamatorno dejstvo. Na mestu nano\u0161enja poja\u010dava cirkulaciju \u0161to dovodi do pove\u0107anja lokalnog protoka krvi izazivaju\u0107i prijatan ose\u0107aj zagrevanja. Ubla\u017eava bol, olak\u0161ava stanje kod bolnih zglobova, poma\u017ee smanjenju upalnih procesa i reumatskih bolova, olak\u0161ava bol i <strong><a href=\"https:\/\/bivits.com\/proizvod\/magnezijum-citrat\/\" target=\"_blank\" rel=\"noopener\">gr\u010deve u mi\u0161i\u0107ima<\/a>.<\/strong><\/p>\n<p>Preporu\u010duje se lokalno tretiranje <a href=\"https:\/\/abela.shop\/rs\/proizvod\/exedol-zglobex-paket\/\"><strong>bolova kod zglobova i mi\u0161i\u0107a<\/strong><\/a>, periferne neuropatije i nespecifi\u010dne bolove u vratu, le\u0111ima i ramenima.<\/p>\n<h2>Sastav proizvoda:<\/h2>\n<p>mentol, kamfor, kapsaicin, etarsko ulje karanfili\u0107a, etarsko ulje bora, etanol, glicerol, magnezijum hlorid, pre\u010di\u0161\u0107ena voda.<\/p>\n<h2>Uputstvo za upotrebu:<\/h2>\n<p>Sprej dr\u017eati uspravno, 20 cm od tela, i usmeriti na bolno ili upaljeno mesto. Dva do \u010detiri puta dnevno naprskati i umasirati sprej na bolno ili upaljeno mesto. Dobro operite ruke nakon toga.<\/p>\n","protected":false},"excerpt":{"rendered":"<p><span class=\"opis-proizvoda\"><i class=\"fa-solid fa-circle-check check-opis-proizvoda\"><\/i><strong>Prvi izbor za lokalno tretiranje bolova kod zglobova i mi\u0161i\u0107a, periferne neuropatije i nespecifi\u010dne bolove u vratu, le\u0111ima i ramenima<\/strong><\/span><br \/>\n<span class=\"opis-proizvoda\"><i class=\"fa-solid fa-circle-check check-opis-proizvoda\"><\/i>Ubla\u017eava bol<\/span><br \/>\n<span class=\"opis-proizvoda\"><i class=\"fa-solid fa-circle-check check-opis-proizvoda\"><\/i>Olak\u0161ava stanje kod bolnih zglobova<\/span><br \/>\n<span class=\"opis-proizvoda\"><i class=\"fa-solid fa-circle-check check-opis-proizvoda\"><\/i>Poma\u017ee smanjenju upalnih procesa i reumatskih bolova<\/span><br \/>\n<span class=\"opis-proizvoda\"><i class=\"fa-solid fa-circle-check check-opis-proizvoda\"><\/i>Olak\u0161ava bol i gr\u010deve u mi\u0161i\u0107ima<\/span><\/p>\n","protected":false},"featured_media":234782,"comment_status":"open","ping_status":"closed","template":"","meta":{"_acf_changed":false},"product_brand":[],"product_cat":[75],"product_tag":[],"class_list":{"0":"post-234744","1":"product","2":"type-product","3":"status-publish","4":"has-post-thumbnail","6":"product_cat-kosti-zglobovi-i-misici","8":"first","9":"outofstock","10":"shipping-taxable","11":"purchasable","12":"product-type-simple"},"acf":[],"jetpack_sharing_enabled":true,"_links":{"self":[{"href":"https:\/\/abela.shop\/rs\/wp-json\/wp\/v2\/product\/234744","targetHints":{"allow":["GET"]}}],"collection":[{"href":"https:\/\/abela.shop\/rs\/wp-json\/wp\/v2\/product"}],"about":[{"href":"https:\/\/abela.shop\/rs\/wp-json\/wp\/v2\/types\/product"}],"replies":[{"embeddable":true,"href":"https:\/\/abela.shop\/rs\/wp-json\/wp\/v2\/comments?post=234744"}],"version-history":[{"count":22,"href":"https:\/\/abela.shop\/rs\/wp-json\/wp\/v2\/product\/234744\/revisions"}],"predecessor-version":[{"id":247274,"href":"https:\/\/abela.shop\/rs\/wp-json\/wp\/v2\/product\/234744\/revisions\/247274"}],"wp:featuredmedia":[{"embeddable":true,"href":"https:\/\/abela.shop\/rs\/wp-json\/wp\/v2\/media\/234782"}],"wp:attachment":[{"href":"https:\/\/abela.shop\/rs\/wp-json\/wp\/v2\/media?parent=234744"}],"wp:term":[{"taxonomy":"product_brand","embeddable":true,"href":"https:\/\/abela.shop\/rs\/wp-json\/wp\/v2\/product_brand?post=234744"},{"taxonomy":"product_cat","embeddable":true,"href":"https:\/\/abela.shop\/rs\/wp-json\/wp\/v2\/product_cat?post=234744"},{"taxonomy":"product_tag","embeddable":true,"href":"https:\/\/abela.shop\/rs\/wp-json\/wp\/v2\/product_tag?post=234744"}],"curies":[{"name":"wp","href":"https:\/\/api.w.org\/{rel}","templated":true}]}}