{"id":234753,"date":"2024-11-28T14:58:19","date_gmt":"2024-11-28T14:58:19","guid":{"rendered":"https:\/\/abela.shop\/rs\/?post_type=product&#038;p=234753"},"modified":"2026-04-30T17:59:41","modified_gmt":"2026-04-30T16:59:41","slug":"naturoplex-36-film-tableta","status":"publish","type":"product","link":"https:\/\/abela.shop\/rs\/proizvod\/naturoplex-36-film-tableta\/","title":{"rendered":"NATUROPLEX\u00ae, 36 film tableta"},"content":{"rendered":"<p><strong>NATUROPLEX<sup>\u00ae<\/sup><\/strong> je biljni dodatak ishrani i predstavlja kombinaciju 5 lekovitih biljaka \u010dija je delotvornost kod urinarnih infekcija pokazana u mnogobrojnim klini\u010dkim istra\u017eivanjima. Preporu\u010duje se kod prisustva tegoba pri mokrenju \u2013 bola, nelagode, peckanja, u\u010dastalog i hitnog mokrenja i ostalih simptoma uzrokovanih <a href=\"https:\/\/naturoplex.com\/o-urinarnim-infekcijama\/#koje-bakterije\" target=\"_blank\" rel=\"noopener\"><strong>E\u0161erihijom<\/strong><\/a> i drugim bakterijama prouzrokova\u010dima urinarnih infekcija.<\/p>\n<p>Aktivni principi iz <strong>NATUROPLEX<sup>\u00ae<\/sup> tableta<\/strong> poma\u017eu na na\u010din da ometaju vezivanje bakterija za sluzoko\u017eu urinarnog sistema, a poja\u010danim ispiranjem mokra\u0107nih kanala doprinose njihovoj eliminaciju. Na ovaj na\u010din, sastojci NATUROPLEX<sup>\u00ae<\/sup> tableta ve\u0107 na po\u010detku primene poma\u017eu u smanjenju tegoba izazvanih urinarnom infekcijom.<\/p>\n<p>Kori\u0161\u0107enje <strong>NATUROPLEX<sup>\u00ae <\/sup>tableta<\/strong> uti\u010de na otpornost pacijenata sa urinarnim infekcijama i doprinosi da se infekcije vi\u0161e ne ponavljaju. Ova jedinstvena formulacija mo\u017ee se koristiti samostalno, kod po\u010detnih simptoma, ili u kombinaciji sa <a href=\"https:\/\/abela.shop\/rs\/proizvod\/bulardi-30-kapsula\/\"><strong>antibiotikom<\/strong><\/a> propisanog od strane Va\u0161eg lekara.<\/p>\n<h2>Sastav proizvoda:<\/h2>\n<p>Suvi ekstrakt korena <em>Rosae levigatae<\/em>, suvi ekstrakt korena <em>Melastomae normalis<\/em>, suvi ekstrakt rizoma <em>Smilacis Chinae<\/em>, suvi ekstrakt herbe <em>Lygodii japonica<\/em>, suvi ekstrakt herbe <em>Centallae asiaticae<\/em>, kukuruzni skrob, sredstva proizv zgrudvavanja: talk, silicijum dioksid i magnezijum stearat, stabilizatori: mikrokristalna celuloza, polivinil-alkohol i hipromeloza, sredstvo za glaziranje: polietilen glikol, boje: cink oksid, \u017euti, crveni i crni gvo\u017e\u0111e oksid.<\/p>\n<h2>Na\u010din upotrebe:<\/h2>\n<p>Odrasli i deca starija od 12 godina: 3-4 puta dnevno, popiti po 3 film tablete u toku najmanje 7-14 dana. Mo\u017ee se koristiti samostalno ili uz propisanu antibiotsku terapiju.<\/p>\n","protected":false},"excerpt":{"rendered":"<p><span class=\"opis-proizvoda\"><i class=\"fa-solid fa-circle-check check-opis-proizvoda\"><\/i><strong>Dijetetski suplement na bazi biiljaka koje se koriste u tradicionalnoj kineskoj medicini za ubla\u017eavanje tegoba sa mokrenjem usled urinarne infekcije<\/strong><\/span><br \/>\n<span class=\"opis-proizvoda\"><i class=\"fa-solid fa-circle-check check-opis-proizvoda\"><\/i>Preporu\u010duje se kod tegoba sa mokrenjem poput bola, peckanja, u\u010destalog i hitnog mokrenja i ostalih simptoma izazvanih E\u0161erihijom i drugim bakterijama, prouzrokova\u010dima urinarnih infekcija<\/span><br \/>\n<span class=\"opis-proizvoda\"><i class=\"fa-solid fa-circle-check check-opis-proizvoda\"><\/i>NATUROPLEX\u00ae formulacija otklanja tegobe ve\u0107 na po\u010detku primene i doprinosi da se urinarne infekcije ponavljaju<\/span><\/p>\n","protected":false},"featured_media":234799,"comment_status":"open","ping_status":"closed","template":"","meta":{"_acf_changed":false},"product_brand":[],"product_cat":[148,78],"product_tag":[],"class_list":{"0":"post-234753","1":"product","2":"type-product","3":"status-publish","4":"has-post-thumbnail","6":"product_cat-top-deal","7":"product_cat-urinarni-sistem","8":"pa_promocija-2-1-gratis-za-1-rsd","10":"first","11":"instock","12":"featured","13":"shipping-taxable","14":"purchasable","15":"product-type-simple"},"acf":[],"jetpack_sharing_enabled":true,"_links":{"self":[{"href":"https:\/\/abela.shop\/rs\/wp-json\/wp\/v2\/product\/234753","targetHints":{"allow":["GET"]}}],"collection":[{"href":"https:\/\/abela.shop\/rs\/wp-json\/wp\/v2\/product"}],"about":[{"href":"https:\/\/abela.shop\/rs\/wp-json\/wp\/v2\/types\/product"}],"replies":[{"embeddable":true,"href":"https:\/\/abela.shop\/rs\/wp-json\/wp\/v2\/comments?post=234753"}],"version-history":[{"count":0,"href":"https:\/\/abela.shop\/rs\/wp-json\/wp\/v2\/product\/234753\/revisions"}],"wp:featuredmedia":[{"embeddable":true,"href":"https:\/\/abela.shop\/rs\/wp-json\/wp\/v2\/media\/234799"}],"wp:attachment":[{"href":"https:\/\/abela.shop\/rs\/wp-json\/wp\/v2\/media?parent=234753"}],"wp:term":[{"taxonomy":"product_brand","embeddable":true,"href":"https:\/\/abela.shop\/rs\/wp-json\/wp\/v2\/product_brand?post=234753"},{"taxonomy":"product_cat","embeddable":true,"href":"https:\/\/abela.shop\/rs\/wp-json\/wp\/v2\/product_cat?post=234753"},{"taxonomy":"product_tag","embeddable":true,"href":"https:\/\/abela.shop\/rs\/wp-json\/wp\/v2\/product_tag?post=234753"}],"curies":[{"name":"wp","href":"https:\/\/api.w.org\/{rel}","templated":true}]}}