{"id":234874,"date":"2024-12-11T13:02:15","date_gmt":"2024-12-11T13:02:15","guid":{"rendered":"https:\/\/abela.shop\/rs\/\u043f\u0440\u043e\u0438\u0437\u0432\u043e\u0434\/bivits-activa-immunity-booster-junior\/"},"modified":"2026-04-18T08:59:21","modified_gmt":"2026-04-18T07:59:21","slug":"bivits-activa-immunity-junior-60-tableta-za-zvakanje","status":"publish","type":"product","link":"https:\/\/abela.shop\/rs\/proizvod\/bivits-activa-immunity-junior-60-tableta-za-zvakanje\/","title":{"rendered":"BiVits\u00ae ACTIVA Immunity Junior, 60 tableta za \u017evakanje"},"content":{"rendered":"<p><strong>BiVits<sup>\u00ae <\/sup>ACTIVA Immunity Junior<\/strong>\u00a0<strong>tablete za \u017evakanje<\/strong> je dodatak ishrani za decu sa vitaminima i mineralima u obliku formulacije sa sinergijskim efektom svih neophodnih vitamina, <a href=\"https:\/\/abela.shop\/rs\/proizvod\/bivits-activa-alfa-lipoinska-kiselina-300-60-kapsula\/\"><strong>antioksidanasa<\/strong><\/a>, minerala i fitonutrijenata. Pru\u017ea idealnu pod\u0161ku jo\u0161 nerazvijenom imunitetu kod dece, ali i dodatno snagu imunom sistemu va\u0161eg deteta u prevenciji i borbi protiv virusnih i bakterijskih infekcija.<\/p>\n<p><strong>BiVits<sup>\u00ae <\/sup>ACTIVA Immunity Junior<\/strong> je komforan za primenu, prijatnog ukusa \u0161umskog vo\u0107a, gde 3 ukusne tablete za \u017evakanje dnevno omogu\u0107avaju dnevno preporu\u010dene doze mikronutijenta u kompleksnom sastavu \u2013 12 vitamina, 7 minerala i ekstrakt ploda \u0161ipurka. Da bi zadovoljili posebno pove\u0107ane potrebe za mikronutrijentima, preporu\u010dujemo da se BiVits<strong><sup>\u00ae<\/sup><\/strong> Activa Immunity Junior minimum 3 meseca.<\/p>\n<p><strong>BiVits<sup>\u00ae <\/sup>ACTIVA Immunity Junior doprinosi:<\/strong><br \/>\n\u2022 Ja\u010danju imuniteta i antioksidativnoj za\u0161titi<br \/>\n\u2022 Za\u0161titi ko\u017ee i mukoznih membrana<br \/>\n\u2022 <a href=\"https:\/\/bivits.com\/proizvod\/magnezijum-citrat\/\" target=\"_blank\" rel=\"noopener\"><strong>Smanjenju umora i iscprljenosti<\/strong><\/a><br \/>\n\u2022 Normalnom transportu kiseonika kroz organizam<br \/>\n\u2022 Normalnoj nervnoj funkciji, pam\u0107enju i koncentraciji<br \/>\n\u2022 Normalnom formiranju hemoglobina i crvenih krvnih zrnaca<\/p>\n<h2>Namena proizvoda:<\/h2>\n<p><strong>BiVits<sup>\u00ae <\/sup>ACTIVA Immunity Junior se preporu\u010duje:<\/strong><br \/>\n\u2022 Za o\u010duvanje dobrog op\u0161teg zdravlja deteta<br \/>\n\u2022 Za ja\u010danje imuniteta deteta<br \/>\n\u2022 Za prevenciju respiratornih infekcija u sezoni viremija<br \/>\n\u2022 Za prevenciju virusnih infekcija kod dece u kolektivu<br \/>\n\u2022 Za prevenciju infekcija srednjeg uha<br \/>\n\u2022 Kod dece sa akutnim i hroni\u010dnih infekcija (prehlada, grip, pneumonija)<br \/>\n\u2022 Kod dece sa hroni\u010dnim oboljenjima (astma, alergijski rinitis)<\/p>\n<h2>Sastav proizvoda:<\/h2>\n<p>sredstva za pove\u0107anje zapremine, ksilitol, mikrokristalna celuloza, kalcijum karbonat, L-askorbinska kiselina, magnezijum oksid, DL-\u03b1-tokoferol-acetat, gvo\u017e\u0111e glukonat, sredstvo protiv zgrudvavanja: magnezijum stearat, aroma \u0161umsko vo\u0107e, nikotinamid, kalcijum pantotenat, beta karoten, ektrakt ploda \u0161ipurka, cink-citrat, mangan-glukonat, hrom-III-hlorid, menahinon-7, holekalciferol, zasla\u0111iva\u010d: sukraloza, piridoksin hidrohlorid, riboflavin, L-selenometionin, tiamin-hidrohlorid, cijanokobalamin, kalcijum-5-metil tetrahidrofolat.<\/p>\n<h2>Na\u010din upotrebe:<\/h2>\n<p>Deca uzrasta iznad 3 godine: Sa\u017evakati 3 tablete dnevno uz jelo ili posle jela. Dnevna doza se mo\u017ee rasporediti tokom dana, ili uzeti odjednom.<\/p>\n","protected":false},"excerpt":{"rendered":"<p><span class=\"opis-proizvoda\"><i class=\"fa-solid fa-circle-check check-opis-proizvoda\"><\/i>Prva preporuka za najkompletniju za\u0161titu i ja\u010danje de\u010djeg imuniteta<\/span><br \/>\n<span class=\"opis-proizvoda\"><i class=\"fa-solid fa-circle-check check-opis-proizvoda\"><\/i>Dodatna snaga za imuni sistem va\u0161eg deteta u prevenciji i borbi protiv virusnih i bakterijskih infekcija<\/span><br \/>\n<span class=\"opis-proizvoda\"><i class=\"fa-solid fa-circle-check check-opis-proizvoda\"><\/i>U sastavu \u010dak 12 vitamina, 7 minerala i ekstrakta ploda \u0161ipurka<\/span><br \/>\n<span class=\"opis-proizvoda\"><i class=\"fa-solid fa-circle-check check-opis-proizvoda\"><\/i>Komforan za primenu kod dece \u2013 u obliku tableta za \u017evakanje, prijatnog ukusa \u0161umskog vo\u0107a<\/span><\/p>\n","protected":false},"featured_media":239303,"comment_status":"open","ping_status":"closed","template":"","meta":{"_acf_changed":false},"product_brand":[],"product_cat":[127,88],"product_tag":[],"class_list":{"0":"post-234874","1":"product","2":"type-product","3":"status-publish","4":"has-post-thumbnail","6":"product_cat-imunitet","7":"product_cat-vitamini-i-minerali","9":"first","10":"instock","11":"shipping-taxable","12":"purchasable","13":"product-type-simple"},"acf":[],"jetpack_sharing_enabled":true,"_links":{"self":[{"href":"https:\/\/abela.shop\/rs\/wp-json\/wp\/v2\/product\/234874","targetHints":{"allow":["GET"]}}],"collection":[{"href":"https:\/\/abela.shop\/rs\/wp-json\/wp\/v2\/product"}],"about":[{"href":"https:\/\/abela.shop\/rs\/wp-json\/wp\/v2\/types\/product"}],"replies":[{"embeddable":true,"href":"https:\/\/abela.shop\/rs\/wp-json\/wp\/v2\/comments?post=234874"}],"version-history":[{"count":24,"href":"https:\/\/abela.shop\/rs\/wp-json\/wp\/v2\/product\/234874\/revisions"}],"predecessor-version":[{"id":249370,"href":"https:\/\/abela.shop\/rs\/wp-json\/wp\/v2\/product\/234874\/revisions\/249370"}],"wp:featuredmedia":[{"embeddable":true,"href":"https:\/\/abela.shop\/rs\/wp-json\/wp\/v2\/media\/239303"}],"wp:attachment":[{"href":"https:\/\/abela.shop\/rs\/wp-json\/wp\/v2\/media?parent=234874"}],"wp:term":[{"taxonomy":"product_brand","embeddable":true,"href":"https:\/\/abela.shop\/rs\/wp-json\/wp\/v2\/product_brand?post=234874"},{"taxonomy":"product_cat","embeddable":true,"href":"https:\/\/abela.shop\/rs\/wp-json\/wp\/v2\/product_cat?post=234874"},{"taxonomy":"product_tag","embeddable":true,"href":"https:\/\/abela.shop\/rs\/wp-json\/wp\/v2\/product_tag?post=234874"}],"curies":[{"name":"wp","href":"https:\/\/api.w.org\/{rel}","templated":true}]}}