{"id":234876,"date":"2024-12-11T13:02:16","date_gmt":"2024-12-11T13:02:16","guid":{"rendered":"https:\/\/abela.shop\/rs\/\u043f\u0440\u043e\u0438\u0437\u0432\u043e\u0434\/bivits-activa-cink\/"},"modified":"2026-05-02T18:00:05","modified_gmt":"2026-05-02T17:00:05","slug":"bivits-activa-cink-60-tableta","status":"publish","type":"product","link":"https:\/\/abela.shop\/rs\/proizvod\/bivits-activa-cink-60-tableta\/","title":{"rendered":"BiVits\u00ae ACTIVA Cink, 60 tableta"},"content":{"rendered":"<p><strong>BiVits<sup>\u00ae<\/sup> ACTIVA Cink<\/strong> je posebna formulacija koja obezbedjuje 10 mg cinka u jednoj tableti u obliku organskog cink-citrata, oblika koji obezbe\u0111uje bolju apsorpciju i raspolo\u017eivost cinka u organizmu.<\/p>\n<p><strong>BiVits<sup>\u00ae<\/sup> ACTIVA Cink doprinosi:<\/strong><br \/>\n\u2022 Za\u0161titi i ja\u010danju <a href=\"https:\/\/abela.shop\/rs\/proizvod\/bivits-activa-immunity-booster-30-kesica\/\"><strong>imunog sistema<\/strong><\/a><br \/>\n\u2022 <a href=\"https:\/\/bivits.com\/proizvod\/biotin\/\" target=\"_blank\" rel=\"noopener\"><strong>Zdravlju kose, ko\u017ee i noktiju<\/strong><\/a><br \/>\n\u2022 Normalnoj produkciji testosterona<br \/>\n\u2022 Zdravlju prostate<br \/>\n\u2022 Normalnoj plodnosti i reprodukciji<br \/>\n\u2022 Protivupalnoj i antioksidativnoj za\u0161titi organizma<br \/>\n\u2022 Br\u017eoj regeneraciji tkiva<br \/>\n\u2022 Normalnom metabolizmu i proizvodnji energije<br \/>\n\u2022 Plodnost i reprodukciju<br \/>\n\u2022 Antioksidativnu za\u0161titu \u0107elija<br \/>\n\u2022 Ubla\u017eavanju simptoma alergija i atopija<br \/>\n\u2022 Smirivanju upalnih procesa na ko\u017ei i zarastanju rana<br \/>\n\u2022 Smanjenju umora<\/p>\n<h2>Sastav proizvoda:<\/h2>\n<p>cink-citrat, sredstvo za pove\u0107anje zapremine: mikrokristalna celuloza, manitol, sredstvo protiv zgrudvavanja: magnezijum stearat.<\/p>\n<h2>Na\u010din upotrebe:<\/h2>\n<p>Odrasli i deca starija od 3 godine: jednom dnevno po jedna tableta.<\/p>\n","protected":false},"excerpt":{"rendered":"<p><span class=\"opis-proizvoda\"><i class=\"fa-solid fa-circle-check check-opis-proizvoda\"><\/i>Prvi za\u0161titnik va\u0161eg imuniteta<\/span><br \/>\n<span class=\"opis-proizvoda\"><i class=\"fa-solid fa-circle-check check-opis-proizvoda\"><\/i>Pospe\u0161uje plodnost i reprodukciju<\/span><br \/>\n<span class=\"opis-proizvoda\"><i class=\"fa-solid fa-circle-check check-opis-proizvoda\"><\/i>Ubla\u017eava upalne procese na ko\u017ei<\/span><br \/>\n<span class=\"opis-proizvoda\"><i class=\"fa-solid fa-circle-check check-opis-proizvoda\"><\/i>Podsti\u010de zarastanje rana<\/span><br \/>\n<span class=\"opis-proizvoda\"><i class=\"fa-solid fa-circle-check check-opis-proizvoda\"><\/i>Smanjuje umor<\/span><br \/>\n<span class=\"opis-proizvoda\"><i class=\"fa-solid fa-circle-check check-opis-proizvoda\"><\/i>Ubla\u017eava alergijske reakcije<\/span><br \/>\n<span class=\"opis-proizvoda\"><i class=\"fa-solid fa-circle-check check-opis-proizvoda\"><\/i>Pru\u017ea antioksidativnu za\u0161titu \u0107elija<\/span><\/p>\n","protected":false},"featured_media":234957,"comment_status":"open","ping_status":"closed","template":"","meta":{"_acf_changed":false},"product_brand":[],"product_cat":[88],"product_tag":[],"class_list":{"0":"post-234876","1":"product","2":"type-product","3":"status-publish","4":"has-post-thumbnail","6":"product_cat-vitamini-i-minerali","8":"first","9":"instock","10":"shipping-taxable","11":"purchasable","12":"product-type-simple"},"acf":[],"jetpack_sharing_enabled":true,"_links":{"self":[{"href":"https:\/\/abela.shop\/rs\/wp-json\/wp\/v2\/product\/234876","targetHints":{"allow":["GET"]}}],"collection":[{"href":"https:\/\/abela.shop\/rs\/wp-json\/wp\/v2\/product"}],"about":[{"href":"https:\/\/abela.shop\/rs\/wp-json\/wp\/v2\/types\/product"}],"replies":[{"embeddable":true,"href":"https:\/\/abela.shop\/rs\/wp-json\/wp\/v2\/comments?post=234876"}],"version-history":[{"count":0,"href":"https:\/\/abela.shop\/rs\/wp-json\/wp\/v2\/product\/234876\/revisions"}],"wp:featuredmedia":[{"embeddable":true,"href":"https:\/\/abela.shop\/rs\/wp-json\/wp\/v2\/media\/234957"}],"wp:attachment":[{"href":"https:\/\/abela.shop\/rs\/wp-json\/wp\/v2\/media?parent=234876"}],"wp:term":[{"taxonomy":"product_brand","embeddable":true,"href":"https:\/\/abela.shop\/rs\/wp-json\/wp\/v2\/product_brand?post=234876"},{"taxonomy":"product_cat","embeddable":true,"href":"https:\/\/abela.shop\/rs\/wp-json\/wp\/v2\/product_cat?post=234876"},{"taxonomy":"product_tag","embeddable":true,"href":"https:\/\/abela.shop\/rs\/wp-json\/wp\/v2\/product_tag?post=234876"}],"curies":[{"name":"wp","href":"https:\/\/api.w.org\/{rel}","templated":true}]}}