{"id":234878,"date":"2024-12-11T13:02:16","date_gmt":"2024-12-11T13:02:16","guid":{"rendered":"https:\/\/abela.shop\/rs\/\u043f\u0440\u043e\u0438\u0437\u0432\u043e\u0434\/bivits-activa-beta-carotene\/"},"modified":"2026-04-29T19:59:58","modified_gmt":"2026-04-29T18:59:58","slug":"bivits-activa-beta-carotene-60-tableta","status":"publish","type":"product","link":"https:\/\/abela.shop\/rs\/proizvod\/bivits-activa-beta-carotene-60-tableta\/","title":{"rendered":"BiVits\u00ae ACTIVA Beta Carotene, 60 tableta"},"content":{"rendered":"<p><strong>BiVits<sup>\u00ae<\/sup> ACTIVA Beta Carotene<\/strong> &#8211; Predstavlja formulu koja u jednoj tableti obezbe\u0111uje 6mg beta-karotena, prekursora (provitamin) vitamina A koji je neophodan za odr\u017eavanje normalnog \u010dula vida, za\u0161titu i zdravlje ko\u017ee i sluzoko\u017ee i normalnu imunolo\u0161ku funkciju.<\/p>\n<p><strong>BiVits<sup>\u00ae<\/sup> ACTIVA Beta-Carotene doprinosi:<\/strong><br \/>\n&nbsp;<br \/>\n\u2022 Antioksidativnoj za\u0161titi ko\u017ee od UV zra\u010denja<br \/>\n\u2022 Zdravlju i lepom izgledu ko\u017ee i sluzoko\u017ee<br \/>\n\u2022 Normalnoj funkciji \u010dula vida<br \/>\n\u2022 Normalnoj imunolo\u0161koj funkciji<\/p>\n<h2>Namena proizvoda:<\/h2>\n<p><strong>BiVits<sup>\u00ae<\/sup> ACTIVA Beta-Carotene se preporu\u010duje:<\/strong><br \/>\n\u2022 Za za\u0161titu ko\u017ee od UV zra\u010denja<br \/>\n\u2022 Kod sklonosti ka alergijama na sunce<br \/>\n\u2022 <a href=\"https:\/\/bivits.com\/proizvod\/alfa-lipoinska-kiselina-300\/\" target=\"_blank\" rel=\"noopener\"><strong>Antioksidativna za\u0161tita \u0107elija<\/strong><\/a><br \/>\n\u2022 Za normalnu funkciju \u010dula vida<br \/>\n\u2022 <a href=\"https:\/\/abela.shop\/rs\/proizvod\/bivits-activa-immunity-booster-30-kesica\/\"><strong>Za ja\u010danje imuniteta<\/strong><\/a><br \/>\n\u2022 Za za\u0161titu i lep izgled ko\u017ee<\/p>\n<h2>Sastav proizvoda:<\/h2>\n<p>beta-karoten, sredstvo za pove\u0107anje zapremine: mikrokristalna celuloza, manitol, sredstvo protiv zgrudvavanja: magnezijum stearat.<\/p>\n","protected":false},"excerpt":{"rendered":"<p><span class=\"opis-proizvoda\"><i class=\"fa-solid fa-circle-check check-opis-proizvoda\"><\/i>Prvi izbor za za\u0161titu ko\u017ee od UV zra\u010denja<\/span><br \/>\n<span class=\"opis-proizvoda\"><i class=\"fa-solid fa-circle-check check-opis-proizvoda\"><\/i>Regeneri\u0161e ko\u017eu i sluzoko\u017eu<\/span><br \/>\n<span class=\"opis-proizvoda\"><i class=\"fa-solid fa-circle-check check-opis-proizvoda\"><\/i>\u0160titi \u010dulo vida i imunitet<\/span><\/p>\n","protected":false},"featured_media":234951,"comment_status":"open","ping_status":"closed","template":"","meta":{"_acf_changed":false},"product_brand":[],"product_cat":[125,88],"product_tag":[],"class_list":{"0":"post-234878","1":"product","2":"type-product","3":"status-publish","4":"has-post-thumbnail","6":"product_cat-lepota","7":"product_cat-vitamini-i-minerali","9":"first","10":"instock","11":"shipping-taxable","12":"purchasable","13":"product-type-simple"},"acf":[],"jetpack_sharing_enabled":true,"_links":{"self":[{"href":"https:\/\/abela.shop\/rs\/wp-json\/wp\/v2\/product\/234878","targetHints":{"allow":["GET"]}}],"collection":[{"href":"https:\/\/abela.shop\/rs\/wp-json\/wp\/v2\/product"}],"about":[{"href":"https:\/\/abela.shop\/rs\/wp-json\/wp\/v2\/types\/product"}],"replies":[{"embeddable":true,"href":"https:\/\/abela.shop\/rs\/wp-json\/wp\/v2\/comments?post=234878"}],"version-history":[{"count":0,"href":"https:\/\/abela.shop\/rs\/wp-json\/wp\/v2\/product\/234878\/revisions"}],"wp:featuredmedia":[{"embeddable":true,"href":"https:\/\/abela.shop\/rs\/wp-json\/wp\/v2\/media\/234951"}],"wp:attachment":[{"href":"https:\/\/abela.shop\/rs\/wp-json\/wp\/v2\/media?parent=234878"}],"wp:term":[{"taxonomy":"product_brand","embeddable":true,"href":"https:\/\/abela.shop\/rs\/wp-json\/wp\/v2\/product_brand?post=234878"},{"taxonomy":"product_cat","embeddable":true,"href":"https:\/\/abela.shop\/rs\/wp-json\/wp\/v2\/product_cat?post=234878"},{"taxonomy":"product_tag","embeddable":true,"href":"https:\/\/abela.shop\/rs\/wp-json\/wp\/v2\/product_tag?post=234878"}],"curies":[{"name":"wp","href":"https:\/\/api.w.org\/{rel}","templated":true}]}}