{"id":234879,"date":"2024-12-11T13:02:16","date_gmt":"2024-12-11T13:02:16","guid":{"rendered":"https:\/\/abela.shop\/rs\/\u043f\u0440\u043e\u0438\u0437\u0432\u043e\u0434\/bivits-activa-vitamin-e\/"},"modified":"2026-04-11T16:59:40","modified_gmt":"2026-04-11T15:59:40","slug":"bivits-activa-vitamin-e-100-iu-60-kapsula","status":"publish","type":"product","link":"https:\/\/abela.shop\/rs\/proizvod\/bivits-activa-vitamin-e-100-iu-60-kapsula\/","title":{"rendered":"BiVits\u00ae ACTIVA Vitamin E 100 IU, 60 kapsula"},"content":{"rendered":"<p><strong>BiVits<sup>\u00ae <\/sup>ACTIVA Vitamin E 100 IU<\/strong> je dodatak ishrani sa vitaminom E. Vitamin E (tokoferol) pripada grupi liposulubilnih vitamina i ne sinteti\u0161e se u ljudskom ili \u017eivotinjskom telu, ve\u0107 se mo\u017ee uneti samo ishranom.<\/p>\n<p><strong>BiVits<sup>\u00ae <\/sup>ACTIVA Vitamin E 100 IU\u00a0<\/strong> predstavlja posebnu formulu koja u jednoj kapsuli obezbe\u0111uje 100 IU vitamina E koji deluje kao antioksidans, \u0161titi \u0107elije od oksidativnog o\u0161te\u0107enja i starenja i doprinosi regeneraciji \u0107elija.<\/p>\n<p><strong>BiVits<sup>\u00ae <\/sup>ACTIVA Vitamin E 100 IU doprinosi:<\/strong><br \/>\n\u2022 <a href=\"https:\/\/abela.shop\/rs\/proizvod\/bivits-activa-immunity-booster-30-kesica\/\"><strong>Antioksidativnoj za\u0161titi organizma<\/strong><\/a><br \/>\n\u2022 <a href=\"https:\/\/cardiovitamin.com\/\" target=\"_blank\" rel=\"noopener\"><strong>Zdravlju srca i krvnih sudova<\/strong><\/a><br \/>\n\u2022 Regeneraciji \u0107elija<br \/>\n\u2022 Ja\u010danju imuniteta<\/p>\n<h2>Namena proizvoda:<\/h2>\n<p><strong>BiVits<sup>\u00ae<\/sup> ACTIVA Vitamin E 100 IU se preporu\u010duje:<\/strong><br \/>\n\u2022 Za za\u0161titu od oksidativnog stresa i starenja<br \/>\n\u2022 Za smanjenje umora i malaksalosti<br \/>\n\u2022 Za regeneraciju i lep izgled ko\u017ee<br \/>\n\u2022 Za za\u0161titu srca i krvnih sudova<\/p>\n<h2>Sastav proizvoda:<\/h2>\n<p>DL-\u03b1-tokoferil-acetat, kapsula (hipromeloza, boja: titan-dioksid), sredstvo za pove\u0107anje zapremine: mikrokristalna celuloza, sredstva protiv zgrudvavanja: talk, silicijum-dioksid, magnezijum stearat.<\/p>\n<h2>Na\u010din upotrebe:<\/h2>\n<p>Odrasli: Jednom dnevno popiti 1 tabletu.<\/p>\n","protected":false},"excerpt":{"rendered":"<p><span class=\"opis-proizvoda\"><i class=\"fa-solid fa-circle-check check-opis-proizvoda\"><\/i><strong>Prvi izbor za regeneraciju ko\u017ee<\/strong><\/span><br \/>\n<span class=\"opis-proizvoda\"><i class=\"fa-solid fa-circle-check check-opis-proizvoda\"><\/i>\u0160titi ko\u017eu od o\u0161te\u0107enja i starenja<\/span><\/p>\n","protected":false},"featured_media":234975,"comment_status":"open","ping_status":"closed","template":"","meta":{"_acf_changed":false},"product_brand":[],"product_cat":[125,88],"product_tag":[],"class_list":{"0":"post-234879","1":"product","2":"type-product","3":"status-publish","4":"has-post-thumbnail","6":"product_cat-lepota","7":"product_cat-vitamini-i-minerali","9":"first","10":"instock","11":"shipping-taxable","12":"purchasable","13":"product-type-simple"},"acf":[],"jetpack_sharing_enabled":true,"_links":{"self":[{"href":"https:\/\/abela.shop\/rs\/wp-json\/wp\/v2\/product\/234879","targetHints":{"allow":["GET"]}}],"collection":[{"href":"https:\/\/abela.shop\/rs\/wp-json\/wp\/v2\/product"}],"about":[{"href":"https:\/\/abela.shop\/rs\/wp-json\/wp\/v2\/types\/product"}],"replies":[{"embeddable":true,"href":"https:\/\/abela.shop\/rs\/wp-json\/wp\/v2\/comments?post=234879"}],"version-history":[{"count":24,"href":"https:\/\/abela.shop\/rs\/wp-json\/wp\/v2\/product\/234879\/revisions"}],"predecessor-version":[{"id":247052,"href":"https:\/\/abela.shop\/rs\/wp-json\/wp\/v2\/product\/234879\/revisions\/247052"}],"wp:featuredmedia":[{"embeddable":true,"href":"https:\/\/abela.shop\/rs\/wp-json\/wp\/v2\/media\/234975"}],"wp:attachment":[{"href":"https:\/\/abela.shop\/rs\/wp-json\/wp\/v2\/media?parent=234879"}],"wp:term":[{"taxonomy":"product_brand","embeddable":true,"href":"https:\/\/abela.shop\/rs\/wp-json\/wp\/v2\/product_brand?post=234879"},{"taxonomy":"product_cat","embeddable":true,"href":"https:\/\/abela.shop\/rs\/wp-json\/wp\/v2\/product_cat?post=234879"},{"taxonomy":"product_tag","embeddable":true,"href":"https:\/\/abela.shop\/rs\/wp-json\/wp\/v2\/product_tag?post=234879"}],"curies":[{"name":"wp","href":"https:\/\/api.w.org\/{rel}","templated":true}]}}