{"id":234886,"date":"2024-12-11T13:02:18","date_gmt":"2024-12-11T13:02:18","guid":{"rendered":"https:\/\/abela.shop\/rs\/\u043f\u0440\u043e\u0438\u0437\u0432\u043e\u0434\/bivits-activa-vitamin-c-1000-cink-vitamin-d3-1000\/"},"modified":"2026-04-15T17:59:45","modified_gmt":"2026-04-15T16:59:45","slug":"bivits-activa-vitamin-c-1000-cink-vitamin-d3-1000-60-tableta","status":"publish","type":"product","link":"https:\/\/abela.shop\/rs\/proizvod\/bivits-activa-vitamin-c-1000-cink-vitamin-d3-1000-60-tableta\/","title":{"rendered":"BiVits\u00ae ACTIVA Vitamin C 1000 Cink Vitamin D3 1000, 60 tableta"},"content":{"rendered":"<p><strong>BiVits<sup>\u00ae<\/sup> ACTIVA Vitamin C 1000 Cink Vitamin D3 1000<\/strong> je dijetetski proizvod \u2013 hrana sa posebnom medicinskom namenom sa vitaminima C, D i <a href=\"https:\/\/abela.shop\/rs\/proizvod\/bivits-activa-cink-60-tableta\/\"><strong>cinkom<\/strong><\/a>, namenjen za potrebe ishrane kod osoba u stanjima deficita ovih nutrijenata, kod osoba sa oslabljenim imunitetom, kod starijih osoba, kod osoba izlo\u017eenih psihi\u010dkom stresu, intenzivnom fizi\u010dkom naporu, kao i stanjima kod kojih je pove\u0107ana potreba za ovim nutrijentima.<\/p>\n<p>Posebna formulacija koja u jednoj tableti obezbe\u0111uje sinergisti\u010dki efekat vitamina C, cinka i <a href=\"https:\/\/bivits.com\/proizvod\/vitamin-d3-4000-iu\/\" target=\"_blank\" rel=\"noopener\"><strong>vitamina D3<\/strong><\/a> u za\u0161titi imunog sistema.<\/p>\n<ul>\n<li><strong>BiVits<sup>\u00ae<\/sup> ACTIVA Vitamin C 1000, Cink i Vitamin D3 1000 doprinosi:<\/strong><br \/>\n\u2022 Normalnoj funkciji imunolo\u0161kog sistema<br \/>\n\u2022 Zdravlju nervnog i kardiovaskularnog sistema<br \/>\n\u2022 Normalnoj apsorpciji i metabolizmu kalcijuma<\/li>\n<li>\u2022 Normalnoj gustini kostiju<\/li>\n<\/ul>\n<h2>Namena proizvoda:<\/h2>\n<p><strong>BiVits<sup>\u00ae<\/sup> ACTIVA Vitamin C Cink Vitamin D se preporu\u010duje:<\/strong><br \/>\n\u2022 Za ja\u010danje imuniteta<br \/>\n\u2022 Sklonosti infekcijama i oslabljenog imuniteta<br \/>\n\u2022 Deficita ovih nutrijenata<br \/>\n\u2022 Starijih osoba<br \/>\n\u2022 Intenzivnog fizi\u010dkog napora<\/p>\n<h2>Sastav proizvoda:<\/h2>\n<p>Cink-citrat, L-askorbinska kiselina, holekalciferol, sredstva za pove\u0107anje zapremine: manitol, mikrokristalna celuloza, skrob (kukuruzni) sredstvo protiv zgrudvavanja: magnezijum stearat.<\/p>\n<h2>Na\u010din upotrebe:<\/h2>\n<p>Odrasli: 1 tableta dnevno.<\/p>\n","protected":false},"excerpt":{"rendered":"<p><span class=\"opis-proizvoda\"><i class=\"fa-solid fa-circle-check check-opis-proizvoda\"><\/i><strong>Sinergijski efekat vitamina C, cinka i vitamina D3<\/strong><\/span><br \/>\n<span class=\"opis-proizvoda\"><i class=\"fa-solid fa-circle-check check-opis-proizvoda\"><\/i>Pravo re\u0161enje za oslabljen imunitet<\/span><\/p>\n","protected":false},"featured_media":234969,"comment_status":"open","ping_status":"closed","template":"","meta":{"_acf_changed":false},"product_brand":[],"product_cat":[127,88],"product_tag":[],"class_list":{"0":"post-234886","1":"product","2":"type-product","3":"status-publish","4":"has-post-thumbnail","6":"product_cat-imunitet","7":"product_cat-vitamini-i-minerali","9":"first","10":"instock","11":"shipping-taxable","12":"purchasable","13":"product-type-simple"},"acf":[],"jetpack_sharing_enabled":true,"_links":{"self":[{"href":"https:\/\/abela.shop\/rs\/wp-json\/wp\/v2\/product\/234886","targetHints":{"allow":["GET"]}}],"collection":[{"href":"https:\/\/abela.shop\/rs\/wp-json\/wp\/v2\/product"}],"about":[{"href":"https:\/\/abela.shop\/rs\/wp-json\/wp\/v2\/types\/product"}],"replies":[{"embeddable":true,"href":"https:\/\/abela.shop\/rs\/wp-json\/wp\/v2\/comments?post=234886"}],"version-history":[{"count":24,"href":"https:\/\/abela.shop\/rs\/wp-json\/wp\/v2\/product\/234886\/revisions"}],"predecessor-version":[{"id":246963,"href":"https:\/\/abela.shop\/rs\/wp-json\/wp\/v2\/product\/234886\/revisions\/246963"}],"wp:featuredmedia":[{"embeddable":true,"href":"https:\/\/abela.shop\/rs\/wp-json\/wp\/v2\/media\/234969"}],"wp:attachment":[{"href":"https:\/\/abela.shop\/rs\/wp-json\/wp\/v2\/media?parent=234886"}],"wp:term":[{"taxonomy":"product_brand","embeddable":true,"href":"https:\/\/abela.shop\/rs\/wp-json\/wp\/v2\/product_brand?post=234886"},{"taxonomy":"product_cat","embeddable":true,"href":"https:\/\/abela.shop\/rs\/wp-json\/wp\/v2\/product_cat?post=234886"},{"taxonomy":"product_tag","embeddable":true,"href":"https:\/\/abela.shop\/rs\/wp-json\/wp\/v2\/product_tag?post=234886"}],"curies":[{"name":"wp","href":"https:\/\/api.w.org\/{rel}","templated":true}]}}