{"id":234888,"date":"2024-12-11T13:02:18","date_gmt":"2024-12-11T13:02:18","guid":{"rendered":"https:\/\/abela.shop\/rs\/\u043f\u0440\u043e\u0438\u0437\u0432\u043e\u0434\/bivits-activa-vitamin-k2-mk-7-180%c2%b5g\/"},"modified":"2026-04-30T06:59:46","modified_gmt":"2026-04-30T05:59:46","slug":"bivits-activa-vitamin-k2-mk-7-180%c2%b5g-60-tableta","status":"publish","type":"product","link":"https:\/\/abela.shop\/rs\/proizvod\/bivits-activa-vitamin-k2-mk-7-180%c2%b5g-60-tableta\/","title":{"rendered":"BiVits\u00ae ACTIVA Vitamin K2 MK-7 180\u00b5g, 60 tableta"},"content":{"rendered":"<p><strong>BiVits<sup>\u00ae<\/sup> ACTIVA Vitamin K2 MK-7 180\u00b5g<\/strong> je dijetetski proizvod &#8211; hrana sa posebnom medicinskom namenom sa vitaminom K, namenjen za odrasle osobe u stanjima smanjene ko\u0161tane mase, kao \u0161to su osteoporoze razli\u010ditih etiologija, kao i kod \u017eena u menopauzi i postmenopauzi.<\/p>\n<p>Posebna formula koja u jednoj tableti obezbedjuje 180\u00b5g vitamina K2 koji je doprinosi o\u010duvanju elesti\u010dnosti krvnih sudova i zdravlju srca.<\/p>\n<p><strong>BiVits<sup>\u00ae<\/sup> ACTIVA Vitamin K2 MK-7 180\u00b5g doprinosi:<\/strong><\/p>\n<ul class=\"lista\">\n<li>Spre\u010davanju talo\u017eenja kalcijuma na zidovima krvnih sudova<\/li>\n<li>Pove\u0107anju elasti\u010dnosti krvnih sudova i zdravlju srca<\/li>\n<li>Normalnoj gustini kostiju<\/li>\n<\/ul>\n<p><strong>BiVits<sup>\u00ae<\/sup> ACTIVA Vitamin K2 MK-7 180\u00b5g se preporu\u010duje:<\/strong><\/p>\n<ul class=\"lista\">\n<li>Kao prevencija i tretman osteopenije i <a href=\"https:\/\/abela.shop\/rs\/proizvod\/k2d3-viva-90-paket\/\"><strong>osteoporoze<\/strong><\/a><\/li>\n<li>Za o\u010duvanje elasti\u010dnosti<a href=\"https:\/\/cardiovitamin.com\/\" target=\"_blank\" rel=\"noopener\"><strong> krvnih sudova<\/strong><\/a><\/li>\n<li>Za normalnu funkciju krvnih sudova i srca<\/li>\n<li>Za o\u010duvanje normalne gustine kostiju<\/li>\n<\/ul>\n<h2>Sastav proizvoda:<\/h2>\n<p>vitamin K2, sredstva za pove\u0107anje zapremine: manitol i mikrokristalna celuloza, sredstvo protiv zgrudvavanja: magnezijum stearat.<\/p>\n<h2>Na\u010din upotrebe:<\/h2>\n<p>Odrasli: Popiti jednu tabletu dnevno.<\/p>\n","protected":false},"excerpt":{"rendered":"<p><span class=\"opis-proizvoda\"><i class=\"fa-solid fa-circle-check check-opis-proizvoda\"><\/i><strong>Prva preporuka za prevenciju i tretman osteopenije i osteoporoze<\/strong><\/span><br \/>\n<span class=\"opis-proizvoda\"><i class=\"fa-solid fa-circle-check check-opis-proizvoda\"><\/i>Spre\u010dava talo\u017eenje kalcijuma na zidovima krvnih sudova<\/span><br \/>\n<span class=\"opis-proizvoda\"><i class=\"fa-solid fa-circle-check check-opis-proizvoda\"><\/i>\u010cuva elasti\u010dnost krvnih sudova i zdravlje srca<\/span><\/p>\n","protected":false},"featured_media":234963,"comment_status":"open","ping_status":"closed","template":"","meta":{"_acf_changed":false},"product_brand":[],"product_cat":[88],"product_tag":[],"class_list":{"0":"post-234888","1":"product","2":"type-product","3":"status-publish","4":"has-post-thumbnail","6":"product_cat-vitamini-i-minerali","8":"first","9":"instock","10":"shipping-taxable","11":"purchasable","12":"product-type-simple"},"acf":[],"jetpack_sharing_enabled":true,"_links":{"self":[{"href":"https:\/\/abela.shop\/rs\/wp-json\/wp\/v2\/product\/234888","targetHints":{"allow":["GET"]}}],"collection":[{"href":"https:\/\/abela.shop\/rs\/wp-json\/wp\/v2\/product"}],"about":[{"href":"https:\/\/abela.shop\/rs\/wp-json\/wp\/v2\/types\/product"}],"replies":[{"embeddable":true,"href":"https:\/\/abela.shop\/rs\/wp-json\/wp\/v2\/comments?post=234888"}],"version-history":[{"count":0,"href":"https:\/\/abela.shop\/rs\/wp-json\/wp\/v2\/product\/234888\/revisions"}],"wp:featuredmedia":[{"embeddable":true,"href":"https:\/\/abela.shop\/rs\/wp-json\/wp\/v2\/media\/234963"}],"wp:attachment":[{"href":"https:\/\/abela.shop\/rs\/wp-json\/wp\/v2\/media?parent=234888"}],"wp:term":[{"taxonomy":"product_brand","embeddable":true,"href":"https:\/\/abela.shop\/rs\/wp-json\/wp\/v2\/product_brand?post=234888"},{"taxonomy":"product_cat","embeddable":true,"href":"https:\/\/abela.shop\/rs\/wp-json\/wp\/v2\/product_cat?post=234888"},{"taxonomy":"product_tag","embeddable":true,"href":"https:\/\/abela.shop\/rs\/wp-json\/wp\/v2\/product_tag?post=234888"}],"curies":[{"name":"wp","href":"https:\/\/api.w.org\/{rel}","templated":true}]}}