{"id":234890,"date":"2024-12-11T13:02:19","date_gmt":"2024-12-11T13:02:19","guid":{"rendered":"https:\/\/abela.shop\/rs\/\u043f\u0440\u043e\u0438\u0437\u0432\u043e\u0434\/bivits-activa-alfa-lipoinska-kiselina-300\/"},"modified":"2026-04-15T23:00:08","modified_gmt":"2026-04-15T22:00:08","slug":"bivits-activa-alfa-lipoinska-kiselina-300-60-kapsula","status":"publish","type":"product","link":"https:\/\/abela.shop\/rs\/proizvod\/bivits-activa-alfa-lipoinska-kiselina-300-60-kapsula\/","title":{"rendered":"BiVits\u00ae ACTIVA Alfa-lipoinska kiselina 300, 60 kapsula"},"content":{"rendered":"<p><strong>BiVits<sup>\u00ae <\/sup>ACTIVA Alfa-lipoinska kiselina 300<\/strong> je dodatak ishrani sa alfalipoinskom kiselinom, namenjen osobama sa dijabetesom.<br \/>\nPosebna formulacija koja obezbedjuje 300mg alfa lipoinske kiseline u jednoj tableti.<br \/>\n&nbsp;<br \/>\n<strong>BiVits<sup>\u00ae <\/sup>ACTIVA Alfa lipoinska kiselina 300 doprinosi:<\/strong><br \/>\n&nbsp;<\/p>\n<ul>\n<li>Antioksidativnoj za\u0161titi organizma<\/li>\n<li>Regeneraciji drugih antioksidanasa poput <a href=\"https:\/\/abela.shop\/rs\/proizvod\/bivits-activa-vitamin-c-500-acerola-60-tableta\/\"><strong>vitamina C<\/strong><\/a> i E<\/li>\n<li>Doprinosi normalnom metabolizmu glukoze<\/li>\n<li>Proizvodnji energije<\/li>\n<li>Pravilnom starenju i sazrevanju \u0107elija<\/li>\n<li>Zdravlju nervnog sistema i kognitivnoj funkciji<\/li>\n<li><a href=\"https:\/\/cardiovitamin.com\/\" target=\"_blank\" rel=\"noopener\"><strong>Zdravlju srca i krvnih sudova<\/strong><\/a><\/li>\n<li>Za\u0161titi i regeneracija \u0107elija jetre<\/li>\n<\/ul>\n<h2>Sastav proizvoda:<\/h2>\n<p>alfa lipoinska kiselina, kapsula (hipromeloza, boja: titan-dioksid), sredstva protiv zgrudvavanja: talk, silicijum dioksid, magnezijum stearat.<\/p>\n","protected":false},"excerpt":{"rendered":"<p>Izuzetno sna\u017ean antioksidans, naro\u010dito preporu\u010den osobama sa dijabetesom. Poma\u017ee u pobolj\u0161anju:<\/p>\n<p><span class=\"opis-proizvoda\"><i class=\"fa-solid fa-circle-check check-opis-proizvoda\"><\/i>antioksidativne za\u0161tite organizma<\/span><br \/>\n<span class=\"opis-proizvoda\"><i class=\"fa-solid fa-circle-check check-opis-proizvoda\"><\/i>regeneracije \u0107elija<\/span><br \/>\n<span class=\"opis-proizvoda\"><i class=\"fa-solid fa-circle-check check-opis-proizvoda\"><\/i>proizvodnje energije<\/span><br \/>\n<span class=\"opis-proizvoda\"><i class=\"fa-solid fa-circle-check check-opis-proizvoda\"><\/i>normalizacije nivo glukoze u krvi<\/span><\/p>\n","protected":false},"featured_media":234949,"comment_status":"open","ping_status":"closed","template":"","meta":{"_acf_changed":false},"product_brand":[],"product_cat":[88],"product_tag":[],"class_list":{"0":"post-234890","1":"product","2":"type-product","3":"status-publish","4":"has-post-thumbnail","6":"product_cat-vitamini-i-minerali","8":"first","9":"instock","10":"shipping-taxable","11":"purchasable","12":"product-type-simple"},"acf":[],"jetpack_sharing_enabled":true,"_links":{"self":[{"href":"https:\/\/abela.shop\/rs\/wp-json\/wp\/v2\/product\/234890","targetHints":{"allow":["GET"]}}],"collection":[{"href":"https:\/\/abela.shop\/rs\/wp-json\/wp\/v2\/product"}],"about":[{"href":"https:\/\/abela.shop\/rs\/wp-json\/wp\/v2\/types\/product"}],"replies":[{"embeddable":true,"href":"https:\/\/abela.shop\/rs\/wp-json\/wp\/v2\/comments?post=234890"}],"version-history":[{"count":32,"href":"https:\/\/abela.shop\/rs\/wp-json\/wp\/v2\/product\/234890\/revisions"}],"predecessor-version":[{"id":256707,"href":"https:\/\/abela.shop\/rs\/wp-json\/wp\/v2\/product\/234890\/revisions\/256707"}],"wp:featuredmedia":[{"embeddable":true,"href":"https:\/\/abela.shop\/rs\/wp-json\/wp\/v2\/media\/234949"}],"wp:attachment":[{"href":"https:\/\/abela.shop\/rs\/wp-json\/wp\/v2\/media?parent=234890"}],"wp:term":[{"taxonomy":"product_brand","embeddable":true,"href":"https:\/\/abela.shop\/rs\/wp-json\/wp\/v2\/product_brand?post=234890"},{"taxonomy":"product_cat","embeddable":true,"href":"https:\/\/abela.shop\/rs\/wp-json\/wp\/v2\/product_cat?post=234890"},{"taxonomy":"product_tag","embeddable":true,"href":"https:\/\/abela.shop\/rs\/wp-json\/wp\/v2\/product_tag?post=234890"}],"curies":[{"name":"wp","href":"https:\/\/api.w.org\/{rel}","templated":true}]}}