{"id":234891,"date":"2024-12-11T13:02:19","date_gmt":"2024-12-11T13:02:19","guid":{"rendered":"https:\/\/abela.shop\/rs\/\u043f\u0440\u043e\u0438\u0437\u0432\u043e\u0434\/bivits-activa-vitamin-b12\/"},"modified":"2026-05-01T00:00:47","modified_gmt":"2026-04-30T23:00:47","slug":"bivits-activa-vitamin-b12-1000-mcg-60-tableta","status":"publish","type":"product","link":"https:\/\/abela.shop\/rs\/proizvod\/bivits-activa-vitamin-b12-1000-mcg-60-tableta\/","title":{"rendered":"BiVits\u00ae ACTIVA Vitamin B12 1000 \u00b5g, 60 tableta"},"content":{"rendered":"<p><strong>BiVits<sup>\u00ae <\/sup>ACTIVA Vitamin B12 1000 \u00b5g<\/strong> je dodatak ishrani sa vitaminom B12. Formula koja u jednoj tableti obezbe\u0111uje 1000 \u00b5g vitamina B12, namenjena je za prevenciju razvoja deficita ali i tretman ve\u0107 postoje\u0107eg nedostatka vitamina B12.<\/p>\n<p><strong>BiVits<sup>\u00ae <\/sup>ACTIVA Vitamin B12 1000 \u00b5g doprinosi:<\/strong><br \/>\n\u2022 Normalnom stvaranju crvenih krvnih zrnaca<br \/>\n\u2022 Proizvodnji energije i pravilnom metabolizmu<br \/>\n\u2022 Normalnoj funkciji nervnog sistema<br \/>\n\u2022 Smanjenju umora i <a href=\"https:\/\/bivits.com\/proizvod\/magnezijum-citrat\/\" target=\"_blank\" rel=\"noopener\"><strong>iscrpljenosti<\/strong><\/a><br \/>\n\u2022 Normalnoj <a href=\"https:\/\/abela.shop\/rs\/proizvod\/tensilen-paket-za-30-dana\/\"><strong>psiholo\u0161koj funkciji<\/strong><\/a><br \/>\n\u2022 Regulaciji nivoa homocisteina i zdravllju srca i krvnih sudova<\/p>\n<h2>Namena proizvoda:<\/h2>\n<p><strong>BiVits<sup>\u00ae <\/sup>ACTIVA Vitamin B12 1000 \u00b5g se preporu\u010duje:<\/strong><br \/>\n\u2022 Za normalan energetski metabolizam i smanjenje umora i iscrpljenosti<br \/>\n\u2022 Kod o\u0161te\u0107enja nerava razli\u010ditog porekla<br \/>\n\u2022 Kod nedostatka i pove\u0107anih potreba za vitaminom B12<br \/>\nOsobe koje su u ve\u0107em riziku za razvoj nedostatka vitamina B12 su:<br \/>\n\u2022 Starije osobe<br \/>\n\u2022 Vegani\/ vegetarijanci<\/p>\n<h2>Sastav proizvoda:<\/h2>\n<p>Cijankobalamin (vitamin B12), sredstvo za pove\u0107anje zapremine: manitol i mikrokristalna celuloza, skrob (kukuruzni) sredstvo protiv zgrudvavanja: magnezijum stearat.<\/p>\n<h2>Na\u010din upotrebe:<\/h2>\n<p>Odrasli i deca iznad 3 godine: Jednom dnevno popiti 1 tabletu.<\/p>\n","protected":false},"excerpt":{"rendered":"<p><span class=\"opis-proizvoda\"><i class=\"fa-solid fa-circle-check check-opis-proizvoda\"><\/i><strong>Re\u0161enje za za prevenciju i tretman ve\u0107 postoje\u0107eg nedostatka vitamina B12<\/strong><\/span><br \/>\n<span class=\"opis-proizvoda\"><i class=\"fa-solid fa-circle-check check-opis-proizvoda\"><\/i>Formula posebno pogodna za vegane, vegetarijance i osobe koje ishranom ne mogu da unesu adekvatne koli\u010dine vitamina B12.<\/span><\/p>\n","protected":false},"featured_media":234970,"comment_status":"open","ping_status":"closed","template":"","meta":{"_acf_changed":false},"product_brand":[],"product_cat":[88],"product_tag":[],"class_list":{"0":"post-234891","1":"product","2":"type-product","3":"status-publish","4":"has-post-thumbnail","6":"product_cat-vitamini-i-minerali","8":"first","9":"instock","10":"shipping-taxable","11":"purchasable","12":"product-type-simple"},"acf":[],"jetpack_sharing_enabled":true,"_links":{"self":[{"href":"https:\/\/abela.shop\/rs\/wp-json\/wp\/v2\/product\/234891","targetHints":{"allow":["GET"]}}],"collection":[{"href":"https:\/\/abela.shop\/rs\/wp-json\/wp\/v2\/product"}],"about":[{"href":"https:\/\/abela.shop\/rs\/wp-json\/wp\/v2\/types\/product"}],"replies":[{"embeddable":true,"href":"https:\/\/abela.shop\/rs\/wp-json\/wp\/v2\/comments?post=234891"}],"version-history":[{"count":0,"href":"https:\/\/abela.shop\/rs\/wp-json\/wp\/v2\/product\/234891\/revisions"}],"wp:featuredmedia":[{"embeddable":true,"href":"https:\/\/abela.shop\/rs\/wp-json\/wp\/v2\/media\/234970"}],"wp:attachment":[{"href":"https:\/\/abela.shop\/rs\/wp-json\/wp\/v2\/media?parent=234891"}],"wp:term":[{"taxonomy":"product_brand","embeddable":true,"href":"https:\/\/abela.shop\/rs\/wp-json\/wp\/v2\/product_brand?post=234891"},{"taxonomy":"product_cat","embeddable":true,"href":"https:\/\/abela.shop\/rs\/wp-json\/wp\/v2\/product_cat?post=234891"},{"taxonomy":"product_tag","embeddable":true,"href":"https:\/\/abela.shop\/rs\/wp-json\/wp\/v2\/product_tag?post=234891"}],"curies":[{"name":"wp","href":"https:\/\/api.w.org\/{rel}","templated":true}]}}