{"id":234895,"date":"2024-12-11T13:02:21","date_gmt":"2024-12-11T13:02:21","guid":{"rendered":"https:\/\/abela.shop\/rs\/\u043f\u0440\u043e\u0438\u0437\u0432\u043e\u0434\/bivits-pucaj-od-snage-paket\/"},"modified":"2026-05-02T17:59:59","modified_gmt":"2026-05-02T16:59:59","slug":"bivits-activa-pucaj-od-snage-paket","status":"publish","type":"product","link":"https:\/\/abela.shop\/rs\/proizvod\/bivits-activa-pucaj-od-snage-paket\/","title":{"rendered":"BiVits\u00ae ACTIVA Pucaj od snage paket"},"content":{"rendered":"\t\t<div data-elementor-type=\"product-post\" data-elementor-id=\"234895\" class=\"elementor elementor-234895\" data-elementor-post-type=\"product\">\n\t\t\t\t<div class=\"wd-negative-gap elementor-element elementor-element-12bc985 e-flex e-con-boxed e-con e-parent\" data-id=\"12bc985\" data-element_type=\"container\" data-e-type=\"container\">\n\t\t\t\t\t<div class=\"e-con-inner\">\n\t\t<div class=\"elementor-element elementor-element-06e59ed e-con-full e-flex e-con e-child\" data-id=\"06e59ed\" data-element_type=\"container\" data-e-type=\"container\">\n\t\t\t\t<\/div>\n\t\t<div class=\"elementor-element elementor-element-fd6a2fd e-con-full e-flex e-con e-child\" data-id=\"fd6a2fd\" data-element_type=\"container\" data-e-type=\"container\">\n\t\t\t\t<div class=\"elementor-element elementor-element-568c6435 color-scheme-inherit text-left elementor-widget elementor-widget-text-editor\" data-id=\"568c6435\" data-element_type=\"widget\" data-e-type=\"widget\" data-widget_type=\"text-editor.default\">\n\t\t\t\t<div class=\"elementor-widget-container\">\n\t\t\t\t\t\t\t\t\t<p><strong>BiVits<sup>\u00ae\u00a0<\/sup>ACTIVA Pucaj od snage paket<\/strong>\u00a0je za tebe ako si stalno u pokretu, voli\u0161 da trenira\u0161, tvoje telo tro\u0161i dosta energije, fizi\u010dki si aktivan\/na, i ne voli\u0161 da tro\u0161i\u0161 puno vremena za odmor.<\/p>\t\t\t\t\t\t\t\t<\/div>\n\t\t\t\t<\/div>\n\t\t\t\t<\/div>\n\t\t<div class=\"elementor-element elementor-element-c968726 e-con-full e-flex e-con e-child\" data-id=\"c968726\" data-element_type=\"container\" data-e-type=\"container\">\n\t\t\t\t<\/div>\n\t\t\t\t\t<\/div>\n\t\t\t\t<\/div>\n\t\t<div class=\"wd-negative-gap elementor-element elementor-element-d9ca1bd e-flex e-con-boxed e-con e-parent\" data-id=\"d9ca1bd\" data-element_type=\"container\" data-e-type=\"container\">\n\t\t\t\t\t<div class=\"e-con-inner\">\n\t\t<div class=\"elementor-element elementor-element-a1dfcd0 e-con-full e-flex e-con e-child\" data-id=\"a1dfcd0\" data-element_type=\"container\" data-e-type=\"container\">\n\t\t\t\t<div class=\"elementor-element elementor-element-2edab06 elementor-widget elementor-widget-image\" data-id=\"2edab06\" data-element_type=\"widget\" data-e-type=\"widget\" data-widget_type=\"image.default\">\n\t\t\t\t<div class=\"elementor-widget-container\">\n\t\t\t\t\t\t\t\t\t\t\t\t\t\t\t<img decoding=\"async\" width=\"800\" height=\"800\" src=\"https:\/\/abela.shop\/rs\/wp-content\/uploads\/2024\/12\/BiVits-selen-800x800.jpg\" class=\"attachment-large size-large wp-image-235425\" alt=\"BiVits\u00ae ACTIVA Selen, 60 tableta\" srcset=\"https:\/\/abela.shop\/rs\/wp-content\/uploads\/2024\/12\/BiVits-selen-800x800.jpg 800w, https:\/\/abela.shop\/rs\/wp-content\/uploads\/2024\/12\/BiVits-selen-430x430.jpg 430w, https:\/\/abela.shop\/rs\/wp-content\/uploads\/2024\/12\/BiVits-selen-150x150.jpg 150w, https:\/\/abela.shop\/rs\/wp-content\/uploads\/2024\/12\/BiVits-selen-700x700.jpg 700w, https:\/\/abela.shop\/rs\/wp-content\/uploads\/2024\/12\/BiVits-selen-300x300.jpg 300w, https:\/\/abela.shop\/rs\/wp-content\/uploads\/2024\/12\/BiVits-selen-768x768.jpg 768w, https:\/\/abela.shop\/rs\/wp-content\/uploads\/2024\/12\/BiVits-selen-90x90.jpg 90w, https:\/\/abela.shop\/rs\/wp-content\/uploads\/2024\/12\/BiVits-selen.jpg 1000w\" sizes=\"(max-width: 800px) 100vw, 800px\" title=\"\">\t\t\t\t\t\t\t\t\t\t\t\t\t\t\t<\/div>\n\t\t\t\t<\/div>\n\t\t\t\t<div class=\"elementor-element elementor-element-8e5f900 color-scheme-inherit text-left elementor-widget elementor-widget-text-editor\" data-id=\"8e5f900\" data-element_type=\"widget\" data-e-type=\"widget\" data-widget_type=\"text-editor.default\">\n\t\t\t\t<div class=\"elementor-widget-container\">\n\t\t\t\t\t\t\t\t\t<p><strong>BiVits<sup>\u00ae <\/sup>ACTIVA Selen<\/strong> je formula koja obezbe\u0111uje optimalnu dozu selena u jednoj tableti. Selen deluje kao antioksidans i u\u010destvuje u detoksikaciji organizma i ja\u010danju imuniteta. Od vitalnog zna\u010daja je za zdravlje \u0161titne \u017elezde i odr\u017eavanje normalnog metabolizma i energije u telu.<\/p>\t\t\t\t\t\t\t\t<\/div>\n\t\t\t\t<\/div>\n\t\t\t\t<\/div>\n\t\t<div class=\"elementor-element elementor-element-f79a538 e-con-full e-flex e-con e-child\" data-id=\"f79a538\" data-element_type=\"container\" data-e-type=\"container\">\n\t\t\t\t<div class=\"elementor-element elementor-element-39d1491 elementor-widget elementor-widget-image\" data-id=\"39d1491\" data-element_type=\"widget\" data-e-type=\"widget\" data-widget_type=\"image.default\">\n\t\t\t\t<div class=\"elementor-widget-container\">\n\t\t\t\t\t\t\t\t\t\t\t\t\t\t\t<img decoding=\"async\" width=\"800\" height=\"800\" src=\"https:\/\/abela.shop\/rs\/wp-content\/uploads\/2024\/12\/BiVits-trostruka-800x800.jpg\" class=\"attachment-large size-large wp-image-234969\" alt=\"BiVits\u00ae ACTIVA Vitamin C 1000 Cink Vitamin D3 1000, 60 tableta\" srcset=\"https:\/\/abela.shop\/rs\/wp-content\/uploads\/2024\/12\/BiVits-trostruka-800x800.jpg 800w, https:\/\/abela.shop\/rs\/wp-content\/uploads\/2024\/12\/BiVits-trostruka-430x430.jpg 430w, https:\/\/abela.shop\/rs\/wp-content\/uploads\/2024\/12\/BiVits-trostruka-150x150.jpg 150w, https:\/\/abela.shop\/rs\/wp-content\/uploads\/2024\/12\/BiVits-trostruka-700x700.jpg 700w, https:\/\/abela.shop\/rs\/wp-content\/uploads\/2024\/12\/BiVits-trostruka-300x300.jpg 300w, https:\/\/abela.shop\/rs\/wp-content\/uploads\/2024\/12\/BiVits-trostruka-768x768.jpg 768w, https:\/\/abela.shop\/rs\/wp-content\/uploads\/2024\/12\/BiVits-trostruka-90x90.jpg 90w, https:\/\/abela.shop\/rs\/wp-content\/uploads\/2024\/12\/BiVits-trostruka.jpg 1000w\" sizes=\"(max-width: 800px) 100vw, 800px\" title=\"\">\t\t\t\t\t\t\t\t\t\t\t\t\t\t\t<\/div>\n\t\t\t\t<\/div>\n\t\t\t\t<div class=\"elementor-element elementor-element-21dc73d color-scheme-inherit text-left elementor-widget elementor-widget-text-editor\" data-id=\"21dc73d\" data-element_type=\"widget\" data-e-type=\"widget\" data-widget_type=\"text-editor.default\">\n\t\t\t\t<div class=\"elementor-widget-container\">\n\t\t\t\t\t\t\t\t\t<p><strong>BiVits<sup>\u00ae <\/sup>ACTIVA Vitamin C 1000 Cink Vitamin D3<\/strong> je trostruka formula koja obezbe\u0111uje sinergisti\u010dki efekat u pove\u0107anju otpornosti organizma. Ja\u010da imunitet i olak\u0161ava telu da se izbori sa razli\u010ditim infekcijama.<\/p>\t\t\t\t\t\t\t\t<\/div>\n\t\t\t\t<\/div>\n\t\t\t\t<\/div>\n\t\t<div class=\"elementor-element elementor-element-ab10d8b e-con-full e-flex e-con e-child\" data-id=\"ab10d8b\" data-element_type=\"container\" data-e-type=\"container\">\n\t\t\t\t<div class=\"elementor-element elementor-element-f378d51 elementor-widget elementor-widget-image\" data-id=\"f378d51\" data-element_type=\"widget\" data-e-type=\"widget\" data-widget_type=\"image.default\">\n\t\t\t\t<div class=\"elementor-widget-container\">\n\t\t\t\t\t\t\t\t\t\t\t\t\t\t\t<img decoding=\"async\" width=\"800\" height=\"800\" src=\"https:\/\/abela.shop\/rs\/wp-content\/uploads\/2025\/12\/mg-citrat-400-2.jpg\" class=\"attachment-large size-large wp-image-259532\" alt=\"\" srcset=\"https:\/\/abela.shop\/rs\/wp-content\/uploads\/2025\/12\/mg-citrat-400-2.jpg 800w, https:\/\/abela.shop\/rs\/wp-content\/uploads\/2025\/12\/mg-citrat-400-2-300x300.jpg 300w, https:\/\/abela.shop\/rs\/wp-content\/uploads\/2025\/12\/mg-citrat-400-2-150x150.jpg 150w, https:\/\/abela.shop\/rs\/wp-content\/uploads\/2025\/12\/mg-citrat-400-2-768x768.jpg 768w, https:\/\/abela.shop\/rs\/wp-content\/uploads\/2025\/12\/mg-citrat-400-2-100x100.jpg 100w, https:\/\/abela.shop\/rs\/wp-content\/uploads\/2025\/12\/mg-citrat-400-2-200x200.jpg 200w, https:\/\/abela.shop\/rs\/wp-content\/uploads\/2025\/12\/mg-citrat-400-2-400x400.jpg 400w, https:\/\/abela.shop\/rs\/wp-content\/uploads\/2025\/12\/mg-citrat-400-2-500x500.jpg 500w, https:\/\/abela.shop\/rs\/wp-content\/uploads\/2025\/12\/mg-citrat-400-2-430x430.jpg 430w, https:\/\/abela.shop\/rs\/wp-content\/uploads\/2025\/12\/mg-citrat-400-2-700x700.jpg 700w, https:\/\/abela.shop\/rs\/wp-content\/uploads\/2025\/12\/mg-citrat-400-2-90x90.jpg 90w\" sizes=\"(max-width: 800px) 100vw, 800px\" title=\"\">\t\t\t\t\t\t\t\t\t\t\t\t\t\t\t<\/div>\n\t\t\t\t<\/div>\n\t\t\t\t<div class=\"elementor-element elementor-element-b50533d color-scheme-inherit text-left elementor-widget elementor-widget-text-editor\" data-id=\"b50533d\" data-element_type=\"widget\" data-e-type=\"widget\" data-widget_type=\"text-editor.default\">\n\t\t\t\t<div class=\"elementor-widget-container\">\n\t\t\t\t\t\t\t\t\t<p><strong>BiVits<sup>\u00ae <\/sup> ACTIVA Magnezijum citrat 400 mg<\/strong> sadr\u017ei 100% soli magnezijum citrata, oblik poznat po visokoj bioraspolo\u017eivosti i dobroj podno\u0161ljivosti. Obezbe\u0111uje efikasnu i pouzdanu podr\u0161ku za svakodnevne potrebe organizma.<\/p>\t\t\t\t\t\t\t\t<\/div>\n\t\t\t\t<\/div>\n\t\t\t\t<\/div>\n\t\t\t\t\t<\/div>\n\t\t\t\t<\/div>\n\t\t<div class=\"wd-negative-gap elementor-element elementor-element-945986e e-flex e-con-boxed e-con e-parent\" data-id=\"945986e\" data-element_type=\"container\" data-e-type=\"container\">\n\t\t\t\t\t<div class=\"e-con-inner\">\n\t\t\t\t<div class=\"elementor-element elementor-element-45660f0 color-scheme-inherit text-left elementor-widget elementor-widget-text-editor\" data-id=\"45660f0\" data-element_type=\"widget\" data-e-type=\"widget\" data-widget_type=\"text-editor.default\">\n\t\t\t\t<div class=\"elementor-widget-container\">\n\t\t\t\t\t\t\t\t\t<h2>Sastav paketa:<\/h2>\n<p>BiVits<sup>\u00ae <\/sup>ACTIVA Selen, BiVits<sup>\u00ae <\/sup>ACTIVA Vitamin C 1000 Cink Vitamin D3 i BiVits<sup>\u00ae <\/sup>ACTIVA Magnezijum&nbsp;citrat 400 mg<\/p>\n<h2>Na\u010din upotrebe:<\/h2>\n<p>UJUTRU: BiVits<sup>\u00ae <\/sup>ACTIVA Vitamin C 1000, Cink i Vitamin D, kao i BiVits<sup>\u00ae <\/sup>ACTIVA Selen.<\/p>\n<p>UVE\u010cE: 2h pre spavanja: BiVits<sup>\u00ae <\/sup>ACTIVA Magnezijum citrat.<\/p>\t\t\t\t\t\t\t\t<\/div>\n\t\t\t\t<\/div>\n\t\t\t\t\t<\/div>\n\t\t\t\t<\/div>\n\t\t\t\t<\/div>\n\t\t","protected":false},"excerpt":{"rendered":"<p><strong>BiVits\u00ae ACTIVA Pucaj od snage paket<\/strong> je za tebe ako:<\/p>\n<p><span class=\"opis-proizvoda\"><i class=\"fa-solid fa-circle-check check-opis-proizvoda\"><\/i>Svakodnevno si u pokretu<\/span><br \/>\n<span class=\"opis-proizvoda\"><i class=\"fa-solid fa-circle-check check-opis-proizvoda\"><\/i>Voli\u0161 da trenira\u0161<\/span><br \/>\n<span class=\"opis-proizvoda\"><i class=\"fa-solid fa-circle-check check-opis-proizvoda\"><\/i>Tvoje telo tro\u0161i dosta energije<\/span><br \/>\n<span class=\"opis-proizvoda\"><i class=\"fa-solid fa-circle-check check-opis-proizvoda\"><\/i>Retko kada odmara\u0161<\/span><br \/>\n<span class=\"opis-proizvoda\"><i class=\"fa-solid fa-circle-check check-opis-proizvoda\"><\/i>Trudi\u0161 se da pored posla uvek na\u0111e\u0161 vreme za fizi\u010dku aktivnost<\/span><\/p>\n<p>Sna\u017ean trio BiVits proizvoda:<\/p>\n<ul>\n<li>BiVits<sup>\u00ae <\/sup>ACTIVA Magnezijum Citrat 400mg<\/li>\n<li>BiVits<sup>\u00ae<\/sup> ACTIVA Vitamin C1000, cink, vitamin D3 1000<\/li>\n<li>BiVits<sup>\u00ae <\/sup>ACTIVA Selen<\/li>\n<\/ul>\n<p>Podr\u0161ka tvom aktivnom na\u010dinu \u017eivota, poja\u010danoj fizi\u010dkoj aktivnosti i potrebi za energijom!<\/p>\n","protected":false},"featured_media":261768,"comment_status":"open","ping_status":"closed","template":"","meta":{"_acf_changed":false},"product_brand":[],"product_cat":[133,101,88],"product_tag":[],"class_list":{"0":"post-234895","1":"product","2":"type-product","3":"status-publish","4":"has-post-thumbnail","6":"product_cat-akcije","7":"product_cat-paketi","8":"product_cat-vitamini-i-minerali","10":"first","11":"instock","12":"sale","13":"featured","14":"shipping-taxable","15":"purchasable","16":"product-type-simple"},"acf":[],"jetpack_sharing_enabled":true,"_links":{"self":[{"href":"https:\/\/abela.shop\/rs\/wp-json\/wp\/v2\/product\/234895","targetHints":{"allow":["GET"]}}],"collection":[{"href":"https:\/\/abela.shop\/rs\/wp-json\/wp\/v2\/product"}],"about":[{"href":"https:\/\/abela.shop\/rs\/wp-json\/wp\/v2\/types\/product"}],"replies":[{"embeddable":true,"href":"https:\/\/abela.shop\/rs\/wp-json\/wp\/v2\/comments?post=234895"}],"version-history":[{"count":0,"href":"https:\/\/abela.shop\/rs\/wp-json\/wp\/v2\/product\/234895\/revisions"}],"wp:featuredmedia":[{"embeddable":true,"href":"https:\/\/abela.shop\/rs\/wp-json\/wp\/v2\/media\/261768"}],"wp:attachment":[{"href":"https:\/\/abela.shop\/rs\/wp-json\/wp\/v2\/media?parent=234895"}],"wp:term":[{"taxonomy":"product_brand","embeddable":true,"href":"https:\/\/abela.shop\/rs\/wp-json\/wp\/v2\/product_brand?post=234895"},{"taxonomy":"product_cat","embeddable":true,"href":"https:\/\/abela.shop\/rs\/wp-json\/wp\/v2\/product_cat?post=234895"},{"taxonomy":"product_tag","embeddable":true,"href":"https:\/\/abela.shop\/rs\/wp-json\/wp\/v2\/product_tag?post=234895"}],"curies":[{"name":"wp","href":"https:\/\/api.w.org\/{rel}","templated":true}]}}