{"id":234897,"date":"2024-12-11T13:02:22","date_gmt":"2024-12-11T13:02:22","guid":{"rendered":"https:\/\/abela.shop\/rs\/\u043f\u0440\u043e\u0438\u0437\u0432\u043e\u0434\/bivits-no-stress-paket\/"},"modified":"2026-04-18T18:59:30","modified_gmt":"2026-04-18T17:59:30","slug":"bivits-activa-no-stress-paket","status":"publish","type":"product","link":"https:\/\/abela.shop\/rs\/proizvod\/bivits-activa-no-stress-paket\/","title":{"rendered":"BiVits\u00ae ACTIVA No Stress paket"},"content":{"rendered":"<p><strong>BiVits<sup>\u00ae<\/sup> ACTIVA No Stress paket<\/strong> je za tebe ukoliko si konstantno pod stresom: ose\u0107a\u0161 pritisak sa svih strana, ima\u0161 puno obaveza, puno i prekovremeno radi\u0161, nedostaje ti koncentracija, ne spava\u0161 dovoljno i budi\u0161 se pod <a href=\"https:\/\/abela.shop\/rs\/proizvod\/tensilen-10-kapsula\/\"><strong>stresom<\/strong><\/a>.<\/p>\n<p><img loading=\"lazy\" decoding=\"async\" src=\"https:\/\/abela.shop\/rs\/wp-content\/uploads\/2024\/12\/BiVits-b-complex-800x800.jpg\" alt=\"\" width=\"800\" height=\"800\" title=\"\"><\/p>\n<p><strong>BiVits<sup>\u00ae<\/sup> ACTIVA B complex<\/strong> je formula koja objedinjuje <a href=\"https:\/\/bivits.com\/proizvod\/vitamin-b-complex\/\" target=\"_blank\" rel=\"noopener\"><strong>vitamine B grupe<\/strong><\/a> u jednoj tableti. Doprinosi smanjenju nervne napetosti i o\u010duvanju nerava. Vitamini B kompleksa doprinose podizanju nivoa energije i smanjenju zamora i iscrpljenosti.<\/p>\n<p><img loading=\"lazy\" decoding=\"async\" src=\"https:\/\/abela.shop\/rs\/wp-content\/uploads\/2024\/12\/BiVits-Melatonin-800x800.jpg\" alt=\"\" width=\"800\" height=\"800\" title=\"\"><\/p>\n<p><strong>BiVits<sup>\u00ae <\/sup>ACTIVA Melatonin<\/strong> je formula koja poma\u017ee u re\u0161avanju problema sa spavanjem. Melatonin olak\u0161ava uspavljivanje, pobolj\u0161ava kvalitet sna i uti\u010de na odr\u017eavanje kontinuiteta sna.<\/p>\n<p><img loading=\"lazy\" decoding=\"async\" src=\"https:\/\/abela.shop\/rs\/wp-content\/uploads\/2024\/12\/BiVits-mg-citrat-800x800.jpg\" alt=\"\" width=\"800\" height=\"800\" title=\"\"><\/p>\n<p><strong>BiVits<sup>\u00ae<\/sup> ACTIVA Magnezijum citrat sa vitaminom B6<\/strong> je formula koja opu\u0161ta mi\u0161i\u0107e, osloba\u0111a od umora, bolova i gr\u010deva u mi\u0161i\u0107ima. Doprinosi relaksaciji organizma i boljem raspolo\u017eenju. Magnezijum u obliku citrata obezbe\u0111uje brzi efekat i bolju iskoristljivost u organizmu.<\/p>\n<h2>UPOTREBA:<\/h2>\n<p>UJUTRU: BiVits<sup>\u00ae<\/sup> ACTIVA Magnezijum citrat, UVE\u010cE 1-2h pre spavanja: BiVits<sup>\u00ae <\/sup>ACTIVA B complex i BiVits<sup>\u00ae<\/sup> ACTIVA Melatonin.<\/p>\n","protected":false},"excerpt":{"rendered":"<p><strong>BiVits\u00ae ACTIVA NO STRESS paket<\/strong> je za tebe ako:<\/p>\n<p>\u2705 Ose\u0107a\u0161 pritisak sa svih strana<br \/>\n\u2705 Ima\u0161 mnogo obaveza<br \/>\n\u2705 Puno radi\u0161, uglavnom i prekovremeno<br \/>\n\u2705 Konstantno si pod stresom<br \/>\n\u2705 \u010cesto ti nedostaje koncetracija<br \/>\n\u2705 Ne spavas dovoljno i budi\u0161 se pod stresom<\/p>\n<p>Paket sadr\u017ei:<\/p>\n<ul>\n<li>BiVits<sup>\u00ae<\/sup> ACTIVA B complex<\/li>\n<li>BiVits<sup>\u00ae<\/sup> ACTIVA Melatonin<\/li>\n<li>BiVits\u00ae ACTIVA Magnezijum citrat sa vitaminom B6<\/li>\n<\/ul>\n","protected":false},"featured_media":237514,"comment_status":"open","ping_status":"closed","template":"","meta":{"_acf_changed":false},"product_brand":[],"product_cat":[133,147,101,88],"product_tag":[],"class_list":{"0":"post-234897","1":"product","2":"type-product","3":"status-publish","4":"has-post-thumbnail","6":"product_cat-akcije","7":"product_cat-istaknuto","8":"product_cat-paketi","9":"product_cat-vitamini-i-minerali","11":"first","12":"instock","13":"sale","14":"featured","15":"shipping-taxable","16":"purchasable","17":"product-type-simple"},"acf":[],"jetpack_sharing_enabled":true,"_links":{"self":[{"href":"https:\/\/abela.shop\/rs\/wp-json\/wp\/v2\/product\/234897","targetHints":{"allow":["GET"]}}],"collection":[{"href":"https:\/\/abela.shop\/rs\/wp-json\/wp\/v2\/product"}],"about":[{"href":"https:\/\/abela.shop\/rs\/wp-json\/wp\/v2\/types\/product"}],"replies":[{"embeddable":true,"href":"https:\/\/abela.shop\/rs\/wp-json\/wp\/v2\/comments?post=234897"}],"version-history":[{"count":24,"href":"https:\/\/abela.shop\/rs\/wp-json\/wp\/v2\/product\/234897\/revisions"}],"predecessor-version":[{"id":246851,"href":"https:\/\/abela.shop\/rs\/wp-json\/wp\/v2\/product\/234897\/revisions\/246851"}],"wp:featuredmedia":[{"embeddable":true,"href":"https:\/\/abela.shop\/rs\/wp-json\/wp\/v2\/media\/237514"}],"wp:attachment":[{"href":"https:\/\/abela.shop\/rs\/wp-json\/wp\/v2\/media?parent=234897"}],"wp:term":[{"taxonomy":"product_brand","embeddable":true,"href":"https:\/\/abela.shop\/rs\/wp-json\/wp\/v2\/product_brand?post=234897"},{"taxonomy":"product_cat","embeddable":true,"href":"https:\/\/abela.shop\/rs\/wp-json\/wp\/v2\/product_cat?post=234897"},{"taxonomy":"product_tag","embeddable":true,"href":"https:\/\/abela.shop\/rs\/wp-json\/wp\/v2\/product_tag?post=234897"}],"curies":[{"name":"wp","href":"https:\/\/api.w.org\/{rel}","templated":true}]}}