{"id":234929,"date":"2024-12-11T13:13:24","date_gmt":"2024-12-11T13:13:24","guid":{"rendered":"https:\/\/abela.shop\/rs\/\u043f\u0440\u043e\u0438\u0437\u0432\u043e\u0434\/herbiko-africka-sljiva\/"},"modified":"2026-04-11T14:59:25","modified_gmt":"2026-04-11T13:59:25","slug":"herbiko-africka-sljiva-10-kapsula","status":"publish","type":"product","link":"https:\/\/abela.shop\/rs\/proizvod\/herbiko-africka-sljiva-10-kapsula\/","title":{"rendered":"HERBIKO\u00ae AFRI\u010cKA \u0160LJIVA, 10 kapsula"},"content":{"rendered":"<h2><strong>HERBIKO<sup>\u00ae <\/sup>AFRI\u010cKA \u0160LJIVA<\/strong><\/h2>\n<p><strong>HERBIKO<sup>\u00ae <\/sup>AFRI\u010cKA \u0160LJIVA<\/strong> je dodatak ishrani na bazi ekstrakta kore afri\u010dke \u0161ljive (<em>Pygeum africanum, Prunus africana<\/em>), namenjena podr\u0161ci zdravlju urogenitalnog sistema mu\u0161karaca. Doprinosi normalnoj i ja\u010doj potenciji, normalnoj funkciji prostate (kod prostatitisa, benigne hiperplazije prostate, <a href=\"https:\/\/naturoplex.com\/\" target=\"_blank\" rel=\"noopener\"><strong>poreme\u0107aja mokrenja<\/strong><\/a>), normalnom libidu.<\/p>\n<p>Aktivne komponente iz kore afri\u010dke \u0161ljive Beta-sitosteroli, ostvaruju svoju ulogu u <a href=\"https:\/\/abela.shop\/rs\/proizvod\/naturoplex-36-film-tableta\/\"><strong>metabolizmu testosterona<\/strong><\/a>, smanjenju upale, otoka i veli\u010dine prostate, uti\u010du na postizanje normalne potencije i seksualne funkcije, i normalno funkcionisanje prostate.<\/p>\n<h2>Indikacije za kori\u0161\u0107enje proizvoda:<\/h2>\n<p>Erektilna disfunkcija, benigna hiperplazija prostate, urinarne infekcije kod mu\u0161karaca.<\/p>\n<h2>Sastav proizvoda:<\/h2>\n<p>Ekstrakt kore afri\u010dke \u0161ljive, kapsula (hidroksipropil-metilceluloza, boja: bakarni kompleks hlorofilina), sredstvo za pove\u0107anje zapremine: sorbitol, sredstvo protiv zgrudvavanja: magnezijum-stearat.<\/p>\n<h2>Na\u010din upotrebe:<\/h2>\n<p>1 kapsula dnevno uz \u010da\u0161u vode, najbolje uz obrok.<\/p>\n","protected":false},"excerpt":{"rendered":"<p><span class=\"opis-proizvoda\"><i class=\"fa-solid fa-circle-check check-opis-proizvoda\"><\/i><strong>Za ja\u010du potenciju i libido, i stabilizaciju funkcije prostate<\/strong><\/span><br \/>\n<span class=\"opis-proizvoda\"><i class=\"fa-solid fa-circle-check check-opis-proizvoda\"><\/i>Dodatak ishrani na bazi ekstrakta kore afri\u010dke \u0161ljive (Pygeum africanum, Prunus africana) namenjen podr\u0161ci zdravlju urogenitalnog sistema mu\u0161karaca<\/span><br \/>\n<span class=\"opis-proizvoda\"><i class=\"fa-solid fa-circle-check check-opis-proizvoda\"><\/i>Beta-sitosteroli iz kore afri\u010dke \u0161ljive deluju na metabolizam testosterona, smanjenje upale, otoka i veli\u010dine prostate<\/span><br \/>\n<span class=\"opis-proizvoda\"><i class=\"fa-solid fa-circle-check check-opis-proizvoda\"><\/i>Uti\u010de na normalizaciju potencije i funkcionisanje prostate<\/span><\/p>\n","protected":false},"featured_media":236035,"comment_status":"open","ping_status":"closed","template":"","meta":{"_acf_changed":false},"product_brand":[],"product_cat":[89],"product_tag":[],"class_list":{"0":"post-234929","1":"product","2":"type-product","3":"status-publish","4":"has-post-thumbnail","6":"product_cat-intimno-zdravlje-muskaraca","8":"first","9":"instock","10":"shipping-taxable","11":"purchasable","12":"product-type-simple"},"acf":[],"jetpack_sharing_enabled":true,"_links":{"self":[{"href":"https:\/\/abela.shop\/rs\/wp-json\/wp\/v2\/product\/234929","targetHints":{"allow":["GET"]}}],"collection":[{"href":"https:\/\/abela.shop\/rs\/wp-json\/wp\/v2\/product"}],"about":[{"href":"https:\/\/abela.shop\/rs\/wp-json\/wp\/v2\/types\/product"}],"replies":[{"embeddable":true,"href":"https:\/\/abela.shop\/rs\/wp-json\/wp\/v2\/comments?post=234929"}],"version-history":[{"count":23,"href":"https:\/\/abela.shop\/rs\/wp-json\/wp\/v2\/product\/234929\/revisions"}],"predecessor-version":[{"id":249356,"href":"https:\/\/abela.shop\/rs\/wp-json\/wp\/v2\/product\/234929\/revisions\/249356"}],"wp:featuredmedia":[{"embeddable":true,"href":"https:\/\/abela.shop\/rs\/wp-json\/wp\/v2\/media\/236035"}],"wp:attachment":[{"href":"https:\/\/abela.shop\/rs\/wp-json\/wp\/v2\/media?parent=234929"}],"wp:term":[{"taxonomy":"product_brand","embeddable":true,"href":"https:\/\/abela.shop\/rs\/wp-json\/wp\/v2\/product_brand?post=234929"},{"taxonomy":"product_cat","embeddable":true,"href":"https:\/\/abela.shop\/rs\/wp-json\/wp\/v2\/product_cat?post=234929"},{"taxonomy":"product_tag","embeddable":true,"href":"https:\/\/abela.shop\/rs\/wp-json\/wp\/v2\/product_tag?post=234929"}],"curies":[{"name":"wp","href":"https:\/\/api.w.org\/{rel}","templated":true}]}}