{"id":234930,"date":"2024-12-11T13:13:24","date_gmt":"2024-12-11T13:13:24","guid":{"rendered":"https:\/\/abela.shop\/rs\/\u043f\u0440\u043e\u0438\u0437\u0432\u043e\u0434\/herbiko-africka-sljiva-forte\/"},"modified":"2026-04-11T16:59:37","modified_gmt":"2026-04-11T15:59:37","slug":"herbiko-africka-sljiva-forte-10-kapsula","status":"publish","type":"product","link":"https:\/\/abela.shop\/rs\/proizvod\/herbiko-africka-sljiva-forte-10-kapsula\/","title":{"rendered":"HERBIKO\u00ae FORTE AFRI\u010cKA \u0160LJIVA, 10 kapsula"},"content":{"rendered":"<h2><strong>HERBIKO\u00ae FORTE AFRI\u010cKA \u0160LJIVA<\/strong><\/h2>\n<p><strong>HERBIKO<sup>\u00ae<\/sup> FORTE AFRI\u010cKA \u0160LJIVA<\/strong>\u00a0&#8211; dodatak ishrani na bazi ekstrakta kore afri\u010dke \u0161ljive (<em>Pygeum africanum, Prunus africana<\/em>) namenjen podr\u0161ci zdravlju urogenitalnog sistema mu\u0161karaca &#8211; za ja\u010du <a href=\"https:\/\/africkasljiva.com\/africka-sljiva-potencija\/\" target=\"_blank\" rel=\"noopener\"><strong>potenciju<\/strong><\/a> i libido, i stabilizaciju funkcije prostate.<\/p>\n<p>Pored pozitivnih uticaja beta-sitosterola iz kore afri\u010dke \u0161ljive koji ostvaruju svoju ulogu u metabolizmu testosterona, smanjenju upale, otoka i veli\u010dine prostate, dodatan pozitivan uticaj na zdravlje mu\u0161karaca i \u201edobar ose\u0107aj\u201c ostvaruje dodatak <em>SAMe.<\/em><\/p>\n<p><a href=\"https:\/\/abela.shop\/rs\/proizvod\/tensilen-paket-za-30-dana\/\"><strong><em>SAMe<\/em><\/strong><\/a> uti\u010de na sintezu neurotransmitera \u2013 serotonina, dopamina, noradrenalina \u2013 hormona odgovornih za na\u0161e \u201edobro raspolo\u017eenje\u201c. Smanjenje i disbalans serotonina, dopamina i noradrenalina u organizmu uti\u010de na nastanak depresije kao i na razli\u010dite promene raspolo\u017eenja. Dobro raspolo\u017eenje i dobar ose\u0107aj, va\u017eni su faktori za normalan libido i kvalitetan seksualni odnos.<\/p>\n<h2>Indikacije za kori\u0161\u0107enje proizvoda:<\/h2>\n<p>Erektilna disfuncija, benigna hiperplazija prostate, urinarne tegobe mu\u0161karaca, smanjen libido i mentalna slabost.<\/p>\n<h2>Sastav proizvoda:<\/h2>\n<p>S-adenozil L-metionin, disulfat p-toluensulfat, suvi ekstrakt kore afri\u010dke \u0161ljive, kapsula (hidroksipropilmetilceluloza, boja; titan-dioksid), skrob (kukuruzni), sredstvo protiv zgrudvavanja; magnezijum stearat, silicijum dioksid.<\/p>\n<h2>Na\u010din upotrebe:<\/h2>\n<p>1 kapsula dnevno.<\/p>\n","protected":false},"excerpt":{"rendered":"<p><span class=\"opis-proizvoda\"><i class=\"fa-solid fa-circle-check check-opis-proizvoda\"><\/i><strong>Za ja\u010du potenciju i libido, i stabilizaciju funkcije prostate u kombinaciji sa dobrim raspolo\u017eenjem i ose\u0107ajem, za koji je zadu\u017een SAMe<\/strong><\/span><br \/>\n<span class=\"opis-proizvoda\"><i class=\"fa-solid fa-circle-check check-opis-proizvoda\"><\/i>Dodatak ishrani na bazi ekstrakta kore afri\u010dke \u0161ljive (<em>Pygeum africanum, Prunus africana<\/em>) i S-adenozil L-metionina<\/span><br \/>\n<span class=\"opis-proizvoda\"><i class=\"fa-solid fa-circle-check check-opis-proizvoda\"><\/i>Namenjen podr\u0161ci zdravlju urogenitalnog sistema mu\u0161karaca<\/span><\/p>\n","protected":false},"featured_media":235446,"comment_status":"open","ping_status":"closed","template":"","meta":{"_acf_changed":false},"product_brand":[],"product_cat":[89],"product_tag":[],"class_list":{"0":"post-234930","1":"product","2":"type-product","3":"status-publish","4":"has-post-thumbnail","6":"product_cat-intimno-zdravlje-muskaraca","8":"first","9":"instock","10":"shipping-taxable","11":"purchasable","12":"product-type-simple"},"acf":[],"jetpack_sharing_enabled":true,"_links":{"self":[{"href":"https:\/\/abela.shop\/rs\/wp-json\/wp\/v2\/product\/234930","targetHints":{"allow":["GET"]}}],"collection":[{"href":"https:\/\/abela.shop\/rs\/wp-json\/wp\/v2\/product"}],"about":[{"href":"https:\/\/abela.shop\/rs\/wp-json\/wp\/v2\/types\/product"}],"replies":[{"embeddable":true,"href":"https:\/\/abela.shop\/rs\/wp-json\/wp\/v2\/comments?post=234930"}],"version-history":[{"count":22,"href":"https:\/\/abela.shop\/rs\/wp-json\/wp\/v2\/product\/234930\/revisions"}],"predecessor-version":[{"id":247842,"href":"https:\/\/abela.shop\/rs\/wp-json\/wp\/v2\/product\/234930\/revisions\/247842"}],"wp:featuredmedia":[{"embeddable":true,"href":"https:\/\/abela.shop\/rs\/wp-json\/wp\/v2\/media\/235446"}],"wp:attachment":[{"href":"https:\/\/abela.shop\/rs\/wp-json\/wp\/v2\/media?parent=234930"}],"wp:term":[{"taxonomy":"product_brand","embeddable":true,"href":"https:\/\/abela.shop\/rs\/wp-json\/wp\/v2\/product_brand?post=234930"},{"taxonomy":"product_cat","embeddable":true,"href":"https:\/\/abela.shop\/rs\/wp-json\/wp\/v2\/product_cat?post=234930"},{"taxonomy":"product_tag","embeddable":true,"href":"https:\/\/abela.shop\/rs\/wp-json\/wp\/v2\/product_tag?post=234930"}],"curies":[{"name":"wp","href":"https:\/\/api.w.org\/{rel}","templated":true}]}}