{"id":234931,"date":"2024-12-11T13:13:24","date_gmt":"2024-12-11T13:13:24","guid":{"rendered":"https:\/\/abela.shop\/rs\/\u043f\u0440\u043e\u0438\u0437\u0432\u043e\u0434\/africka-sljiva-kapi\/"},"modified":"2026-04-11T14:59:25","modified_gmt":"2026-04-11T13:59:25","slug":"africka-sljiva-kapi-10-ml","status":"publish","type":"product","link":"https:\/\/abela.shop\/rs\/proizvod\/africka-sljiva-kapi-10-ml\/","title":{"rendered":"AFRI\u010cKA \u0160LJIVA kapi, 10 ml"},"content":{"rendered":"<p><strong>AFRI\u010cKA \u0160LJIVA u kapima<\/strong>, sa ve\u0107 poznatim dejstvo afri\u010dke \u0161ljive poja\u010dana 7x ve\u0107om koncentracijom beta-sitosterola, uljem p\u0161eni\u010dnih klica i <a href=\"https:\/\/abela.shop\/rs\/proizvod\/bivits-activa-vitamin-e-100-iu-60-kapsula\/\"><strong>vitaminom E<\/strong><\/a>. Namenjena je kao podr\u0161ka zdravlju urogenitalnog sistema mu\u0161karca, doprinosi normalnoj i ja\u010doj potenciji, normalnoj funkciji prostate (kod prostatitisa, benigne hiperplazije prostate, poreme\u0107aja mokrenja), normalnom libidu i <a href=\"https:\/\/cardiovitamin.com\/\" target=\"_blank\" rel=\"noopener\"><strong>zdravlju kardiovaskularnog sistema<\/strong><\/a>. Novo i jedinstveno na tr\u017ei\u0161tu <strong>AFRI\u010cKA \u0160LJIVA u kapima<\/strong>. Jo\u0161 ja\u010da i potentnija, prakti\u010dnija za primenu, komfornija za poneti.<\/p>\n<h2>Indikacije za primenu proizvoda:<\/h2>\n<p>Erektilna disfunkcija, benigna hiperplazija prostate, problem potencije pra\u0107en kardiovaskularnim tegobama.<\/p>\n<h2>Sastav proizvoda:<\/h2>\n<p>Meki ekstrakt kore biljke afri\u010dka \u0161ljiva, ulje p\u0161eni\u010dnih klica, alfa-tokoferol, konzervans, benzoeva kiselina, antioksidans.<\/p>\n<h2>Na\u010din upotrebe:<\/h2>\n<p>0.75 ml kapi (odmeriti pipetom iz bo\u010dice) jednom dnevno;<\/p>\n","protected":false},"excerpt":{"rendered":"<p><span class=\"opis-proizvoda\"><i class=\"fa-solid fa-circle-check check-opis-proizvoda\"><\/i><strong>Novo i jedinstveno na tr\u017ei\u0161tu<\/strong><\/span><br \/>\n<span class=\"opis-proizvoda\"><i class=\"fa-solid fa-circle-check check-opis-proizvoda\"><\/i>Jo\u0161 ja\u010da i potentnija, prakti\u010dnija za primenu, komfornija za poneti<\/span><br \/>\n<span class=\"opis-proizvoda\"><i class=\"fa-solid fa-circle-check check-opis-proizvoda\"><\/i>Dodatak ishrani na bazi afri\u010dke \u0161ljive, poja\u010dan 7 puta ve\u0107om koncentracijom beta-sitosterola, uljem p\u0161eni\u010dnih klica i vitaminom E<\/span><\/p>\n","protected":false},"featured_media":235442,"comment_status":"open","ping_status":"closed","template":"","meta":{"_acf_changed":false},"product_brand":[],"product_cat":[89],"product_tag":[],"class_list":{"0":"post-234931","1":"product","2":"type-product","3":"status-publish","4":"has-post-thumbnail","6":"product_cat-intimno-zdravlje-muskaraca","8":"first","9":"instock","10":"shipping-taxable","11":"purchasable","12":"product-type-simple"},"acf":[],"jetpack_sharing_enabled":true,"_links":{"self":[{"href":"https:\/\/abela.shop\/rs\/wp-json\/wp\/v2\/product\/234931","targetHints":{"allow":["GET"]}}],"collection":[{"href":"https:\/\/abela.shop\/rs\/wp-json\/wp\/v2\/product"}],"about":[{"href":"https:\/\/abela.shop\/rs\/wp-json\/wp\/v2\/types\/product"}],"replies":[{"embeddable":true,"href":"https:\/\/abela.shop\/rs\/wp-json\/wp\/v2\/comments?post=234931"}],"version-history":[{"count":20,"href":"https:\/\/abela.shop\/rs\/wp-json\/wp\/v2\/product\/234931\/revisions"}],"predecessor-version":[{"id":247844,"href":"https:\/\/abela.shop\/rs\/wp-json\/wp\/v2\/product\/234931\/revisions\/247844"}],"wp:featuredmedia":[{"embeddable":true,"href":"https:\/\/abela.shop\/rs\/wp-json\/wp\/v2\/media\/235442"}],"wp:attachment":[{"href":"https:\/\/abela.shop\/rs\/wp-json\/wp\/v2\/media?parent=234931"}],"wp:term":[{"taxonomy":"product_brand","embeddable":true,"href":"https:\/\/abela.shop\/rs\/wp-json\/wp\/v2\/product_brand?post=234931"},{"taxonomy":"product_cat","embeddable":true,"href":"https:\/\/abela.shop\/rs\/wp-json\/wp\/v2\/product_cat?post=234931"},{"taxonomy":"product_tag","embeddable":true,"href":"https:\/\/abela.shop\/rs\/wp-json\/wp\/v2\/product_tag?post=234931"}],"curies":[{"name":"wp","href":"https:\/\/api.w.org\/{rel}","templated":true}]}}