{"id":234937,"date":"2024-12-11T13:13:26","date_gmt":"2024-12-11T13:13:26","guid":{"rendered":"https:\/\/abela.shop\/rs\/\u043f\u0440\u043e\u0438\u0437\u0432\u043e\u0434\/herbafast-avantgarde\/"},"modified":"2026-04-20T10:59:29","modified_gmt":"2026-04-20T09:59:29","slug":"herbafast-avantgarde-mineral-biotic-10-kapsula","status":"publish","type":"product","link":"https:\/\/abela.shop\/rs\/proizvod\/herbafast-avantgarde-mineral-biotic-10-kapsula\/","title":{"rendered":"Herbafast\u00ae Avantgarde mineral biotic, 10 kapsula"},"content":{"rendered":"<h2><strong>Herbafast<sup>\u00ae<\/sup>\u00a0 Avantgarde mineral biotic<\/strong><\/h2>\n<p><strong>Herbafast<sup>\u00ae<\/sup>\u00a0 Avantgarde mineral biotic<\/strong> je dodatak ishrani u kapsulama bogat sastavom hroma, cinka, vitamina C, \u0111umbira, kapsaicina iz paprike, koprive i probiotske kulture <em>Saccharomyces boulardii<\/em>. Proizvod je namenjen svima koji na zdrav na\u010din \u017eele re\u0161e problem vi\u0161ka kilograma, usporenog metabolizma i \u017eelje za slatki\u0161ima uz o\u010duvanje imuniteta i bioti\u010dke ravnote\u017ee organizma.<\/p>\n<p>Ova kombinacija aktivnih sastojaka doprinosi smanjenju \u017eelje za slatki\u0161ima, br\u017eem metabolizmu, smanjenju telesne te\u017eine i eliminaciji toksina iz organizma. Ekstrakt iz ploda paprike i \u0111umbira podsti\u010du termogeni efekat, zahvaljuju\u0107i kome se ubrzava metabolizam i poja\u010dava sagorevanje masnih naslaga. <strong>Herbafast<sup>\u00ae<\/sup> Avantgarde mineral biotic<\/strong> doprinosi regulaciji telesne te\u017eine, <a href=\"https:\/\/abela.shop\/rs\/proizvod\/bivits-activa-hrom-60-tableta\/\"><strong>regulaciji nivoa glukoze u krvi<\/strong><\/a>, regulacija \u017eelje za slatki\u0161ima, za\u0161titi od oksidativnog stresa, eliminaciji vi\u0161ka te\u010dnosti, boljoj sintezi <a href=\"https:\/\/bivits.com\/proizvod\/collagen-tripeptid\/\" target=\"_blank\" rel=\"noopener\"><strong>kolagena<\/strong><\/a> i strukturi ko\u017ee, bioti\u010dkoj ravnote\u017ei.<\/p>\n<h2>Indikacije za primenu proizvoda:<\/h2>\n<p>Gojaznost i vi\u0161ak kilograma, usporen metabolizam, insulinska rezistencija, fizi\u010dka neaktivnost i sedatorni stil \u017eivota.<\/p>\n<h2>Sastav proizvoda:<\/h2>\n<p>suvi ekstrakt lista koprive, kapsula (hipromeloza, boja: kalcijum-karbonat, skrob-natrijum-oktenilsukcinat), skrob (kukuruzni), <em>Saccharomyces boulardii<\/em>, ekstrakt \u0111umbira, L-askorbinska kiselina, cink citrat dihidrat, sredstvo protiv zgrudvavanja: magnezijum-stearat, granule ploda paprike, hrom.<\/p>\n<h2>Na\u010din upotrebe:<\/h2>\n<p>Odrasli i deca starija od 12 godina: 1 kapsula dnevno, pre jela.<\/p>\n","protected":false},"excerpt":{"rendered":"<p><span class=\"opis-proizvoda\"><i class=\"fa-solid fa-circle-check check-opis-proizvoda\"><\/i><strong>Zdravo re\u0161enje u kapsulama za vi\u0161ak kilograma, usporeni metabolizam i poja\u010danu \u017eelju za slatki\u0161ima<\/strong><\/span><br \/>\n<span class=\"opis-proizvoda\"><i class=\"fa-solid fa-circle-check check-opis-proizvoda\"><\/i>\u010cuva imunitet i uspostavlja bioti\u010dku ravnote\u017eu organizma<\/span><\/p>\n","protected":false},"featured_media":235477,"comment_status":"open","ping_status":"closed","template":"","meta":{"_acf_changed":false},"product_brand":[],"product_cat":[125,90],"product_tag":[],"class_list":{"0":"post-234937","1":"product","2":"type-product","3":"status-publish","4":"has-post-thumbnail","6":"product_cat-lepota","7":"product_cat-regulisanje-telesne-tezine","9":"first","10":"instock","11":"sale","12":"shipping-taxable","13":"purchasable","14":"product-type-simple"},"acf":[],"jetpack_sharing_enabled":true,"_links":{"self":[{"href":"https:\/\/abela.shop\/rs\/wp-json\/wp\/v2\/product\/234937","targetHints":{"allow":["GET"]}}],"collection":[{"href":"https:\/\/abela.shop\/rs\/wp-json\/wp\/v2\/product"}],"about":[{"href":"https:\/\/abela.shop\/rs\/wp-json\/wp\/v2\/types\/product"}],"replies":[{"embeddable":true,"href":"https:\/\/abela.shop\/rs\/wp-json\/wp\/v2\/comments?post=234937"}],"version-history":[{"count":28,"href":"https:\/\/abela.shop\/rs\/wp-json\/wp\/v2\/product\/234937\/revisions"}],"predecessor-version":[{"id":249323,"href":"https:\/\/abela.shop\/rs\/wp-json\/wp\/v2\/product\/234937\/revisions\/249323"}],"wp:featuredmedia":[{"embeddable":true,"href":"https:\/\/abela.shop\/rs\/wp-json\/wp\/v2\/media\/235477"}],"wp:attachment":[{"href":"https:\/\/abela.shop\/rs\/wp-json\/wp\/v2\/media?parent=234937"}],"wp:term":[{"taxonomy":"product_brand","embeddable":true,"href":"https:\/\/abela.shop\/rs\/wp-json\/wp\/v2\/product_brand?post=234937"},{"taxonomy":"product_cat","embeddable":true,"href":"https:\/\/abela.shop\/rs\/wp-json\/wp\/v2\/product_cat?post=234937"},{"taxonomy":"product_tag","embeddable":true,"href":"https:\/\/abela.shop\/rs\/wp-json\/wp\/v2\/product_tag?post=234937"}],"curies":[{"name":"wp","href":"https:\/\/api.w.org\/{rel}","templated":true}]}}