{"id":234943,"date":"2024-12-11T13:13:27","date_gmt":"2024-12-11T13:13:27","guid":{"rendered":"https:\/\/abela.shop\/rs\/\u043f\u0440\u043e\u0438\u0437\u0432\u043e\u0434\/dumm-junior-sprej\/"},"modified":"2026-04-16T22:59:29","modified_gmt":"2026-04-16T21:59:29","slug":"dumm-junior-sprej-100-ml","status":"publish","type":"product","link":"https:\/\/abela.shop\/rs\/proizvod\/dumm-junior-sprej-100-ml\/","title":{"rendered":"DUMM\u00ae junior SPREJ, 100 ml"},"content":{"rendered":"<p><strong>DUMM<sup>\u00ae <\/sup>junior SPREJ<\/strong> predstavlja prirodnu za\u0161titu od komaraca i ostalih insekata na bazi ulja lavande i biljnih ulja, kod <a href=\"https:\/\/abela.shop\/rs\/proizvod\/bulardi-junior-10-kesica\/\"><strong>dece<\/strong><\/a> uzrasta od 2. do 6. godine. Aktivni sastojci ekstrahovani iz biljnih izvora omogu\u0107avaju bezbednu i dugotrajnu primenu, bez ne\u017eeljenih efekata po osetljivu <a href=\"https:\/\/bivits.com\/proizvod\/immunity-junior\/\" target=\"_blank\" rel=\"noopener\"><strong>de\u010diju<\/strong><\/a> ko\u017eu, kao i \u010ditav organizam.<\/p>\n<h2>Sastav proizvoda:<\/h2>\n<p>Ulje lavande (<em>Lavandula hybrida<\/em>) 1,2% i ostali sastojci: biljna ulja.<\/p>\n<h2>Namena:<\/h2>\n<p>Za\u0161tita tela od komaraca i ostalih insekata.<\/p>\n<h2>Na\u010din upotrebe:<\/h2>\n<p>Upotrebljava se iz originalnog pakovanja kod ljudi, odnosno dece uzrasta 2 do 6 godina. Sprej isprskati na delove tela, osim lica, koje \u017eelite da za\u0161titite, a zatim ravnomerno razmazati. Deci uzrasta do 12 godina roditelji nanose sprej. Jedno prskanje (0, 11 ml) pokriva 60 cm<em><sup>2 <\/sup><\/em>ko\u017ee. Sprej ima repelentno delovanje na komarce i krpelje do 4h. Nakon tog perioda potrebno je ponovo naneti sprej do dva puta dnevno. <em><sup>\u00a0\u00a0<\/sup><\/em><\/p>\n","protected":false},"excerpt":{"rendered":"<p><span class=\"opis-proizvoda\"><i class=\"fa-solid fa-circle-check check-opis-proizvoda\"><\/i><strong>Prirodna za\u0161tita dece od komaraca i ostalih insekata na bazi ulja lavande i biljnih ulja<\/strong><\/span><br \/>\n<span class=\"opis-proizvoda\"><i class=\"fa-solid fa-circle-check check-opis-proizvoda\"><\/i>Ne\u017ean prema osetljivoj de\u010dijoj ko\u017ei<\/span><\/p>\n","protected":false},"featured_media":235503,"comment_status":"open","ping_status":"closed","template":"","meta":{"_acf_changed":false},"product_brand":[],"product_cat":[92],"product_tag":[],"class_list":{"0":"post-234943","1":"product","2":"type-product","3":"status-publish","4":"has-post-thumbnail","6":"product_cat-zastita-od-insekata","8":"first","9":"instock","10":"sale","11":"shipping-taxable","12":"purchasable","13":"product-type-simple"},"acf":[],"jetpack_sharing_enabled":true,"_links":{"self":[{"href":"https:\/\/abela.shop\/rs\/wp-json\/wp\/v2\/product\/234943","targetHints":{"allow":["GET"]}}],"collection":[{"href":"https:\/\/abela.shop\/rs\/wp-json\/wp\/v2\/product"}],"about":[{"href":"https:\/\/abela.shop\/rs\/wp-json\/wp\/v2\/types\/product"}],"replies":[{"embeddable":true,"href":"https:\/\/abela.shop\/rs\/wp-json\/wp\/v2\/comments?post=234943"}],"version-history":[{"count":29,"href":"https:\/\/abela.shop\/rs\/wp-json\/wp\/v2\/product\/234943\/revisions"}],"predecessor-version":[{"id":254636,"href":"https:\/\/abela.shop\/rs\/wp-json\/wp\/v2\/product\/234943\/revisions\/254636"}],"wp:featuredmedia":[{"embeddable":true,"href":"https:\/\/abela.shop\/rs\/wp-json\/wp\/v2\/media\/235503"}],"wp:attachment":[{"href":"https:\/\/abela.shop\/rs\/wp-json\/wp\/v2\/media?parent=234943"}],"wp:term":[{"taxonomy":"product_brand","embeddable":true,"href":"https:\/\/abela.shop\/rs\/wp-json\/wp\/v2\/product_brand?post=234943"},{"taxonomy":"product_cat","embeddable":true,"href":"https:\/\/abela.shop\/rs\/wp-json\/wp\/v2\/product_cat?post=234943"},{"taxonomy":"product_tag","embeddable":true,"href":"https:\/\/abela.shop\/rs\/wp-json\/wp\/v2\/product_tag?post=234943"}],"curies":[{"name":"wp","href":"https:\/\/api.w.org\/{rel}","templated":true}]}}