{"id":234946,"date":"2024-12-11T13:13:28","date_gmt":"2024-12-11T13:13:28","guid":{"rendered":"https:\/\/abela.shop\/rs\/\u043f\u0440\u043e\u0438\u0437\u0432\u043e\u0434\/dumm-sprej-za-odrasle\/"},"modified":"2026-04-30T04:59:47","modified_gmt":"2026-04-30T03:59:47","slug":"dumm-sprej-100-ml","status":"publish","type":"product","link":"https:\/\/abela.shop\/rs\/proizvod\/dumm-sprej-100-ml\/","title":{"rendered":"DUMM\u00ae SPREJ, 100 ml"},"content":{"rendered":"<h2><strong>DUMM<sup>\u00ae <\/sup>SPREJ<\/strong><\/h2>\n<p><strong>DUMM<sup>\u00ae <\/sup>SPREJ<\/strong> predstavlja jedinstvenu kombinaciju ulja lavande i biljnih ulja koje deluju protiv komaraca i napada drugih insekata, a u isto vreme je <a href=\"https:\/\/abela.shop\/rs\/proizvod\/bivits-activa-collagen-tripeptid-20-kesica\/\"><strong>ne\u017ean prema<\/strong> <strong>ko\u017ei<\/strong><\/a>.<\/p>\n<p><strong>DUMM<sup>\u00ae <\/sup>SPREJ<\/strong> predstavlja prirodnu za\u0161titu od komaraca i ostalih insekata, kod svih osoba starijih od 6. godine. Aktivni sastojci ekstrahovani iz biljnih izvora omogu\u0107avaju bezbednu i dugotrajnu primenu, bez ne\u017eeljenih efekata po <a href=\"https:\/\/bivits.com\/proizvod\/vitamin-b-complex\/\" target=\"_blank\" rel=\"noopener\"><strong>ko\u017eu<\/strong><\/a>, kao i \u010ditav organizam.<\/p>\n<h2>Sastav proizvoda:<\/h2>\n<p>Ulje lavande (<em>Lavandula hybrida<\/em>) 1,2% i ostali sastojci: biljna ulja.<\/p>\n<h2>Namena:<\/h2>\n<p>Za\u0161tita tela od komaraca i ostalih insekata.<\/p>\n<h2>Na\u010din upotrebe:<\/h2>\n<p>Upotrebljava se iz originalnog pakovanja kod odraslih osoba i dece starije od 6 godina. Sprej isprskati na delove tela, osim lica, koje \u017eelite da za\u0161titite, a zatim ravnomerno razmazati. Deci uzrasta do 12 godina roditelji nanose sprej. Jedno prskanje (0, 11 ml) pokriva 60 cm<em><sup>2 <\/sup><\/em>ko\u017ee. Ne preporu\u010duje se upotreba kod dece mla\u0111e od 6 godina. Sprej ima repelentno delovanje na komarce i krpelje do 5h. Nakon tog perioda potrebno je ponovo naneti sprej do dva puta dnevno. <em><sup>\u00a0\u00a0<\/sup><\/em><\/p>\n","protected":false},"excerpt":{"rendered":"<p><span class=\"opis-proizvoda\"><i class=\"fa-solid fa-circle-check check-opis-proizvoda\"><\/i><strong>Prirodna za\u0161tita od komaraca i ostalih insekata sa kombinacijom ulja lavande i biljnih ulja<\/strong><\/span><br \/>\n<span class=\"opis-proizvoda\"><i class=\"fa-solid fa-circle-check check-opis-proizvoda\"><\/i>Ne\u017ean prema ko\u017ei<\/span><\/p>\n","protected":false},"featured_media":235509,"comment_status":"open","ping_status":"closed","template":"","meta":{"_acf_changed":false},"product_brand":[],"product_cat":[92],"product_tag":[],"class_list":{"0":"post-234946","1":"product","2":"type-product","3":"status-publish","4":"has-post-thumbnail","6":"product_cat-zastita-od-insekata","8":"first","9":"instock","10":"sale","11":"shipping-taxable","12":"purchasable","13":"product-type-simple"},"acf":[],"jetpack_sharing_enabled":true,"_links":{"self":[{"href":"https:\/\/abela.shop\/rs\/wp-json\/wp\/v2\/product\/234946","targetHints":{"allow":["GET"]}}],"collection":[{"href":"https:\/\/abela.shop\/rs\/wp-json\/wp\/v2\/product"}],"about":[{"href":"https:\/\/abela.shop\/rs\/wp-json\/wp\/v2\/types\/product"}],"replies":[{"embeddable":true,"href":"https:\/\/abela.shop\/rs\/wp-json\/wp\/v2\/comments?post=234946"}],"version-history":[{"count":0,"href":"https:\/\/abela.shop\/rs\/wp-json\/wp\/v2\/product\/234946\/revisions"}],"wp:featuredmedia":[{"embeddable":true,"href":"https:\/\/abela.shop\/rs\/wp-json\/wp\/v2\/media\/235509"}],"wp:attachment":[{"href":"https:\/\/abela.shop\/rs\/wp-json\/wp\/v2\/media?parent=234946"}],"wp:term":[{"taxonomy":"product_brand","embeddable":true,"href":"https:\/\/abela.shop\/rs\/wp-json\/wp\/v2\/product_brand?post=234946"},{"taxonomy":"product_cat","embeddable":true,"href":"https:\/\/abela.shop\/rs\/wp-json\/wp\/v2\/product_cat?post=234946"},{"taxonomy":"product_tag","embeddable":true,"href":"https:\/\/abela.shop\/rs\/wp-json\/wp\/v2\/product_tag?post=234946"}],"curies":[{"name":"wp","href":"https:\/\/api.w.org\/{rel}","templated":true}]}}