{"id":237389,"date":"2025-03-20T14:50:37","date_gmt":"2025-03-20T14:50:37","guid":{"rendered":"https:\/\/abela.shop\/rs\/?post_type=product&#038;p=237389"},"modified":"2026-02-27T10:13:42","modified_gmt":"2026-02-27T09:13:42","slug":"propoglas-paket","status":"publish","type":"product","link":"https:\/\/abela.shop\/rs\/proizvod\/propoglas-paket\/","title":{"rendered":"PropoGlas paket"},"content":{"rendered":"<h2>\u010cim grlo zagrebe i zaboli, mo\u0107an duo priska\u010de u pomo\u0107: PropoGlas paket<\/h2>\n<p>Propomucil<sup>\u00ae<\/sup> pastile i PropoMucil<sup>\u00ae<\/sup> sprej za grlo za decu i odrasle snagom propolisa bogatog polifenolima i prirodnog N-acetilcisteina re\u0161avaju bol u grlu, grebanje i promuklost u rekordnom roku!<\/p>\n<p><img decoding=\"async\" src=\"https:\/\/abela.shop\/rs\/wp-content\/uploads\/2025\/02\/Pastile-orange-800x800.jpg\" alt=\"\" width=\"800\" height=\"800\" title=\"\"><\/p>\n<p><strong>Propomucil<sup>\u00ae<\/sup> pastile<\/strong> snagom dodatnog propolisa bogatog polifenolima i prirodnog N-acetilcisteina, cinka i <a href=\"https:\/\/bivits.com\/proizvod\/vitamin-c-1000-i-acerola\/\" target=\"_blank\" rel=\"noopener\"><strong>vitamina C<\/strong><\/a>, sa ukusima eukaliptusa, \u0161umskog vo\u0107a, pomorand\u017ee, limuna i meda deluju na bol, grebanje, promuklost, upale i iritacije grla, poma\u017eu kod gubitka glasa i obnavljaju sluzoko\u017eu usta!<\/p>\n<p><strong>Upotreba:<\/strong> Odrasli i deca starija od 12 godina: 4-6 pastila u toku dana, otopiti u ustima. Deca od 3 do 12 godina: 2-3 pastile u toku dana, otopiti u ustima.<\/p>\n<p><img decoding=\"async\" src=\"https:\/\/abela.shop\/rs\/wp-content\/uploads\/2024\/11\/PropoMucil-sprej-za-grlo-800x800.jpg\" alt=\"\" width=\"800\" height=\"800\" title=\"\"><\/p>\n<p><strong>PropoMucil<sup>\u00ae<\/sup> sprej za grlo za decu i odrasle:<\/strong>\u00a0prva pomo\u0107 \u010dim zagrebe i zaboli grlo! Sadr\u017ei propolis bogat polifenolima i prirodni N-acetilcistein koji zajedno poma\u017eu da se brzo i efikasno re\u0161ite bola, upale, <a href=\"https:\/\/abela.shop\/rs\/proizvod\/propomucil-sprej-za-grlo-za-decu-i-odrasle-20-ml\/\"><strong>promuklosti<\/strong><\/a> i sekreta u grlu i \u017edrelu! Obla\u017ee i obnavlja sluzoko\u017eu grla.<\/p>\n<p><strong>Upotreba:<\/strong> Odrasli i deca starija od 12 godina: po dva raspr\u0161ivanja 5-6 puta dnevno u usnu duplju. Deca od 3 do 12 godina: po dva raspr\u0161ivanja 2-3 puta dnevno u usnu duplju.<\/p>\n","protected":false},"excerpt":{"rendered":"<h3 class=\"woo-h3-naslov\"><strong>Sna\u017ena pomo\u0107 za zdravo grlo i glas!<\/strong><\/h3>\n<p>Sastav paketa: Propomucil<sup>\u00ae<\/sup> pastile \u0161umsko vo\u0107e i PropoMucil<sup>\u00ae<\/sup> sprej za grlo za decu i odrasle<\/p>\n","protected":false},"featured_media":240444,"comment_status":"open","ping_status":"closed","template":"","meta":{"_acf_changed":false},"product_brand":[],"product_cat":[127,133,101],"product_tag":[],"class_list":{"0":"post-237389","1":"product","2":"type-product","3":"status-publish","4":"has-post-thumbnail","6":"product_cat-imunitet","7":"product_cat-akcije","8":"product_cat-paketi","10":"first","11":"instock","12":"sale","13":"virtual","14":"purchasable","15":"product-type-woosb"},"acf":[],"jetpack_sharing_enabled":true,"_links":{"self":[{"href":"https:\/\/abela.shop\/rs\/wp-json\/wp\/v2\/product\/237389","targetHints":{"allow":["GET"]}}],"collection":[{"href":"https:\/\/abela.shop\/rs\/wp-json\/wp\/v2\/product"}],"about":[{"href":"https:\/\/abela.shop\/rs\/wp-json\/wp\/v2\/types\/product"}],"replies":[{"embeddable":true,"href":"https:\/\/abela.shop\/rs\/wp-json\/wp\/v2\/comments?post=237389"}],"version-history":[{"count":0,"href":"https:\/\/abela.shop\/rs\/wp-json\/wp\/v2\/product\/237389\/revisions"}],"wp:featuredmedia":[{"embeddable":true,"href":"https:\/\/abela.shop\/rs\/wp-json\/wp\/v2\/media\/240444"}],"wp:attachment":[{"href":"https:\/\/abela.shop\/rs\/wp-json\/wp\/v2\/media?parent=237389"}],"wp:term":[{"taxonomy":"product_brand","embeddable":true,"href":"https:\/\/abela.shop\/rs\/wp-json\/wp\/v2\/product_brand?post=237389"},{"taxonomy":"product_cat","embeddable":true,"href":"https:\/\/abela.shop\/rs\/wp-json\/wp\/v2\/product_cat?post=237389"},{"taxonomy":"product_tag","embeddable":true,"href":"https:\/\/abela.shop\/rs\/wp-json\/wp\/v2\/product_tag?post=237389"}],"curies":[{"name":"wp","href":"https:\/\/api.w.org\/{rel}","templated":true}]}}