{"id":237843,"date":"2025-03-25T16:57:39","date_gmt":"2025-03-25T15:57:39","guid":{"rendered":"https:\/\/abela.shop\/rs\/?post_type=product&#038;p=237843"},"modified":"2026-04-16T10:59:29","modified_gmt":"2026-04-16T09:59:29","slug":"bivits-activa-koenzim-q10-phospholipid-150-mg-60-tableta","status":"publish","type":"product","link":"https:\/\/abela.shop\/rs\/proizvod\/bivits-activa-koenzim-q10-phospholipid-150-mg-60-tableta\/","title":{"rendered":"BiVits\u00ae ACTIVA Koenzim Q10 phospholipid 150 mg, 60 tableta"},"content":{"rendered":"<h3>Kada \u017eeli\u0161 da oja\u010da\u0161 srce uz patentiranu formulu koenzima Q10<\/h3>\n<h3><strong>BiVits<sup>\u00ae<\/sup> ACTIVA Koenzim Q 10 phospholipid<\/strong><\/h3>\n<p><strong>BiVits<sup>\u00ae<\/sup> ACTIVA Koenzim Q 10 phospholipid<\/strong> je patentirana formula isporuke koenzima Q10, formulisan uz primenu fitozomalne tehnologije, koja optimizuje njegovu bioraspolo\u017eivost i stabilnost. Klini\u010dke studije su dokazale jedinstvenu dvostruku apsorpciju u plazmi i mi\u0161i\u0107ima, pru\u017eaju\u0107i sna\u017enu za\u0161titu od oksidativnog stresa \u0107elija, posebno u sr\u010danom i skeletnom mi\u0161i\u0107nom tkivu, kao i endotelu. Bivits<sup>\u00ae<\/sup> ACTIVA Koenzim Q 10 phospholipid podr\u017eava \u0107elijsku energiju i zdravlje tkiva.<\/p>\n<p><strong>BiVits<sup>\u00ae<\/sup> ACTIVA Koenzim Q10 150mg phospholipid<\/strong> je napredna formulacija sa visokom dozom koenzima Q10, namenjena osobama koje tra\u017ee sna\u017enu podr\u0161ku u proizvodnji \u0107elijske energije. Fosfolipidi omogu\u0107avaju bolju apsorpciju koenzima, \u010dime se osigurava efikasniji unos u organizam. Ovaj proizvod pru\u017ea intenzivnu podr\u0161ku kod <a href=\"https:\/\/cardiovitamin.com\/\" target=\"_blank\" rel=\"noopener\"><strong>sr\u010dane<\/strong><\/a> i mi\u0161i\u0107ne funkcije, a istovremeno deluje kao jak <a href=\"https:\/\/abela.shop\/rs\/proizvod\/bivits-activa-alfa-lipoinska-kiselina-300-60-kapsula\/\"><strong>antioksidant<\/strong><\/a>. Idealan je za osobe koje su pod ve\u0107im fizi\u010dkim naporom i za osobe koje uzimaju statine.<\/p>\n<h3>Na\u010din upotrebe:<\/h3>\n<p>1-2 tablete na dan, uz obrok<\/p>\n","protected":false},"excerpt":{"rendered":"<p><span class=\"opis-proizvoda\"><i class=\"fa-solid fa-circle-check check-opis-proizvoda\"><\/i><strong>za intenzivnu podr\u0161ku zdravlju srca i krvnih sudova<\/strong><\/span><br \/>\n<span class=\"opis-proizvoda\"><i class=\"fa-solid fa-circle-check check-opis-proizvoda\"><\/i>za o\u010duvanje mi\u0161i\u0107ne snage kod osoba sa statinom izazvanom astenijom<\/span><br \/>\n<span class=\"opis-proizvoda\"><i class=\"fa-solid fa-circle-check check-opis-proizvoda\"><\/i>za obnavljanje nivoa koenzima Q10 kod osoba pod intenzivnim treningom<\/span><br \/>\n<span class=\"opis-proizvoda\"><i class=\"fa-solid fa-circle-check check-opis-proizvoda\"><\/i>za \u0107elijsku energiju i zdravlje tkiva<\/span><\/p>\n","protected":false},"featured_media":237861,"comment_status":"open","ping_status":"closed","template":"","meta":{"_acf_changed":false},"product_brand":[],"product_cat":[125,88],"product_tag":[],"class_list":{"0":"post-237843","1":"product","2":"type-product","3":"status-publish","4":"has-post-thumbnail","6":"product_cat-lepota","7":"product_cat-vitamini-i-minerali","9":"first","10":"instock","11":"shipping-taxable","12":"purchasable","13":"product-type-simple"},"acf":[],"jetpack_sharing_enabled":true,"_links":{"self":[{"href":"https:\/\/abela.shop\/rs\/wp-json\/wp\/v2\/product\/237843","targetHints":{"allow":["GET"]}}],"collection":[{"href":"https:\/\/abela.shop\/rs\/wp-json\/wp\/v2\/product"}],"about":[{"href":"https:\/\/abela.shop\/rs\/wp-json\/wp\/v2\/types\/product"}],"replies":[{"embeddable":true,"href":"https:\/\/abela.shop\/rs\/wp-json\/wp\/v2\/comments?post=237843"}],"version-history":[{"count":23,"href":"https:\/\/abela.shop\/rs\/wp-json\/wp\/v2\/product\/237843\/revisions"}],"predecessor-version":[{"id":249296,"href":"https:\/\/abela.shop\/rs\/wp-json\/wp\/v2\/product\/237843\/revisions\/249296"}],"wp:featuredmedia":[{"embeddable":true,"href":"https:\/\/abela.shop\/rs\/wp-json\/wp\/v2\/media\/237861"}],"wp:attachment":[{"href":"https:\/\/abela.shop\/rs\/wp-json\/wp\/v2\/media?parent=237843"}],"wp:term":[{"taxonomy":"product_brand","embeddable":true,"href":"https:\/\/abela.shop\/rs\/wp-json\/wp\/v2\/product_brand?post=237843"},{"taxonomy":"product_cat","embeddable":true,"href":"https:\/\/abela.shop\/rs\/wp-json\/wp\/v2\/product_cat?post=237843"},{"taxonomy":"product_tag","embeddable":true,"href":"https:\/\/abela.shop\/rs\/wp-json\/wp\/v2\/product_tag?post=237843"}],"curies":[{"name":"wp","href":"https:\/\/api.w.org\/{rel}","templated":true}]}}