{"id":237909,"date":"2025-03-26T15:51:33","date_gmt":"2025-03-26T14:51:33","guid":{"rendered":"https:\/\/abela.shop\/rs\/?post_type=product&#038;p=237909"},"modified":"2026-04-17T17:59:35","modified_gmt":"2026-04-17T16:59:35","slug":"serelys-inco-control-30-kapsula","status":"publish","type":"product","link":"https:\/\/abela.shop\/rs\/proizvod\/serelys-inco-control-30-kapsula\/","title":{"rendered":"S\u00e9r\u00e9lys\u00ae INCO Control, 30 kapsula"},"content":{"rendered":"<h2><strong>S\u00e9r\u00e9lys<sup>\u00ae <\/sup><\/strong><strong>INCO Control<\/strong><\/h2>\n<p><strong>S\u00e9r\u00e9lys<sup>\u00ae <\/sup><\/strong><strong>INCO Control <\/strong>je dodatak ishrani koji sadr\u017ei ekskluzivnu me\u0161avinu aktivnih sastojaka<strong> \u2013 UriCyTonin\u00ae <\/strong>kompleks (pre\u010di\u0161c\u0301ene i specifi\u010dne ekstrakte citoplazmatskog polena), ekstrakt semena bundeve i <a href=\"https:\/\/abela.shop\/rs\/proizvod\/bivits-activa-vitamin-e-100-iu-60-kapsula\/\"><strong>vitamina E<\/strong><\/a>. Rezultati genomske studije pokazuju da<strong> UriCyTonin\u00ae <\/strong>uti\u010de na na\u010din da mo\u017ee izazvati mirovanje neurona, stanje koje kontroli\u0161e osloba\u0111anje acetilholina, \u0161to doprinosi manjoj kontrakciji mi\u0161i\u0107a be\u0161ike i kontroli nevoljnog gubitka urina.<\/p>\n<p><strong>S\u00e9r\u00e9lys\u00ae INCO Control <\/strong>je klini\u010dki ispitan proizvod namenjen \u017eenama sa problemom urinarne inkontinencije. Ova jedinstvena formulacija na na\u0161em tr\u017ei\u0161tu doprinosi pravilnom funkcionisanju mokra\u0107ne be\u0161ike, uspostavljanju normalne kontrole mokrenja i doprinosi kvalitetu \u017eivota \u017eena sa gubitkom kontrole urina.<\/p>\n<p>Preparat<a href=\"https:\/\/serelys.rs\/proizvod\/serelys-inco\/\" target=\"_blank\" rel=\"noopener\"><strong> S\u00e9r\u00e9lys\u00ae IncoControl <\/strong><\/a>za 3 meseca upotrebe zna\u010dajno doprinosi smanjenju tegoba urinarne inkontinencije i pobolj\u0161ava kvalitet \u017eivota \u017eena sa ovim problemom.<\/p>\n<h2>Sastav proizvoda:<\/h2>\n<p>ekstrakt semena bundeve, pre\u010di\u0161\u0107eni ekstrakt polena, <em>sredstvo za pove\u0107anje zapremine<\/em>: mikrokristalna celuloza, hidroksipropilmetilceluloza (kapsula), krompirov skrob, D-\u03b1-tokoferil-acetat, <em>sredstvo protiv zgu\u0161njavanja<\/em>: magnezijum-stearat.<\/p>\n<h2>Na\u010din upotrebe:<\/h2>\n<p>Jednom dnevno, ujutru ili uve\u010de popiti po 1 kapsulu.<\/p>\n<h2>Od tre\u0107eg ciklusa:<\/h2>\n<p>1 kapsula dnevno nedelju dana pre i nedelju dana tokom menstruacije.<\/p>\n","protected":false},"excerpt":{"rendered":"<p><span class=\"opis-proizvoda\"><i class=\"fa-solid fa-circle-check check-opis-proizvoda\"><\/i><strong>Prirodni proizvod za \u017eene sa problemom urinarne inkontinencije (nevoljnog mokrenja)<\/strong><\/span><br \/>\n<span class=\"opis-proizvoda\"><i class=\"fa-solid fa-circle-check check-opis-proizvoda\"><\/i>Aktivni sastojci \u2013 pre\u010di\u0161\u0107eni ekstrakt polena, ekstrakt semena bundeve i vitamina E<\/span><br \/>\n<span class=\"opis-proizvoda\"><i class=\"fa-solid fa-circle-check check-opis-proizvoda\"><\/i>Bez hormona i fitoestrogena<\/span><br \/>\n<span class=\"opis-proizvoda\"><i class=\"fa-solid fa-circle-check check-opis-proizvoda\"><\/i>Klini\u010dki ispitan<\/span><br \/>\n<span class=\"opis-proizvoda\"><i class=\"fa-solid fa-circle-check check-opis-proizvoda\"><\/i>Za 3 meseca upotrebe zna\u010dajno doprinosi smanjenju tegoba urinarne inkontinencije i pobolj\u0161ava kvalitet \u017eivota \u017eena sa ovim problemom<\/span><\/p>\n","protected":false},"featured_media":237910,"comment_status":"open","ping_status":"closed","template":"","meta":{"_acf_changed":false},"product_brand":[],"product_cat":[74],"product_tag":[],"class_list":{"0":"post-237909","1":"product","2":"type-product","3":"status-publish","4":"has-post-thumbnail","6":"product_cat-intimno-zdravlje-zena","8":"first","9":"instock","10":"shipping-taxable","11":"purchasable","12":"product-type-simple"},"acf":[],"jetpack_sharing_enabled":true,"_links":{"self":[{"href":"https:\/\/abela.shop\/rs\/wp-json\/wp\/v2\/product\/237909","targetHints":{"allow":["GET"]}}],"collection":[{"href":"https:\/\/abela.shop\/rs\/wp-json\/wp\/v2\/product"}],"about":[{"href":"https:\/\/abela.shop\/rs\/wp-json\/wp\/v2\/types\/product"}],"replies":[{"embeddable":true,"href":"https:\/\/abela.shop\/rs\/wp-json\/wp\/v2\/comments?post=237909"}],"version-history":[{"count":19,"href":"https:\/\/abela.shop\/rs\/wp-json\/wp\/v2\/product\/237909\/revisions"}],"predecessor-version":[{"id":258881,"href":"https:\/\/abela.shop\/rs\/wp-json\/wp\/v2\/product\/237909\/revisions\/258881"}],"wp:featuredmedia":[{"embeddable":true,"href":"https:\/\/abela.shop\/rs\/wp-json\/wp\/v2\/media\/237910"}],"wp:attachment":[{"href":"https:\/\/abela.shop\/rs\/wp-json\/wp\/v2\/media?parent=237909"}],"wp:term":[{"taxonomy":"product_brand","embeddable":true,"href":"https:\/\/abela.shop\/rs\/wp-json\/wp\/v2\/product_brand?post=237909"},{"taxonomy":"product_cat","embeddable":true,"href":"https:\/\/abela.shop\/rs\/wp-json\/wp\/v2\/product_cat?post=237909"},{"taxonomy":"product_tag","embeddable":true,"href":"https:\/\/abela.shop\/rs\/wp-json\/wp\/v2\/product_tag?post=237909"}],"curies":[{"name":"wp","href":"https:\/\/api.w.org\/{rel}","templated":true}]}}