{"id":243037,"date":"2025-06-10T08:11:13","date_gmt":"2025-06-10T07:11:13","guid":{"rendered":"https:\/\/abela.shop\/rs\/?post_type=product&#038;p=243037"},"modified":"2025-12-11T16:28:06","modified_gmt":"2025-12-11T15:28:06","slug":"bulardi-letnji-paket","status":"publish","type":"product","link":"https:\/\/abela.shop\/rs\/proizvod\/bulardi-letnji-paket\/","title":{"rendered":"BULARDI\u00ae letnji paket"},"content":{"rendered":"<h2><strong>BULARDI<sup>\u00ae<\/sup><\/strong><\/h2>\n<p><span style=\"font-size: 13.3333px;\"><b> <strong>BULARDI<sup>\u00ae <\/sup><\/strong><\/b><\/span>je dijetetski proizvod koji sadr\u017ei kulturu korisnih mikroorganizama <em>Saccharomyces boulardii<\/em>. Namenjen je za spre\u010davanja akutnih, putni\u010dkih i dijareja izazvanih antibioticima, kao i infekcijama bakterija <em>Clostridium dififcile<\/em> i <em>Helicobacter Pylori<\/em>, kod zapaljenskih bolesti creva (Kronova bolest, ulcerozni kolitis), <a href=\"https:\/\/abela.shop\/rs\/proizvod\/flobian-30-kapsula\/\"><strong>sindroma nervoznih creva<\/strong><\/a> (iritabilni kolon) i za op\u0161tu regulaciju crevne flore.<\/p>\n<p>Probiotska gljivica <a href=\"https:\/\/bulardi.com\/blog\/saccharomyces-boulardii-prvih-sto-godina\/\" target=\"_blank\" rel=\"noopener\"><strong><em>Saccharomyces boulardii<\/em><\/strong><\/a> zahvaljuju\u0107i svojoj veli\u010dini i jedinstvenom mehanizmu delovanja vezuje lo\u0161e bakterije i toksine za sebe i na taj na\u010din ih izbacuje iz organizma.<\/p>\n<p><strong>BULARDI<sup>\u00ae<\/sup>:<\/strong><br \/>\n\u2022 Prvi <em>Saccharomyces boulardii<\/em>, kako u Srbiji tako i u regionu, pouzdan probiotik \u2013 dokazan brojnim klini\u010dkim istra\u017eivanjima i u klini\u010dkoj praksi<br \/>\n\u2022 Preporu\u010den od strane gastroenterologa kod svih vrsta dijareja: akutne dijareje, dijareje izazvane antibioticima, putni\u010dke dijareje, dijareje izazvane bakterijama <em>Clostridium difficile i Helicobacter Pylori<\/em><br \/>\n\u2022 Sadr\u017ei probiotsku kulturu koja se mo\u017ee koristiti istovremeno sa antibioticima<\/p>\n<h2>Sastav proizvoda:<\/h2>\n<p>Kultura <em>Saccharomyces boulardii<\/em>, kapsula (hipromeloza, boja: titan-dioksid)<\/p>\n<h2>Na\u010din upotrebe:<\/h2>\n<p>Odrasli i deca starija od 3 godine: 1 kapsula dnevno.<\/p>\n<p>\u2022 Kod akutnih dijareja: 1 kapsula dnevno, za vreme trajanja bolesti<br \/>\n\u2022 Kod putni\u010dkih dijareja: 1 kapsula dnevno 5 dana pre putovanja i za vreme trajanja putovanja<br \/>\n\u2022 Kod antibiotskih dijareja: 1 kapsula dnevno tokom trajanja terapije antibioticima i 2-4 nedelje nakon zavr\u0161etka terapije<br \/>\n\u2022 Kao dodatak terapiji protiv <em>Clostridum difficile<\/em> i za spre\u010davanje ponovne infekcije; 1 kapsula dnevno, u trajanju od 4 nedelje<br \/>\n\u2022 Uz protokol za eradikaciju <em>Helicobacter Pylori<\/em>: 1 kapsula dnevno tokom trajanja terapije i 2-4 nedelje nakon zavr\u0161etka terapije<br \/>\n\u2022 Kod zapaljenske bolesti creva i kod iritabilnog kolona: 1 kapsula dnevno, u trajanju koje preporu\u010di lekar<br \/>\n\u2022 Za regulaciju crevne flore: 1 kapsula dnevno<\/p>\n<p>Po potrebi proizvod se mo\u017ee otvoriti, sadr\u017eaj isprazniti u ka\u0161i\u010dicu sa malo te\u010dnosti i odmah popiti.<\/p>\n<h2><strong>BULARDI<sup>\u00ae <\/sup>junior<\/strong><\/h2>\n<p><strong>BULARDI<sup>\u00ae <\/sup>junior<\/strong> je dodatak ishrani koji sadr\u017ei probiotsku kulturu <em>Saccharomyces boulardii<\/em> i cink, koji doprinosi normalnoj funkciji imunog sistema. Efikasna kombinacija probiotske kulture <em>Saccharomyces boulardii<\/em> i cinka u rekordnom roku normalizuje rad creva, ubla\u017eava tegobe i skra\u0107uje trajanje dijareje kod dece.<\/p>\n<p><strong>BULARDI<sup>\u00ae <\/sup>junior<\/strong> je potpuno prirodan preparat koji skra\u0107uje trajanje dijareje i normalizuje rad creva, elimini\u0161e lo\u0161e bakterije i njihove toksine iz organizma, a istovremeno reguli\u0161e kiselost, obnavlja sluzoko\u017eu i poja\u010dava lokalni imunitet u crevima. Cink u sastavu\u00a0 BULARDI<sup>\u00ae<\/sup> junior-a skra\u0107uje trajanje dijareje i spre\u010dava dehidrataciju tokom dijareje.<\/p>\n<h2>Indikacije za upotrebu BULARDI<strong><sup>\u00ae<\/sup><\/strong> junior-a:<\/h2>\n<p>\u2022 Akutne dijareje svih uzroka &#8211; skra\u0107uje trajanje dijareje i normalizuje rad creva.<br \/>\n\u2022 Uzimanje antibiotika &#8211;\u00a0pru\u017ea za\u0161titu od \u0161tetnog dejstva antibiotika.<br \/>\n\u2022 Dijareja na putovanju &#8211;\u00a0 spre\u010dava pojavu dijareja na putovanju.<br \/>\n\u2022 Ja\u010danje imuniteta &#8211; ja\u010da imunitet i podi\u017ee odbrambenu sposobnost digestivnog trakta.<\/p>\n<h2>Sastav proizvoda:<\/h2>\n<p><em>Saccharomyces boulardii<\/em>, kapsula (hipromeloza, boja: kalcijum-karbonat, skrob-natrijum-oktenilsukcinat), sredstvo za pove\u0107anje zapremine: mikrokristalna celuloza, sredstvo protiv zgrudnjavanja: talk, cink-citrat.<\/p>\n<h2>Na\u010din upotrebe:<\/h2>\n<p>Odrasli i deca starija od 3 godine: 1-2 kapsule dnevno. Po potrebi, kapsula se mo\u017ee otvoriti, sadr\u017eaj isprazniti u ka\u0161i\u010dicu sa malo te\u010dnosti i odmah popiti.<\/p>\n","protected":false},"excerpt":{"rendered":"<p>Prakti\u010dan paket za celu porodicu tokom letovanja i boravka u prirodi.<\/p>\n<p><strong>BULARDI<sup>\u00ae<\/sup> :<sup>\u00a0<\/sup><\/strong><\/p>\n<p>\u2705Prva preporuka za putni\u010dku dijareju<\/p>\n<p>\u2705Uklanja \u0161tetne bakterije i toksine iz creva<\/p>\n<p>\u2705Doprinosi normalizaciji rada creva i obnovi crevne mikrobiote.<\/p>\n<p>\u2705Podr\u017eava digestivni sistem tokom putovanja i promena u ishrani<\/p>\n<p><strong>BULARDI<sup>\u00ae<\/sup> <\/strong>paket sadr\u017ei:<\/p>\n<ul>\n<li><strong>BULARDI<sup>\u00ae<\/sup>, 10 kapsula<\/strong><\/li>\n<li><strong>BULARDI<sup>\u00ae <\/sup>Junior, 10 kapsula<\/strong><\/li>\n<li><strong>Sati\u0107 protiv komaraca<\/strong><\/li>\n<\/ul>\n<p>\u2705 Idealno za putovanja, boravak u prirodi i letnje dane<br \/>\n\u2705 Klini\u010dki dokazana i efikasna podr\u0161ka stomaku<br \/>\n\u2705 Poklon \u2013 <strong>sati\u0107 za za\u0161titu od uboda komaraca<\/strong><\/p>\n","protected":false},"featured_media":243044,"comment_status":"open","ping_status":"closed","template":"","meta":{"_acf_changed":false},"product_brand":[],"product_cat":[148,133,320,101,72],"product_tag":[],"class_list":{"0":"post-243037","1":"product","2":"type-product","3":"status-publish","4":"has-post-thumbnail","6":"product_cat-top-deal","7":"product_cat-akcije","8":"product_cat-creva-u-balansu","9":"product_cat-paketi","10":"product_cat-probiotici","12":"first","13":"instock","14":"featured","15":"shipping-taxable","16":"purchasable","17":"product-type-woosb"},"acf":[],"jetpack_sharing_enabled":true,"_links":{"self":[{"href":"https:\/\/abela.shop\/rs\/wp-json\/wp\/v2\/product\/243037","targetHints":{"allow":["GET"]}}],"collection":[{"href":"https:\/\/abela.shop\/rs\/wp-json\/wp\/v2\/product"}],"about":[{"href":"https:\/\/abela.shop\/rs\/wp-json\/wp\/v2\/types\/product"}],"replies":[{"embeddable":true,"href":"https:\/\/abela.shop\/rs\/wp-json\/wp\/v2\/comments?post=243037"}],"version-history":[{"count":20,"href":"https:\/\/abela.shop\/rs\/wp-json\/wp\/v2\/product\/243037\/revisions"}],"predecessor-version":[{"id":249189,"href":"https:\/\/abela.shop\/rs\/wp-json\/wp\/v2\/product\/243037\/revisions\/249189"}],"wp:featuredmedia":[{"embeddable":true,"href":"https:\/\/abela.shop\/rs\/wp-json\/wp\/v2\/media\/243044"}],"wp:attachment":[{"href":"https:\/\/abela.shop\/rs\/wp-json\/wp\/v2\/media?parent=243037"}],"wp:term":[{"taxonomy":"product_brand","embeddable":true,"href":"https:\/\/abela.shop\/rs\/wp-json\/wp\/v2\/product_brand?post=243037"},{"taxonomy":"product_cat","embeddable":true,"href":"https:\/\/abela.shop\/rs\/wp-json\/wp\/v2\/product_cat?post=243037"},{"taxonomy":"product_tag","embeddable":true,"href":"https:\/\/abela.shop\/rs\/wp-json\/wp\/v2\/product_tag?post=243037"}],"curies":[{"name":"wp","href":"https:\/\/api.w.org\/{rel}","templated":true}]}}