{"id":246180,"date":"2025-07-17T17:52:32","date_gmt":"2025-07-17T15:52:32","guid":{"rendered":"https:\/\/abela.shop\/rs\/?post_type=product&#038;p=246180"},"modified":"2026-04-09T14:38:57","modified_gmt":"2026-04-09T13:38:57","slug":"cardiovitamin-fd3-paket","status":"publish","type":"product","link":"https:\/\/abela.shop\/rs\/proizvod\/cardiovitamin-fd3-paket\/","title":{"rendered":"CARDIOvitamin\u00ae FD3 paket"},"content":{"rendered":"<h2><strong>CARDIOvitamin<sup>\u00ae <\/sup>FD3<\/strong><\/h2>\n<p><strong>CARDIOvitamin<sup>\u00ae <\/sup>FD3<\/strong> je dijetetski proizvod &#8211; hrana za posebne medicinske namene, poma\u017ee u smanjenju rizika od ne\u017eeljenih kardiovaskularnih doga\u0111aja \u2013 infarkta srca i mo\u017edanog udara. Sa dozam folne kiseline od 800 mcg i vitamina D3, smanjuje rizik od ozbiljnih kardiovaskularnih doga\u0111aja.<\/p>\n<p><strong>CARDIOvitamin<sup>\u00ae <\/sup>FD3<\/strong>, uz pomo\u0107 folne kiseline, koje ima u ve\u0107oj dozi, zna\u010dajnije sni\u017eava nivo homocisteina, umanjuje rizik od infarkta i \u0161loga. Benefit je \u0161to sadr\u017ei <a href=\"https:\/\/abela.shop\/rs\/proizvod\/bivits-activa-vitamin-d3-2000-iu-60-tableta\/\"><strong>vitamin D3<\/strong><\/a>, kao jedan od najdeficitarnijih vitamina, a sa najve\u0107im zna\u010dajem za normalno funkcionisanje ko\u0161tanog, kardiovaskularnog i imunog sistema.<\/p>\n<h2>Namena proizvoda:<\/h2>\n<p><strong>CARDIOvitamin<sup>\u00ae <\/sup>FD3\u00a0kapsule<\/strong> je dijetetski proizvod &#8211; hrana za posebne medicinske namene koja je namenjena za potrebe ishrane osoba sa osteopenijom, <a href=\"https:\/\/k2d3.com\/\" target=\"_blank\" rel=\"noopener\"><strong>osteoporozom<\/strong><\/a>, autoimunim oboljenjima, kardiovaskularnim i malignim oboljenjima, \u017eena u reproduktivnom periodu, pre za\u010de\u0107a i tokom rane trudno\u0107e, u cilju spre\u010davanja i smanjenja rizika od nastanka kongenitalnih poreme\u0107aja neuralne cevi i kongenitalnih poreme\u0107aja srca.<\/p>\n<p><strong>CARDIOvitamin<sup>\u00ae <\/sup>FD3 doprinosi:<\/strong><br \/>\n\u2022 Normalnoj funkciji srca<br \/>\n\u2022 Normalnom metabolizmu homocisteina<br \/>\n\u2022 Normalnom stvaranju kolagena za funkciju krvnih sudova<br \/>\n\u2022 Za\u0161titi \u0107elija od oksidativnog stresa<br \/>\n\u2022 Smanjenju umora i iscrpljenosti<br \/>\n\u2022 Normalnoj apsorpciji i iskori\u0161\u0107enju kalcijuma i fosfora<\/p>\n<h2>Sastojci:<\/h2>\n<p>mikrokristalna celuloza (sredstvo za pove\u0107anje zapremine), sorbitol (humektant), kapsula: hipromeloza, kalcijum-karbonat (boja) i skrob-natrijum-oktenilsukcinat (stabilizator); vitamin C, vitamin D3, kukuruzni skrob, magnezijum-stearat i silicijum-dioksid (sredstva protiv zgrudvavanja), Vitamin B12, kalcijum-tetrahidrofolat, Vitamin B6 i vitamin B1.<\/p>\n<h2>Na\u010din upotrebe:<\/h2>\n<p>Odrasli &#8211; jedna kapsula dnevno.<\/p>\n","protected":false},"excerpt":{"rendered":"<p><strong>Kupovinom tri kutije CARDIOvitamin<\/strong><strong><sup>\u00ae <\/sup><\/strong><strong>FD3 dobijate poklon \u2013 fitness narukvicu!<\/strong><\/p>\n<p><span class=\"opis-proizvoda\"><i class=\"fa-solid fa-circle-check check-opis-proizvoda\"><\/i>Dijetetski proizvod \u2013 hrana za posebne medicinske namene, poma\u017ee u smanjenju rizika od ne\u017eeljenih kardiovaskularnih doga\u0111aja \u2013 infarkta srca i mo\u017edanog udara<\/span><br \/>\n<span class=\"opis-proizvoda\"><i class=\"fa-solid fa-circle-check check-opis-proizvoda\"><\/i>Kombinacija grupe B vitamina, C, D3 i 800 mikrograma aktivnog oblika folne kiseline &#8211; doprinosi sni\u017eavanju nivoa homocisteina<\/span><br \/>\n<span class=\"opis-proizvoda\"><i class=\"fa-solid fa-circle-check check-opis-proizvoda\"><\/i>Umanjuje rizik od nastanka infarkta i \u0161loga<\/span><br \/>\n<span class=\"opis-proizvoda\"><i class=\"fa-solid fa-circle-check check-opis-proizvoda\"><\/i>Preporu\u010duje se osobama koje su prele\u017eale koronu, imaju lupanje srca, zamaranje, gubitak daha<\/span><\/p>\n","protected":false},"featured_media":246181,"comment_status":"open","ping_status":"closed","template":"","meta":{"_acf_changed":false},"product_brand":[],"product_cat":[101,77,148],"product_tag":[],"class_list":{"0":"post-246180","1":"product","2":"type-product","3":"status-publish","4":"has-post-thumbnail","6":"product_cat-paketi","7":"product_cat-srce-i-krvni-sudovi","8":"product_cat-top-deal","9":"pa_promocija-poklon-fitness-narukvica","11":"first","12":"instock","13":"featured","14":"shipping-taxable","15":"purchasable","16":"product-type-woosb"},"acf":[],"jetpack_sharing_enabled":true,"_links":{"self":[{"href":"https:\/\/abela.shop\/rs\/wp-json\/wp\/v2\/product\/246180","targetHints":{"allow":["GET"]}}],"collection":[{"href":"https:\/\/abela.shop\/rs\/wp-json\/wp\/v2\/product"}],"about":[{"href":"https:\/\/abela.shop\/rs\/wp-json\/wp\/v2\/types\/product"}],"replies":[{"embeddable":true,"href":"https:\/\/abela.shop\/rs\/wp-json\/wp\/v2\/comments?post=246180"}],"version-history":[{"count":18,"href":"https:\/\/abela.shop\/rs\/wp-json\/wp\/v2\/product\/246180\/revisions"}],"predecessor-version":[{"id":258884,"href":"https:\/\/abela.shop\/rs\/wp-json\/wp\/v2\/product\/246180\/revisions\/258884"}],"wp:featuredmedia":[{"embeddable":true,"href":"https:\/\/abela.shop\/rs\/wp-json\/wp\/v2\/media\/246181"}],"wp:attachment":[{"href":"https:\/\/abela.shop\/rs\/wp-json\/wp\/v2\/media?parent=246180"}],"wp:term":[{"taxonomy":"product_brand","embeddable":true,"href":"https:\/\/abela.shop\/rs\/wp-json\/wp\/v2\/product_brand?post=246180"},{"taxonomy":"product_cat","embeddable":true,"href":"https:\/\/abela.shop\/rs\/wp-json\/wp\/v2\/product_cat?post=246180"},{"taxonomy":"product_tag","embeddable":true,"href":"https:\/\/abela.shop\/rs\/wp-json\/wp\/v2\/product_tag?post=246180"}],"curies":[{"name":"wp","href":"https:\/\/api.w.org\/{rel}","templated":true}]}}