{"id":247552,"date":"2025-07-28T09:25:43","date_gmt":"2025-07-28T07:25:43","guid":{"rendered":"https:\/\/abela.shop\/rs\/?post_type=product&#038;p=247552"},"modified":"2026-05-01T18:28:09","modified_gmt":"2026-05-01T17:28:09","slug":"herbiko-forte-africka-sljiva-paket","status":"publish","type":"product","link":"https:\/\/abela.shop\/rs\/proizvod\/herbiko-forte-africka-sljiva-paket\/","title":{"rendered":"HERBIKO\u00ae FORTE AFRI\u010cKA \u0160LJIVA paket"},"content":{"rendered":"<h2><strong>HERBIKO<sup>\u00ae<\/sup> FORTE AFRI\u010cKA \u0160LJIVA<\/strong><\/h2>\n<p><strong>HERBIKO<sup>\u00ae<\/sup> FORTE AFRI\u010cKA \u0160LJIVA<\/strong>\u00a0&#8211; dodatak ishrani na bazi ekstrakta kore afri\u010dke \u0161ljive (<em>Pygeum africanum, Prunus africana<\/em>) namenjen podr\u0161ci zdravlju urogenitalnog sistema mu\u0161karaca &#8211; za ja\u010du <a href=\"https:\/\/africkasljiva.com\/africka-sljiva-potencija\/\" target=\"_blank\" rel=\"noopener\"><strong>potenciju<\/strong><\/a> i libido, i stabilizaciju funkcije prostate.<\/p>\n<p>Pored pozitivnih uticaja beta-sitosterola iz kore afri\u010dke \u0161ljive koji ostvaruju svoju ulogu u metabolizmu testosterona, smanjenju upale, otoka i veli\u010dine prostate, dodatan pozitivan uticaj na zdravlje mu\u0161karaca i \u201edobar ose\u0107aj\u201c ostvaruje dodatak <em>SAMe.<\/em><\/p>\n<p><a href=\"https:\/\/abela.shop\/rs\/proizvod\/tensilen-paket-za-30-dana\/\"><strong><em>SAMe<\/em><\/strong><\/a> uti\u010de na sintezu neurotransmitera \u2013 serotonina, dopamina, noradrenalina \u2013 hormona odgovornih za na\u0161e \u201edobro raspolo\u017eenje\u201c. Smanjenje i disbalans serotonina, dopamina i noradrenalina u organizmu uti\u010de na nastanak depresije kao i na razli\u010dite promene raspolo\u017eenja. Dobro raspolo\u017eenje i dobar ose\u0107aj va\u017eni su faktori za normalan libido i kvalitetan seksualni odnos.<\/p>\n<h2>Indikacije za kori\u0161\u0107enje proizvoda:<\/h2>\n<p>Erektilna disfuncija, benigna hiperplazija prostate, urinarne tegobe mu\u0161karaca, smanjen libido i mentalna slabost.<\/p>\n<h2>Sastav proizvoda:<\/h2>\n<p>S-adenozil L-metionin, disulfat p-toluensulfat, suvi ekstrakt kore afri\u010dke \u0161ljive, kapsula (hidroksipropilmetilceluloza, boja; titan-dioksid), skrob (kukuruzni), sredstvo protiv zgrudvavanja; magnezijum stearat, silicijum dioksid.<\/p>\n<h2>Na\u010din upotrebe:<\/h2>\n<p>1 kapsula dnevno.<\/p>\n","protected":false},"excerpt":{"rendered":"<p><span class=\"opis-proizvoda\"><i class=\"fa-solid fa-circle-check check-opis-proizvoda\"><\/i><strong>Za ja\u010du potenciju i libido, i stabilizaciju funkcije prostate u kombinaciji sa dobrim raspolo\u017eenjem i ose\u0107ajem, za koji je zadu\u017een SAMe<\/strong><\/span><br \/>\n<span class=\"opis-proizvoda\"><i class=\"fa-solid fa-circle-check check-opis-proizvoda\"><\/i>Dodatak ishrani na bazi ekstrakta kore afri\u010dke \u0161ljive (<em>Pygeum africanum, Prunus africana<\/em>) i S-adenozil L-metionina<\/span><br \/>\n<span class=\"opis-proizvoda\"><i class=\"fa-solid fa-circle-check check-opis-proizvoda\"><\/i>Namenjen podr\u0161ci zdravlju urogenitalnog sistema mu\u0161karaca<\/span><\/p>\n","protected":false},"featured_media":248117,"comment_status":"open","ping_status":"closed","template":"","meta":{"_acf_changed":false},"product_brand":[],"product_cat":[133,89,101],"product_tag":[],"class_list":{"0":"post-247552","1":"product","2":"type-product","3":"status-publish","4":"has-post-thumbnail","6":"product_cat-akcije","7":"product_cat-intimno-zdravlje-muskaraca","8":"product_cat-paketi","10":"first","11":"instock","12":"sale","13":"shipping-taxable","14":"purchasable","15":"product-type-woosb"},"acf":[],"jetpack_sharing_enabled":true,"_links":{"self":[{"href":"https:\/\/abela.shop\/rs\/wp-json\/wp\/v2\/product\/247552","targetHints":{"allow":["GET"]}}],"collection":[{"href":"https:\/\/abela.shop\/rs\/wp-json\/wp\/v2\/product"}],"about":[{"href":"https:\/\/abela.shop\/rs\/wp-json\/wp\/v2\/types\/product"}],"replies":[{"embeddable":true,"href":"https:\/\/abela.shop\/rs\/wp-json\/wp\/v2\/comments?post=247552"}],"version-history":[{"count":0,"href":"https:\/\/abela.shop\/rs\/wp-json\/wp\/v2\/product\/247552\/revisions"}],"wp:featuredmedia":[{"embeddable":true,"href":"https:\/\/abela.shop\/rs\/wp-json\/wp\/v2\/media\/248117"}],"wp:attachment":[{"href":"https:\/\/abela.shop\/rs\/wp-json\/wp\/v2\/media?parent=247552"}],"wp:term":[{"taxonomy":"product_brand","embeddable":true,"href":"https:\/\/abela.shop\/rs\/wp-json\/wp\/v2\/product_brand?post=247552"},{"taxonomy":"product_cat","embeddable":true,"href":"https:\/\/abela.shop\/rs\/wp-json\/wp\/v2\/product_cat?post=247552"},{"taxonomy":"product_tag","embeddable":true,"href":"https:\/\/abela.shop\/rs\/wp-json\/wp\/v2\/product_tag?post=247552"}],"curies":[{"name":"wp","href":"https:\/\/api.w.org\/{rel}","templated":true}]}}