{"id":248075,"date":"2025-08-01T14:47:07","date_gmt":"2025-08-01T12:47:07","guid":{"rendered":"https:\/\/abela.shop\/rs\/?post_type=product&#038;p=248075"},"modified":"2026-05-01T22:59:49","modified_gmt":"2026-05-01T21:59:49","slug":"plantoderm-essence-lavander-krema-30ml","status":"publish","type":"product","link":"https:\/\/abela.shop\/rs\/proizvod\/plantoderm-essence-lavander-krema-30ml\/","title":{"rendered":"Plantoderm\u00ae Essence Lavander hidratantna krema 30ml"},"content":{"rendered":"<h4><\/h4>\n<p><strong>Plantoderm<sup>\u00ae<\/sup> Essence Lavander krema<\/strong> sadr\u017ei ulja badema i lavande koja se mogu dobiti u klimi tople mediteranske regije.<br \/>\nZahvaljuju\u0107i kompleksu prirodnih hidratantnih sastojaka i bademovog ulja, pru\u017ea dehidriranoj ko\u017ei sve\u017einu, meko\u0107u i bar\u0161unasti ose\u0107aj nakon nano\u0161enja.<br \/>\nPrirodni hidratantni sastojci privla\u010de vlagu i zadr\u017eavaju je na povr\u0161ini ko\u017ee \u010dime pobolj\u0161avaju njenu hidrataciju.<br \/>\nBademovo ulje omek\u0161ava i hrani ko\u017eu.<br \/>\nPogodna je za dnevnu i no\u0107nu negu lica i vrata.<\/p>\n<h2><strong>Namena:<\/strong><\/h2>\n<p>\u0160titi ko\u017eu od isu\u0161ivanja i odr\u017eava je vla\u017enom. Pogodna za sve tipove ko\u017ee.<\/p>\n<h2><strong>Na\u010din upotrebe:<\/strong><\/h2>\n<p>Naneti ujutro i uve\u010de na o\u010di\u0161\u0107enu ko\u017eu lica i vrata. Blago umasirati kremu kru\u017enim pokretima.<\/p>\n<h2><strong>Sastav proizvoda:<\/strong><\/h2>\n<p><em>Aqua, Prunus Amygdalus Dulcis Oil, Sodium Acrylate\/Sodium Acryloyldimethyl Taurate Copolymer, Isohexadecane, Polysorbate 80, Hexylene Glycol, Fructose, Glucose, Sucrose, Urea, Dextrin, Alanine, Glutamic Acid, Aspartic Acid, Hexyl Nicotinate, Lavandula Hybrida Oil, Dehydroacetic Acid, Benzyl Alcohol, Dimethicone, Linalool, Limonene, Geraniol<\/em><\/p>\n","protected":false},"excerpt":{"rendered":"<p><span class=\"opis-proizvoda\"><i class=\"fa-solid fa-circle-check check-opis-proizvoda\"><\/i>Pru\u017ea dehidriranoj ko\u017ei sve\u017einu, meko\u0107u i bar\u0161unasti ose\u0107aj nakon nano\u0161enja<\/span><br \/>\n<span class=\"opis-proizvoda\"><i class=\"fa-solid fa-circle-check check-opis-proizvoda\"><\/i>Sadr\u017ei ulje badema koje je bogato brojnim mineralima i nezasi\u0107enim masnim kiselinama za negu i omek\u0161avanje ko\u017ee<\/span><br \/>\n<span class=\"opis-proizvoda\"><i class=\"fa-solid fa-circle-check check-opis-proizvoda\"><\/i>Prirodni hidratantni kompleks, koji sadr\u017ei aminokiseline, \u0161e\u0107ere i ureu, uspe\u0161no \u0161titi ko\u017eu od isu\u0161ivanja i odr\u017eava je vla\u017eno<\/span><br \/>\n<span class=\"opis-proizvoda\"><i class=\"fa-solid fa-circle-check check-opis-proizvoda\"><\/i>Eteri\u010dno ulje lavande poznato je po svom umiruju\u0107em i relaksiraju\u0107em delovanju<\/span><br \/>\n<span class=\"opis-proizvoda\"><i class=\"fa-solid fa-circle-check check-opis-proizvoda\"><\/i>Prijatne teksture , brzo se upija i ne ostavlja mastan trag<\/span><br \/>\n<span class=\"opis-proizvoda\"><i class=\"fa-solid fa-circle-check check-opis-proizvoda\"><\/i>Pogodna je za dnevnu i no\u0107nu negu lica i vrata<\/span><\/p>\n","protected":false},"featured_media":248102,"comment_status":"open","ping_status":"closed","template":"","meta":{"_acf_changed":false},"product_brand":[],"product_cat":[125],"product_tag":[],"class_list":{"0":"post-248075","1":"product","2":"type-product","3":"status-publish","4":"has-post-thumbnail","6":"product_cat-lepota","8":"first","9":"instock","10":"sale","11":"shipping-taxable","12":"purchasable","13":"product-type-simple"},"acf":[],"jetpack_sharing_enabled":true,"_links":{"self":[{"href":"https:\/\/abela.shop\/rs\/wp-json\/wp\/v2\/product\/248075","targetHints":{"allow":["GET"]}}],"collection":[{"href":"https:\/\/abela.shop\/rs\/wp-json\/wp\/v2\/product"}],"about":[{"href":"https:\/\/abela.shop\/rs\/wp-json\/wp\/v2\/types\/product"}],"replies":[{"embeddable":true,"href":"https:\/\/abela.shop\/rs\/wp-json\/wp\/v2\/comments?post=248075"}],"version-history":[{"count":0,"href":"https:\/\/abela.shop\/rs\/wp-json\/wp\/v2\/product\/248075\/revisions"}],"wp:featuredmedia":[{"embeddable":true,"href":"https:\/\/abela.shop\/rs\/wp-json\/wp\/v2\/media\/248102"}],"wp:attachment":[{"href":"https:\/\/abela.shop\/rs\/wp-json\/wp\/v2\/media?parent=248075"}],"wp:term":[{"taxonomy":"product_brand","embeddable":true,"href":"https:\/\/abela.shop\/rs\/wp-json\/wp\/v2\/product_brand?post=248075"},{"taxonomy":"product_cat","embeddable":true,"href":"https:\/\/abela.shop\/rs\/wp-json\/wp\/v2\/product_cat?post=248075"},{"taxonomy":"product_tag","embeddable":true,"href":"https:\/\/abela.shop\/rs\/wp-json\/wp\/v2\/product_tag?post=248075"}],"curies":[{"name":"wp","href":"https:\/\/api.w.org\/{rel}","templated":true}]}}