{"id":248077,"date":"2025-08-01T14:52:50","date_gmt":"2025-08-01T12:52:50","guid":{"rendered":"https:\/\/abela.shop\/rs\/?post_type=product&#038;p=248077"},"modified":"2026-05-15T01:59:59","modified_gmt":"2026-05-15T00:59:59","slug":"plantoderm-centella-dermarepair-gel-krema-50-ml","status":"publish","type":"product","link":"https:\/\/abela.shop\/rs\/proizvod\/plantoderm-centella-dermarepair-gel-krema-50-ml\/","title":{"rendered":"Plantoderm\u00ae Centella DermaRepair gel-krema za osetljivu ko\u017eu 50ml"},"content":{"rendered":"<h2><\/h2>\n<p><strong> Plantoderm\u00ae Centella DermaRepair gel-krema<\/strong> je lagane teksture koja se brzo upija, ostavljaju\u0107i ko\u017eu mekom i bar\u0161unastom.<br \/>\nCentela asiatica u kombinaciji sa alantoinom podsti\u010de regeneraciju ko\u017ee, dok kompleks ovla\u017eiva\u010da pru\u017ea intenzivnu hidrataciju ko\u017ee, odr\u017eava prirodnu vla\u017enost i dodatno neguje ko\u017eu.<br \/>\nPlantoderm\u00ae Centella DermaRepair gel-krema je pogodna za osetljivu ko\u017eu, ne sadr\u017ei mirise ni ve\u0161ta\u010dke boje. Pogodna je kao jutarnja i kao ve\u010dernja nega.<\/p>\n<h2><strong>Namena:<\/strong><\/h2>\n<p>Doprinosi regeneraciji, ja\u010danju prirodne barijere ko\u017ee i njenoj za\u0161titi od daljih o\u0161te\u0107enja.<\/p>\n<h2><strong>Na\u010din upotrebe:<\/strong><\/h2>\n<p>Naneti na o\u010di\u0161\u0107enu ko\u017eu lica ujutru i\/ili uve\u010de.<\/p>\n<h2><strong>Sastav proizvoda: <\/strong><\/h2>\n<p><em>Aqua, Caprylic\/Capric Triglyceride, Potassium Olivoyl Hydrolyzed Oat Protein, Cetearyl Alcohol, Glyceryl Stearate, Glyceryl Oleate, Sodium Acrylate\/Sodium Acryloyldimethyl Taurate Copolymer, Isohexadecane, Polysorbate 80, Niacinamide, Hexylene Glycol, Fructose, Glucose, Sucrose, Urea, Dextrin, Alanine, Glutamic Acid, Aspartic Acid, Hexyl Nicotinate, Glycerin, Coco-Caprylate, Dimethicone, Centella Asiatica Extract, Betaine, Panthenol, Propylene Glycol, Ammonium Polyacryloyldimethyl Taurate, Phenoxyethanol, Allantoin, Potassium Sorbate, Citric Acid, Disodium EDTA, BHT, Xanthan Gum<\/em><\/p>\n","protected":false},"excerpt":{"rendered":"<p><span class=\"opis-proizvoda\"><i class=\"fa-solid fa-circle-check check-opis-proizvoda\"><\/i>Biljni ekstrakt Centella asiatica u kombinaciji sa alantoinom podsti\u010de regeneraciju ko\u017ee<\/span><br \/>\n<span class=\"opis-proizvoda\"><i class=\"fa-solid fa-circle-check check-opis-proizvoda\"><\/i>Kompleks ovla\u017eiva\u010da pru\u017ea intenzivnu hidrataciju ko\u017ee, odr\u017eava prirodnu vla\u017enost i dodatno neguje ko\u017eu.<\/span><br \/>\n<span class=\"opis-proizvoda\"><i class=\"fa-solid fa-circle-check check-opis-proizvoda\"><\/i>Lagane, nemasne teksture, brzo se upija i ne ostavlja lepljiv ose\u0107aj<\/span><br \/>\n<span class=\"opis-proizvoda\"><i class=\"fa-solid fa-circle-check check-opis-proizvoda\"><\/i>Pogodna za osetljivu ko\u017eu, kao jutarnja i ve\u010dernja nega<\/span><br \/>\n<span class=\"opis-proizvoda\"><i class=\"fa-solid fa-circle-check check-opis-proizvoda\"><\/i>Bez mirisa i ve\u0161ta\u010dkih boja<\/span><\/p>\n","protected":false},"featured_media":248100,"comment_status":"open","ping_status":"closed","template":"","meta":{"_acf_changed":false},"product_brand":[],"product_cat":[125],"product_tag":[],"class_list":{"0":"post-248077","1":"product","2":"type-product","3":"status-publish","4":"has-post-thumbnail","6":"product_cat-lepota","8":"first","9":"instock","10":"sale","11":"shipping-taxable","12":"purchasable","13":"product-type-simple"},"acf":[],"jetpack_sharing_enabled":true,"_links":{"self":[{"href":"https:\/\/abela.shop\/rs\/wp-json\/wp\/v2\/product\/248077","targetHints":{"allow":["GET"]}}],"collection":[{"href":"https:\/\/abela.shop\/rs\/wp-json\/wp\/v2\/product"}],"about":[{"href":"https:\/\/abela.shop\/rs\/wp-json\/wp\/v2\/types\/product"}],"replies":[{"embeddable":true,"href":"https:\/\/abela.shop\/rs\/wp-json\/wp\/v2\/comments?post=248077"}],"version-history":[{"count":0,"href":"https:\/\/abela.shop\/rs\/wp-json\/wp\/v2\/product\/248077\/revisions"}],"wp:featuredmedia":[{"embeddable":true,"href":"https:\/\/abela.shop\/rs\/wp-json\/wp\/v2\/media\/248100"}],"wp:attachment":[{"href":"https:\/\/abela.shop\/rs\/wp-json\/wp\/v2\/media?parent=248077"}],"wp:term":[{"taxonomy":"product_brand","embeddable":true,"href":"https:\/\/abela.shop\/rs\/wp-json\/wp\/v2\/product_brand?post=248077"},{"taxonomy":"product_cat","embeddable":true,"href":"https:\/\/abela.shop\/rs\/wp-json\/wp\/v2\/product_cat?post=248077"},{"taxonomy":"product_tag","embeddable":true,"href":"https:\/\/abela.shop\/rs\/wp-json\/wp\/v2\/product_tag?post=248077"}],"curies":[{"name":"wp","href":"https:\/\/api.w.org\/{rel}","templated":true}]}}