{"id":249527,"date":"2025-08-13T10:09:30","date_gmt":"2025-08-13T08:09:30","guid":{"rendered":"https:\/\/abela.shop\/rs\/?post_type=product&#038;p=249527"},"modified":"2026-04-16T10:59:27","modified_gmt":"2026-04-16T09:59:27","slug":"magnall-immuno-30-kapsula","status":"publish","type":"product","link":"https:\/\/abela.shop\/rs\/proizvod\/magnall-immuno-30-kapsula\/","title":{"rendered":"Magnall\u00ae Immuno, 30 kapsula"},"content":{"rendered":"<h2><strong>Opis proizvoda:<\/strong><\/h2>\n<p><strong>Magnall\u00ae Immuno<\/strong> je jedinstvena formulacija magnezijuma i <a href=\"https:\/\/abela.shop\/rs\/proizvod\/bivits-activa-cink-60-tableta\/\"><strong>cinka<\/strong><\/a>, koja poma\u017ee organizmu u odr\u017eavanju normalne funkcije imunog sistema, odr\u017eavanju zdrave funkcije mi\u0161i\u0107a, u periodu oporavka od bolesti, kod te\u0161ke fizi\u010dke aktivnosti, omogu\u0107ava proizvodnju <a href=\"https:\/\/bivits.com\/kategorija\/energija\/\" target=\"_blank\" rel=\"noopener\"><strong>energije<\/strong><\/a> kako bi va\u0161em organizmu obezbedilo normalno funkcionisanje.<\/p>\n<p>Cink se koristi u prevenciji prehlada i gripa ili kod hroni\u010dnih infekcija, jer podsti\u010de imuni sistem. Magnezijum doprinosi smanjenju umora i iscrpljenosti.<br \/>\nMagnezijum doprinosi normalnoj funkciji mi\u0161i\u0107a, kao i mi\u0161i\u0107noj relaksaciji.<\/p>\n<h2><strong>Namena proizvoda: <\/strong><\/h2>\n<p>Preporu\u010duje se osobama koje imaju intenzivne treninge, koji rade te\u0161ke fizi\u010dke poslove, za vreme bolesti, naro\u010dito kod hroni\u010dnih bolesnika. Neophodan je za reproduktivno zdravlje mu\u0161karca, za sintezu hormona testosterona, kao i za \u017eensko reproduktivno zdravlje i period menopauze.<\/p>\n<h2><strong>Sastav proizvoda: <\/strong><\/h2>\n<p>magnezijum-oksid, kapsula (hipromeloza: boja titan-dioksid), cink-citrat, <i>sredstvo protiv zgrudvavanja<\/i>: magnezijum stearat;<i> sredstvo za pove\u0107anje zapremine<\/i>: mikrokristalna celuloza.<\/p>\n<h2><strong>Na\u010din upotrebe:<\/strong><\/h2>\n<p>Odrasli i deca starija od 12 godina: 1 kapsula dnevno, uz \u010da\u0161u vode.<\/p>\n","protected":false},"excerpt":{"rendered":"<p><span class=\"opis-proizvoda\"><i class=\"fa-solid fa-circle-check check-opis-proizvoda\"><\/i> <strong>Magnall\u00ae Immuno, 30 kapsula<\/strong> &#8211; formulacija magnezijuma i cinka.\u00a0<\/span><br \/>\n<span class=\"opis-proizvoda\"><i class=\"fa-solid fa-circle-check check-opis-proizvoda\"><\/i> Poma\u017ee organizmu u za\u0161titi i odr\u017eavanju imunog sistema, zdrave funkcije mi\u0161i\u0107a, u periodu oporavka od bolesti i kod te\u0161ke fizi\u010dke aktivnosti. <\/span><\/p>\n","protected":false},"featured_media":249528,"comment_status":"open","ping_status":"closed","template":"","meta":{"_acf_changed":false},"product_brand":[],"product_cat":[88],"product_tag":[],"class_list":{"0":"post-249527","1":"product","2":"type-product","3":"status-publish","4":"has-post-thumbnail","6":"product_cat-vitamini-i-minerali","8":"first","9":"instock","10":"shipping-taxable","11":"purchasable","12":"product-type-simple"},"acf":[],"jetpack_sharing_enabled":true,"_links":{"self":[{"href":"https:\/\/abela.shop\/rs\/wp-json\/wp\/v2\/product\/249527","targetHints":{"allow":["GET"]}}],"collection":[{"href":"https:\/\/abela.shop\/rs\/wp-json\/wp\/v2\/product"}],"about":[{"href":"https:\/\/abela.shop\/rs\/wp-json\/wp\/v2\/types\/product"}],"replies":[{"embeddable":true,"href":"https:\/\/abela.shop\/rs\/wp-json\/wp\/v2\/comments?post=249527"}],"version-history":[{"count":18,"href":"https:\/\/abela.shop\/rs\/wp-json\/wp\/v2\/product\/249527\/revisions"}],"predecessor-version":[{"id":256934,"href":"https:\/\/abela.shop\/rs\/wp-json\/wp\/v2\/product\/249527\/revisions\/256934"}],"wp:featuredmedia":[{"embeddable":true,"href":"https:\/\/abela.shop\/rs\/wp-json\/wp\/v2\/media\/249528"}],"wp:attachment":[{"href":"https:\/\/abela.shop\/rs\/wp-json\/wp\/v2\/media?parent=249527"}],"wp:term":[{"taxonomy":"product_brand","embeddable":true,"href":"https:\/\/abela.shop\/rs\/wp-json\/wp\/v2\/product_brand?post=249527"},{"taxonomy":"product_cat","embeddable":true,"href":"https:\/\/abela.shop\/rs\/wp-json\/wp\/v2\/product_cat?post=249527"},{"taxonomy":"product_tag","embeddable":true,"href":"https:\/\/abela.shop\/rs\/wp-json\/wp\/v2\/product_tag?post=249527"}],"curies":[{"name":"wp","href":"https:\/\/api.w.org\/{rel}","templated":true}]}}