{"id":253466,"date":"2025-08-29T15:19:38","date_gmt":"2025-08-29T13:19:38","guid":{"rendered":"https:\/\/abela.shop\/rs\/?post_type=product&#038;p=253466"},"modified":"2026-03-02T12:16:11","modified_gmt":"2026-03-02T11:16:11","slug":"serelys-paket-za-majku-i-cerku","status":"publish","type":"product","link":"https:\/\/abela.shop\/rs\/proizvod\/serelys-paket-za-majku-i-cerku\/","title":{"rendered":"S\u00e9r\u00e9lys\u00ae paket za majku i \u0107erku"},"content":{"rendered":"","protected":false},"excerpt":{"rendered":"<p><strong>Kupovinom ovog paketa na poklon dobijate prakti\u010dan punja\u010d za telefon!<\/strong><\/p>\n<p>DVE GENERACIJE, JEDAN PAKET, ME\u0110USOBNA PODR\u0160KA<\/p>\n<p>Nove faze \u017eivota donose nove izazove, i majkama i tinejd\u017eerima. Zato smo kreirali poseban paket koji spaja podr\u0161ku za vas i <a href=\"https:\/\/abela.shop\/rs\/proizvod\/bivits-activa-magnezijum-duo-60-tableta\/\"><strong>energiju<\/strong><\/a> za njih.<\/p>\n<p><strong>S\u00e9r\u00e9lys\u00ae MENO<\/strong> je jedinstveni preparat na tr\u017ei\u0161tu koji se isti\u010de po svom sastavu i klini\u010dkim dokazima. Jedini preparat bez fitoestrogena, bez hormona i estrogenske aktivnosti namenjen \u017eenama u svim fazama menopauze.<\/p>\n<p><strong>S\u00e9r\u00e9lys\u00ae PMS <\/strong>sadr\u017ei jedinstvenu kombinaciju prirodnih sastojaka: PureCyTonin\u00ae (specifi\u010dni i pro\u010di\u0161\u0107eni citoplazmatski ekstrakti polena), ekstrakt cveta \u0161afrana i <a href=\"https:\/\/bivits.com\/proizvod\/vitamin-e-100-iu\/\"><strong>vitamin E<\/strong><\/a>, koji poma\u017eu u smanjenju nervoze, promena raspolo\u017eenja i istovremeno podr\u017eavaju\u0107i stabilizaciju menstrualnog ciklusa.<\/p>\n","protected":false},"featured_media":254169,"comment_status":"open","ping_status":"closed","template":"","meta":{"_acf_changed":false},"product_brand":[],"product_cat":[101,74,148],"product_tag":[],"class_list":{"0":"post-253466","1":"product","2":"type-product","3":"status-publish","4":"has-post-thumbnail","6":"product_cat-paketi","7":"product_cat-intimno-zdravlje-zena","8":"product_cat-top-deal","10":"first","11":"instock","12":"sale","13":"shipping-taxable","14":"purchasable","15":"product-type-woosb"},"acf":[],"jetpack_sharing_enabled":true,"_links":{"self":[{"href":"https:\/\/abela.shop\/rs\/wp-json\/wp\/v2\/product\/253466","targetHints":{"allow":["GET"]}}],"collection":[{"href":"https:\/\/abela.shop\/rs\/wp-json\/wp\/v2\/product"}],"about":[{"href":"https:\/\/abela.shop\/rs\/wp-json\/wp\/v2\/types\/product"}],"replies":[{"embeddable":true,"href":"https:\/\/abela.shop\/rs\/wp-json\/wp\/v2\/comments?post=253466"}],"version-history":[{"count":12,"href":"https:\/\/abela.shop\/rs\/wp-json\/wp\/v2\/product\/253466\/revisions"}],"predecessor-version":[{"id":258882,"href":"https:\/\/abela.shop\/rs\/wp-json\/wp\/v2\/product\/253466\/revisions\/258882"}],"wp:featuredmedia":[{"embeddable":true,"href":"https:\/\/abela.shop\/rs\/wp-json\/wp\/v2\/media\/254169"}],"wp:attachment":[{"href":"https:\/\/abela.shop\/rs\/wp-json\/wp\/v2\/media?parent=253466"}],"wp:term":[{"taxonomy":"product_brand","embeddable":true,"href":"https:\/\/abela.shop\/rs\/wp-json\/wp\/v2\/product_brand?post=253466"},{"taxonomy":"product_cat","embeddable":true,"href":"https:\/\/abela.shop\/rs\/wp-json\/wp\/v2\/product_cat?post=253466"},{"taxonomy":"product_tag","embeddable":true,"href":"https:\/\/abela.shop\/rs\/wp-json\/wp\/v2\/product_tag?post=253466"}],"curies":[{"name":"wp","href":"https:\/\/api.w.org\/{rel}","templated":true}]}}