{"id":255938,"date":"2025-09-30T14:47:28","date_gmt":"2025-09-30T12:47:28","guid":{"rendered":"https:\/\/abela.shop\/rs\/?post_type=product&#038;p=255938"},"modified":"2026-05-02T04:59:47","modified_gmt":"2026-05-02T03:59:47","slug":"laxogel-red-orange-10-kesica","status":"publish","type":"product","link":"https:\/\/abela.shop\/rs\/proizvod\/laxogel-red-orange-10-kesica\/","title":{"rendered":"Laxogel\u00ae Red Orange,10 kesica"},"content":{"rendered":"<h2><strong>Laxogel\u00ae Red Orange<\/strong>, <strong>10 kesica<\/strong><\/h2>\n<p><strong>Laxogel\u00ae Red Orange<\/strong>, <strong>10 kesica<\/strong> pra\u0161ak za pripremu napitka je dodatak ishrani sa prirodnim dijetnim vlaknima biljnog porekla \u2013 <em>psyllium<\/em> iz ljuspica semena indijske bokvice, sa aromom crvene pomorand\u017ee. Namenjen <a href=\"https:\/\/abela.shop\/rs\/proizvod\/flobian-33-gratis\/\"><strong>regulisanju probave<\/strong><\/a> i re\u0161avanju problema zatvora na potpuno prirodan na\u010din. Psyllium doprinosi kontroli <a href=\"https:\/\/arteroprotect.com\/\" target=\"_blank\" rel=\"noopener\"><strong>holesterola<\/strong><\/a> u krvi, intestinalnom transportu, intestinalnom zdravlju i digestiji.<\/p>\n<p><strong>LaxoGel\u00ae Red Orange<\/strong> &#8211; vlakna <em>Psylliuma<\/em> uz dodatak zasla\u0111iva\u010da i prijatne arome crvene pomorand\u017ee. Pogodan za upotrebu bez bojazni od stvaranja navike i bez vremenskog ograni\u010denja upotrebe!<\/p>\n<p><strong>Sastav proizvoda:<\/strong> Psyllium vlakna iz ljuspica semena indijske bokvice (<em>Plantago Ovata<\/em>), limunska kiselina, aroma crvene pomorand\u017ee, zasla\u0111iva\u010d; acesulfam K, boja: karmoizin.<\/p>\n<p><strong>Na\u010din upotrebe:<\/strong> Sadr\u017eaj kesice preliti sa 200 ml vode (1 \u010da\u0161a), razmutiti i odmah popiti. Preporu\u010duje se da se potom popije i dodatna \u010da\u0161a vode, kao i da se pove\u0107a ukupni dnevni unos te\u010dnosti.<\/p>\n<p>Deca od 6 do 12 godina: Polovina kesice, ili jedna kesica, do dva puta dnevno.<\/p>\n<p>Deca iznad 12 godina i odrasli: Jedna kesica do 3 puta dnevno.<\/p>\n<p>Za primenu dece mla\u0111e od 6 godina potrebno je konsultovati se sa lekarom.<\/p>\n","protected":false},"excerpt":{"rendered":"<p><span class=\"opis-proizvoda\"><i class=\"fa-solid fa-circle-check check-opis-proizvoda\"><\/i><strong>Laxogel\u00ae Red Orange, 10 kesica<\/strong>\u00a0&#8211; potpuno prirodna pomo\u0107 za bolju probavu sa prijatnom aromom crvene pomorand\u017ee!<\/span><br \/>\n<span class=\"opis-proizvoda\"><i class=\"fa-solid fa-circle-check check-opis-proizvoda\"><\/i>Biljni laksativ na bazi indijske bokvice \u2013 <em>psyllium<\/em> re\u0161ava probleme zatvora i probave na prirodan na\u010din!<\/span><br \/>\n<span class=\"opis-proizvoda\"><i class=\"fa-solid fa-circle-check check-opis-proizvoda\"><\/i>Bez stvaranja navike i vremenskog ograni\u010denja upotrebe!<\/span><\/p>\n","protected":false},"featured_media":255851,"comment_status":"open","ping_status":"closed","template":"","meta":{"_acf_changed":false},"product_brand":[],"product_cat":[320],"product_tag":[],"class_list":{"0":"post-255938","1":"product","2":"type-product","3":"status-publish","4":"has-post-thumbnail","6":"product_cat-creva-u-balansu","8":"first","9":"instock","10":"shipping-taxable","11":"purchasable","12":"product-type-simple"},"acf":[],"jetpack_sharing_enabled":true,"_links":{"self":[{"href":"https:\/\/abela.shop\/rs\/wp-json\/wp\/v2\/product\/255938","targetHints":{"allow":["GET"]}}],"collection":[{"href":"https:\/\/abela.shop\/rs\/wp-json\/wp\/v2\/product"}],"about":[{"href":"https:\/\/abela.shop\/rs\/wp-json\/wp\/v2\/types\/product"}],"replies":[{"embeddable":true,"href":"https:\/\/abela.shop\/rs\/wp-json\/wp\/v2\/comments?post=255938"}],"version-history":[{"count":0,"href":"https:\/\/abela.shop\/rs\/wp-json\/wp\/v2\/product\/255938\/revisions"}],"wp:featuredmedia":[{"embeddable":true,"href":"https:\/\/abela.shop\/rs\/wp-json\/wp\/v2\/media\/255851"}],"wp:attachment":[{"href":"https:\/\/abela.shop\/rs\/wp-json\/wp\/v2\/media?parent=255938"}],"wp:term":[{"taxonomy":"product_brand","embeddable":true,"href":"https:\/\/abela.shop\/rs\/wp-json\/wp\/v2\/product_brand?post=255938"},{"taxonomy":"product_cat","embeddable":true,"href":"https:\/\/abela.shop\/rs\/wp-json\/wp\/v2\/product_cat?post=255938"},{"taxonomy":"product_tag","embeddable":true,"href":"https:\/\/abela.shop\/rs\/wp-json\/wp\/v2\/product_tag?post=255938"}],"curies":[{"name":"wp","href":"https:\/\/api.w.org\/{rel}","templated":true}]}}