{"id":255952,"date":"2025-09-30T15:09:19","date_gmt":"2025-09-30T13:09:19","guid":{"rendered":"https:\/\/abela.shop\/rs\/?post_type=product&#038;p=255952"},"modified":"2026-04-30T06:00:15","modified_gmt":"2026-04-30T05:00:15","slug":"bivits-activa-bone-up-booster-60-tableta","status":"publish","type":"product","link":"https:\/\/abela.shop\/rs\/proizvod\/bivits-activa-bone-up-booster-60-tableta\/","title":{"rendered":"BiVits\u00ae ACTIVA Bone Up Booster, 60 tableta"},"content":{"rendered":"<p><strong>BiVits\u00ae ACTIVA Bone Up Booster, 60 tableta<\/strong> je pa\u017eljivo kreirana formulacija koja pru\u017ea trostruku za\u0161titu: za kosti, vezivno tkivo i zglobove. Kombinuje vitamine K2 i D3, minerale (kalcijum, <a href=\"https:\/\/abela.shop\/rs\/proizvod\/bivits-activa-magnezijum-duo-60-tableta\/\"><strong>magnezijum<\/strong><\/a>, <a href=\"https:\/\/bivits.com\/proizvod\/cink-25mg\/\" target=\"_blank\" rel=\"noopener\"><strong>cink<\/strong><\/a>, mangan, bor) i ekstrakt bambusa kao prirodan izvor silicijuma.<\/p>\n<p>Ova sinergija sastojaka obezbe\u0111uje optimalnu apsorpciju i delovanje, kako bi se podr\u017eala gustina i \u010dvrsto\u0107a kostiju, elasti\u010dnost vezivnog tkiva i pokretljivost zglobova.<\/p>\n<p><strong>Sastav: <\/strong>kalcijum-karbonat, magnezijum-oksid, ekstrakt smole bambusa, cink-citrat, kalcijum-fruktoborat, mangan-glukonat, menahinon MK-7, holekalciferol.<\/p>\n<h4><strong>BiVits\u00ae ACTIVA Bone Up Booster doprinosi:<\/strong><\/h4>\n<p>\u2022 o\u010duvanju zdrave gustine i \u010dvrsto\u0107e kostiju<\/p>\n<p>\u2022 smanjenju rizika od osteoporoze i preloma<\/p>\n<p>\u2022 elasti\u010dnosti vezivnog tkiva i pokretljivosti zglobova<\/p>\n<p>\u2022 normalnoj mineralizaciji zuba i o\u010duvanju zdravlja hrskavice<\/p>\n<p>\u2022 podr\u0161ci kardiovaskularnog sistema zahvaljuju\u0107i vitaminu K2<\/p>\n<p>\u2022 normalnom funkcionisanju imunog sistema<\/p>\n","protected":false},"excerpt":{"rendered":"<h4><strong>Trostruka za\u0161tita za: kosti, vezivno tkivo i zglobove!<\/strong><\/h4>\n<p><strong>BiVits\u00ae ACTIVA Bone Up Booster, 60 tableta<\/strong> kombinuje vitamine K2 i D3, minerale (kalcijum, magnezijum, cink, mangan, bor) i ekstrakt bambusa kao prirodan izvor silicijuma u cilju podr\u0161ke gustini i \u010dvrsto\u0107i kostiju, elasti\u010dnosti vezivnog tkiva i pokretljivosti zglobova.<\/p>\n<p><strong>Namenjen:<\/strong><br \/>\n<span class=\"opis-proizvoda\"><i class=\"fa-solid fa-circle-check check-opis-proizvoda\"><\/i>\u017eenama u menopauzi i postmenopauzi<\/span><br \/>\n<span class=\"opis-proizvoda\"><i class=\"fa-solid fa-circle-check check-opis-proizvoda\"><\/i>osobama sa osteopenijom i osteoporozom<\/span><br \/>\n<span class=\"opis-proizvoda\"><i class=\"fa-solid fa-circle-check check-opis-proizvoda\"><\/i>osobama sa pove\u0107anim rizikom od kardiovaskularnih i autoimunih poreme\u0107aja<\/span><br \/>\n<span class=\"opis-proizvoda\"><i class=\"fa-solid fa-circle-check check-opis-proizvoda\"><\/i>svima koji \u017eele dugoro\u010dnu za\u0161titu kostiju, vitalnosti i otpornosti organizma<\/span><\/p>\n","protected":false},"featured_media":255954,"comment_status":"open","ping_status":"closed","template":"","meta":{"_acf_changed":false},"product_brand":[],"product_cat":[75],"product_tag":[],"class_list":{"0":"post-255952","1":"product","2":"type-product","3":"status-publish","4":"has-post-thumbnail","6":"product_cat-kosti-zglobovi-i-misici","8":"first","9":"instock","10":"shipping-taxable","11":"purchasable","12":"product-type-simple"},"acf":[],"jetpack_sharing_enabled":true,"_links":{"self":[{"href":"https:\/\/abela.shop\/rs\/wp-json\/wp\/v2\/product\/255952","targetHints":{"allow":["GET"]}}],"collection":[{"href":"https:\/\/abela.shop\/rs\/wp-json\/wp\/v2\/product"}],"about":[{"href":"https:\/\/abela.shop\/rs\/wp-json\/wp\/v2\/types\/product"}],"replies":[{"embeddable":true,"href":"https:\/\/abela.shop\/rs\/wp-json\/wp\/v2\/comments?post=255952"}],"version-history":[{"count":0,"href":"https:\/\/abela.shop\/rs\/wp-json\/wp\/v2\/product\/255952\/revisions"}],"wp:featuredmedia":[{"embeddable":true,"href":"https:\/\/abela.shop\/rs\/wp-json\/wp\/v2\/media\/255954"}],"wp:attachment":[{"href":"https:\/\/abela.shop\/rs\/wp-json\/wp\/v2\/media?parent=255952"}],"wp:term":[{"taxonomy":"product_brand","embeddable":true,"href":"https:\/\/abela.shop\/rs\/wp-json\/wp\/v2\/product_brand?post=255952"},{"taxonomy":"product_cat","embeddable":true,"href":"https:\/\/abela.shop\/rs\/wp-json\/wp\/v2\/product_cat?post=255952"},{"taxonomy":"product_tag","embeddable":true,"href":"https:\/\/abela.shop\/rs\/wp-json\/wp\/v2\/product_tag?post=255952"}],"curies":[{"name":"wp","href":"https:\/\/api.w.org\/{rel}","templated":true}]}}