{"id":255961,"date":"2025-09-30T15:13:50","date_gmt":"2025-09-30T13:13:50","guid":{"rendered":"https:\/\/abela.shop\/rs\/?post_type=product&#038;p=255961"},"modified":"2026-04-20T10:59:25","modified_gmt":"2026-04-20T09:59:25","slug":"bivits-activa-magnezijum-duo-60-tableta","status":"publish","type":"product","link":"https:\/\/abela.shop\/rs\/proizvod\/bivits-activa-magnezijum-duo-60-tableta\/","title":{"rendered":"BiVits\u00ae ACTIVA Magnezijum DUO, 60 tableta"},"content":{"rendered":"<p><strong>BiVits\u00ae ACTIVA Mg DUO, 60 tableta<\/strong> je dijetetski suplement sa kombinacijom magnezijum citrata i magnezijum oksida, dva oblika magnezijuma, koji uz <a href=\"https:\/\/abela.shop\/rs\/proizvod\/bivits-activa-vitamin-b-complex-60-tableta\/\"><strong>vitamin B6<\/strong><\/a> zajedni\u010dki obezbe\u0111uju brzu apsorpciju i dugotrajniju podr\u0161ku organizmu.<\/p>\n<h3><strong>Sastav:<\/strong><\/h3>\n<p> magnezijum citrat, magnezijum oksid, vitamin B6 (piridoksin-hidrohlorid).<\/p>\n<h3><strong>Na\u010din upotrebe: <\/strong><\/h3>\n<p>Odrasli i deca starija od 12 godina: 1-2 puta dnevno popiti po jednu tabletu.<\/p>\n<h3><strong>BiVits\u00ae ACTIVA Magnezijum DUO doprinosi:<\/strong><\/h3>\n<p>\u00b7 normalnoj funkciji mi\u0161i\u0107a i nervnog sistema<br \/>\n\u00b7 smanjenju umora i iscrpljenosti<br \/>\n\u00b7 odr\u017eavanju normalnog metabolizma <strong><a href=\"https:\/\/bivits.com\/kategorija\/energija\/\" target=\"_blank\" rel=\"noopener\">energije<\/a><\/strong><br \/>\n\u00b7 o\u010duvanju zdravlja kostiju i zuba<\/p>\n","protected":false},"excerpt":{"rendered":"<h4><strong>OPTIMALNA PODR\u0160KA ORGANIZMU IZ DVA IZVORA MAGNEZIJUMA!<\/strong><\/h4>\n<p><strong>BiVits\u00ae ACTIVA Mg DUO, 60 tableta<\/strong> kombinuje magnezijum citrat i magnezijum oksid, dva oblika magnezijuma koji, uz vitamin B6, zajedni\u010dki obezbe\u0111uju brzu apsorpciju i dugotrajniju podr\u0161ku organizmu.<\/p>\n<p><strong>Namenjen:<\/strong><br \/>\n<span class=\"opis-proizvoda\"><i class=\"fa-solid fa-circle-check check-opis-proizvoda\"><\/i>osobama izlo\u017eenim stresu i naporu<\/span><br \/>\n<span class=\"opis-proizvoda\"><i class=\"fa-solid fa-circle-check check-opis-proizvoda\"><\/i>osobama sa gr\u010devima u mi\u0161i\u0107ima i ose\u0107ajem iscrpljenosti<\/span><br \/>\n<span class=\"opis-proizvoda\"><i class=\"fa-solid fa-circle-check check-opis-proizvoda\"><\/i>sportistima i fizi\u010dki aktivnim osobama<\/span><br \/>\n<span class=\"opis-proizvoda\"><i class=\"fa-solid fa-circle-check check-opis-proizvoda\"><\/i>osobama sa pove\u0107anim potrebama za magnezijumom<\/span><\/p>\n","protected":false},"featured_media":255956,"comment_status":"open","ping_status":"closed","template":"","meta":{"_acf_changed":false},"product_brand":[],"product_cat":[88],"product_tag":[],"class_list":{"0":"post-255961","1":"product","2":"type-product","3":"status-publish","4":"has-post-thumbnail","6":"product_cat-vitamini-i-minerali","8":"first","9":"instock","10":"shipping-taxable","11":"purchasable","12":"product-type-simple"},"acf":[],"jetpack_sharing_enabled":true,"_links":{"self":[{"href":"https:\/\/abela.shop\/rs\/wp-json\/wp\/v2\/product\/255961","targetHints":{"allow":["GET"]}}],"collection":[{"href":"https:\/\/abela.shop\/rs\/wp-json\/wp\/v2\/product"}],"about":[{"href":"https:\/\/abela.shop\/rs\/wp-json\/wp\/v2\/types\/product"}],"replies":[{"embeddable":true,"href":"https:\/\/abela.shop\/rs\/wp-json\/wp\/v2\/comments?post=255961"}],"version-history":[{"count":11,"href":"https:\/\/abela.shop\/rs\/wp-json\/wp\/v2\/product\/255961\/revisions"}],"predecessor-version":[{"id":256945,"href":"https:\/\/abela.shop\/rs\/wp-json\/wp\/v2\/product\/255961\/revisions\/256945"}],"wp:featuredmedia":[{"embeddable":true,"href":"https:\/\/abela.shop\/rs\/wp-json\/wp\/v2\/media\/255956"}],"wp:attachment":[{"href":"https:\/\/abela.shop\/rs\/wp-json\/wp\/v2\/media?parent=255961"}],"wp:term":[{"taxonomy":"product_brand","embeddable":true,"href":"https:\/\/abela.shop\/rs\/wp-json\/wp\/v2\/product_brand?post=255961"},{"taxonomy":"product_cat","embeddable":true,"href":"https:\/\/abela.shop\/rs\/wp-json\/wp\/v2\/product_cat?post=255961"},{"taxonomy":"product_tag","embeddable":true,"href":"https:\/\/abela.shop\/rs\/wp-json\/wp\/v2\/product_tag?post=255961"}],"curies":[{"name":"wp","href":"https:\/\/api.w.org\/{rel}","templated":true}]}}