{"id":257319,"date":"2025-10-21T09:51:50","date_gmt":"2025-10-21T07:51:50","guid":{"rendered":"https:\/\/abela.shop\/rs\/?post_type=product&#038;p=257319"},"modified":"2026-03-12T11:19:06","modified_gmt":"2026-03-12T10:19:06","slug":"propomucil-za-pusace","status":"publish","type":"product","link":"https:\/\/abela.shop\/rs\/proizvod\/propomucil-za-pusace\/","title":{"rendered":"Propomucil paket za pu\u0161a\u010de"},"content":{"rendered":"<p><strong>PropoMucil<sup>\u00ae <\/sup>za pu\u0161a\u010de<\/strong>, rastvor za oralnu upotrebu, dodatak ishrani medom, ekstraktima belog sleza, jagor\u010devine, nane, propolisa sa polifenolima i prirodno fermentisanog N-acetilcisteina ubla\u017eava simptome pu\u0161a\u010dkog ka\u0161lja, smanjuje rizik od bakterijskih i virusnih infekcija respiratornih organa, o\u0161te\u0107enja grla, <a href=\"https:\/\/abela.shop\/rs\/proizvod\/propomucil-pastile-forest-berry-24-pastile\/\"><strong>promuklost<\/strong><\/a>, <a href=\"https:\/\/propomucil.rs\/pusacki-kasalj\/\" target=\"_blank\" rel=\"noopener\"><strong>hroni\u010dan ka\u0161alj<\/strong><\/a> i iritacije. \u010cista\u010d bronhija!<\/p>\n<h2>Sastav proizvoda:<\/h2>\n<p>fruktoza, pre\u010di\u0161\u0107ena voda, ekstrakt korena belog sleza, med, sme\u0161a ekstrakta propolisa i N-acetilcisteina, ekstrakt korena jagor\u010devine, ekstrakt lista nane, boja: karamel amonija\u010dno sulfitni, regulator kiselosti: natrijum hidrogen karbonat, konzervans; natrijum benzoat, aroma meda.<\/p>\n<h2>Na\u010din upotrebe:<\/h2>\n<p>Odrasli: 3 puta dnevno po 12 ml rastvora, posle obroka. Grgoljiti u ustima i progutati. Rok upotrebe proizvoda nakon otvaranja je 15 dana. Pre upotrebe promu\u0107kati. Doza se mo\u017ee odmeriti i prilo\u017eenom graduisanom mericom.<\/p>\n","protected":false},"excerpt":{"rendered":"<p><span class=\"opis-proizvoda\"><i class=\"fa-solid fa-circle-check check-opis-proizvoda\"><\/i><strong>Novo inovativno re\u0161enje za ubla\u017eavanje posledica omiljene \u0161tetne navike<\/strong><\/span><br \/>\n<span class=\"opis-proizvoda\"><i class=\"fa-solid fa-circle-check check-opis-proizvoda\"><\/i>Bogat medom, ekstraktima belog sleza, jagor\u010devine, nane, propolisa sa polifenolima i prirodno fermentisanog N-acetilcisteina efikasno ubla\u017eava simptome pu\u0161a\u010dkog ka\u0161lja i \u010disti va\u0161a plu\u0107a<\/span><br \/>\n<span class=\"opis-proizvoda\"><i class=\"fa-solid fa-circle-check check-opis-proizvoda\"><\/i>PropoMucil\u00ae za pu\u0161a\u010de \u2013 za \u010diste i prohodne bronhije<\/span><br \/>\n<span class=\"opis-proizvoda\"><i class=\"fa-solid fa-circle-check check-opis-proizvoda\"><\/i>Olak\u0161ava pu\u0161a\u010dki ka\u0161alj<\/span><br \/>\n<span class=\"opis-proizvoda\"><i class=\"fa-solid fa-circle-check check-opis-proizvoda\"><\/i>Smanjuje nadra\u017eaj na ka\u0161alj<\/span><\/p>\n","protected":false},"featured_media":257417,"comment_status":"open","ping_status":"closed","template":"","meta":{"_acf_changed":false},"product_brand":[],"product_cat":[101,73],"product_tag":[],"class_list":{"0":"post-257319","1":"product","2":"type-product","3":"status-publish","4":"has-post-thumbnail","6":"product_cat-paketi","7":"product_cat-respiratorni-sistem","9":"first","10":"instock","11":"sale","12":"featured","13":"shipping-taxable","14":"purchasable","15":"product-type-woosb"},"acf":[],"jetpack_sharing_enabled":true,"_links":{"self":[{"href":"https:\/\/abela.shop\/rs\/wp-json\/wp\/v2\/product\/257319","targetHints":{"allow":["GET"]}}],"collection":[{"href":"https:\/\/abela.shop\/rs\/wp-json\/wp\/v2\/product"}],"about":[{"href":"https:\/\/abela.shop\/rs\/wp-json\/wp\/v2\/types\/product"}],"replies":[{"embeddable":true,"href":"https:\/\/abela.shop\/rs\/wp-json\/wp\/v2\/comments?post=257319"}],"version-history":[{"count":4,"href":"https:\/\/abela.shop\/rs\/wp-json\/wp\/v2\/product\/257319\/revisions"}],"predecessor-version":[{"id":259075,"href":"https:\/\/abela.shop\/rs\/wp-json\/wp\/v2\/product\/257319\/revisions\/259075"}],"wp:featuredmedia":[{"embeddable":true,"href":"https:\/\/abela.shop\/rs\/wp-json\/wp\/v2\/media\/257417"}],"wp:attachment":[{"href":"https:\/\/abela.shop\/rs\/wp-json\/wp\/v2\/media?parent=257319"}],"wp:term":[{"taxonomy":"product_brand","embeddable":true,"href":"https:\/\/abela.shop\/rs\/wp-json\/wp\/v2\/product_brand?post=257319"},{"taxonomy":"product_cat","embeddable":true,"href":"https:\/\/abela.shop\/rs\/wp-json\/wp\/v2\/product_cat?post=257319"},{"taxonomy":"product_tag","embeddable":true,"href":"https:\/\/abela.shop\/rs\/wp-json\/wp\/v2\/product_tag?post=257319"}],"curies":[{"name":"wp","href":"https:\/\/api.w.org\/{rel}","templated":true}]}}