{"id":259498,"date":"2025-12-24T15:23:36","date_gmt":"2025-12-24T14:23:36","guid":{"rendered":"https:\/\/abela.shop\/rs\/?post_type=product&#038;p=259498"},"modified":"2026-04-18T08:59:21","modified_gmt":"2026-04-18T07:59:21","slug":"gd-100","status":"publish","type":"product","link":"https:\/\/abela.shop\/rs\/proizvod\/gd-100\/","title":{"rendered":"GD-100"},"content":{"rendered":"<h2><strong>Opis proizvoda:<\/strong><\/h2>\n<p><strong>GD-100<\/strong> je dodatak ishrani baziran na visoko koncentrovanom ekstraktu spora gljive <em>Ganoderma lucidum <\/em>(Reishi), dobijenom savremenim tehnolo\u0161kim postupcima. Sadr\u017ei prirodne bioaktivne komponente poput polisaharida, triterpena i organskog germanijuma, koje se tradicionalno koriste kao deo uravnote\u017eene ishrane usmerene ka podr\u0161ci op\u0161tem stanju organizma. GD-100 je formulisan u prakti\u010dnim kapsulama, namenjen svakodnevnoj upotrebi i lako se uklapa u savremeni na\u010din \u017eivota. Proizvod je dodatak ishrani i koristi se kao dopuna raznovrsnoj i balansiranoj ishrani, posebno kod osoba koje vode ra\u010duna o svom op\u0161tem blagostanju i vitalnosti. GD-100 predstavlja prirodan izbor za one koji \u017eele dodatnu podr\u0161ku organizmu kroz pa\u017eljivo odabrane sastojke biljnog porekla.<\/p>\n<h2><strong>Namena proizvoda: <\/strong><\/h2>\n<p>Prirodni dodatak prehrani sa visokokoncentrovanim ekstraktom <em>Ganoderme lucidum<\/em> \u2013 podr\u0161ka imunom sistemu i ose\u0107aju vitalnosti.<\/p>\n<h2><strong>Sastav proizvoda: <\/strong><\/h2>\n<p>Proizvod sadr\u017ei: 99,7% Ganoderma ulje.<br \/>\n0,3% vitamin E<\/p>\n<h2><strong>Na\u010din upotrebe:<\/strong><\/h2>\n<p>Preporu\u010duje se:<br \/>\n1 kapsula dnevno uz obrok i \u010da\u0161u vode, ili prema savetu zdravstvenog radnika.<\/p>\n","protected":false},"excerpt":{"rendered":"<p><span class=\"opis-proizvoda\"><i class=\"fa-solid fa-circle-check check-opis-proizvoda\"><\/i> Zna\u010dajno smanjuje ne\u017eeljene efekte hemoterapije i zra\u010denja.<\/span><br \/>\n<span class=\"opis-proizvoda\"><i class=\"fa-solid fa-circle-check check-opis-proizvoda\"><\/i>Stimuli\u0161e i modulira imuni sistem, \u0161to poma\u017ee organizmu da se bori protiv tumora.<\/span><br \/>\n<span class=\"opis-proizvoda\"><i class=\"fa-solid fa-circle-check check-opis-proizvoda\"><\/i>Koristi se kao dodatak terapiji karcinoma pre, u toku i nakon hemoterapije i zra\u010denj<\/span><br \/>\n<span class=\"opis-proizvoda\"><i class=\"fa-solid fa-circle-check check-opis-proizvoda\"><\/i>Poja\u010dava efekte standardne terapije i omogu\u0107ava da se terapija sprovede u celosti.<\/span><\/p>\n","protected":false},"featured_media":259500,"comment_status":"open","ping_status":"closed","template":"","meta":{"_acf_changed":false},"product_brand":[],"product_cat":[127],"product_tag":[],"class_list":{"0":"post-259498","1":"product","2":"type-product","3":"status-publish","4":"has-post-thumbnail","6":"product_cat-imunitet","8":"first","9":"instock","10":"sale","11":"shipping-taxable","12":"purchasable","13":"product-type-simple"},"acf":[],"jetpack_sharing_enabled":true,"_links":{"self":[{"href":"https:\/\/abela.shop\/rs\/wp-json\/wp\/v2\/product\/259498","targetHints":{"allow":["GET"]}}],"collection":[{"href":"https:\/\/abela.shop\/rs\/wp-json\/wp\/v2\/product"}],"about":[{"href":"https:\/\/abela.shop\/rs\/wp-json\/wp\/v2\/types\/product"}],"replies":[{"embeddable":true,"href":"https:\/\/abela.shop\/rs\/wp-json\/wp\/v2\/comments?post=259498"}],"version-history":[{"count":7,"href":"https:\/\/abela.shop\/rs\/wp-json\/wp\/v2\/product\/259498\/revisions"}],"predecessor-version":[{"id":261998,"href":"https:\/\/abela.shop\/rs\/wp-json\/wp\/v2\/product\/259498\/revisions\/261998"}],"wp:featuredmedia":[{"embeddable":true,"href":"https:\/\/abela.shop\/rs\/wp-json\/wp\/v2\/media\/259500"}],"wp:attachment":[{"href":"https:\/\/abela.shop\/rs\/wp-json\/wp\/v2\/media?parent=259498"}],"wp:term":[{"taxonomy":"product_brand","embeddable":true,"href":"https:\/\/abela.shop\/rs\/wp-json\/wp\/v2\/product_brand?post=259498"},{"taxonomy":"product_cat","embeddable":true,"href":"https:\/\/abela.shop\/rs\/wp-json\/wp\/v2\/product_cat?post=259498"},{"taxonomy":"product_tag","embeddable":true,"href":"https:\/\/abela.shop\/rs\/wp-json\/wp\/v2\/product_tag?post=259498"}],"curies":[{"name":"wp","href":"https:\/\/api.w.org\/{rel}","templated":true}]}}