{"id":259531,"date":"2025-12-25T14:03:14","date_gmt":"2025-12-25T13:03:14","guid":{"rendered":"https:\/\/abela.shop\/rs\/?post_type=product&#038;p=259531"},"modified":"2026-04-16T18:59:41","modified_gmt":"2026-04-16T17:59:41","slug":"bivits-activa-magnezijum-citrat-400-mg","status":"publish","type":"product","link":"https:\/\/abela.shop\/rs\/proizvod\/bivits-activa-magnezijum-citrat-400-mg\/","title":{"rendered":"BiVits\u00ae ACTIVA Magnezijum citrat 400 mg"},"content":{"rendered":"<p><strong>BiVits\u00ae ACTIVA Magnezijum citrat 400 mg<\/strong> BiVits\u00ae ACTIVA Magnezijum citrat 400 mg sadr\u017ei 100% soli magnezijum citrata, oblik poznat po visokoj bioraspolo\u017eivosti i dobroj podno\u0161ljivosti.<br \/>\nObezbe\u0111uje efikasnu i pouzdanu podr\u0161ku za svakodnevne potrebe organizma.<\/p>\n<p><strong>BiVits\u00ae ACTIVA Magnezijum citrat 400 mg<\/strong> sadr\u017ei 500 mg vitamina C i 10mg organskog cink-citrata koji obezbedjuje bolju iskoristljivost u organizmu.<\/p>\n<p><strong>BiVits\u00ae ACTIVA Magnezijum citrat 400 mg doprinosi:<\/strong><br \/>\n\u2022\u00a0normalnoj funkciji mi\u0161i\u0107a i nervnog sistema<br \/>\n\u2022 smanjenju umora i iscrpljenosti<br \/>\n\u2022 odr\u017eavanju ravnote\u017ee elektrolita<br \/>\n\u2022 o\u010duvanju zdravlja kostiju i zuba<\/p>\n<h2>Namena proizvoda:<\/h2>\n<p><strong>BiVits\u00ae ACTIVA Magnezijum citrat 400 mg posebno se preporu\u010duje:<br \/>\n<\/strong><br \/>\n\u2022 osobama koje \u017eele \u010dist izvor magnezijuma sa visokom apsorpcijom<br \/>\n\u2022 osobama koje pate od gr\u010deva, umora i ose\u0107aja iscrpljenosti<br \/>\n\u2022 osobama sa pove\u0107anim potrebama za magnezijumom (sportisti, trudnice i dojilje \u2013 uz konsultaciju sa lekarom)<br \/>\n\u2022 osobama sa osetljivim \u017eelucem i problema sa apsorpcijom<br \/>\n\u2022 osobama koje preferiraju tablete umesto pra\u0161kastih oblika<\/p>\n<h2>Sastav proizvoda:<\/h2>\n<p>vitamin B6 (pioridoksin-hidrohlorid), magnezijum-citrat, od \u010dega:<br \/>\n\u2013 magnezijum<\/p>\n","protected":false},"excerpt":{"rendered":"<p>Dvostruka podr\u0161ka imunom sistemu.<\/p>\n<p><span class=\"opis-proizvoda\"><i class=\"fa-solid fa-circle-check check-opis-proizvoda\"><\/i>Smanjuje umor i iscrpljenost<\/span><br \/>\n<span class=\"opis-proizvoda\"><i class=\"fa-solid fa-circle-check check-opis-proizvoda\"><\/i>doprinosi normalnoj funkciji mi\u0161i\u0107a i nervnog sistema<\/span><br \/>\n<span class=\"opis-proizvoda\"><i class=\"fa-solid fa-circle-check check-opis-proizvoda\"><\/i>Doprinosi o\u010duvanju zdravlja kostiju i zuba<\/span><\/p>\n","protected":false},"featured_media":259532,"comment_status":"open","ping_status":"closed","template":"","meta":{"_acf_changed":false},"product_brand":[],"product_cat":[88],"product_tag":[],"class_list":{"0":"post-259531","1":"product","2":"type-product","3":"status-publish","4":"has-post-thumbnail","6":"product_cat-vitamini-i-minerali","8":"first","9":"instock","10":"shipping-taxable","11":"purchasable","12":"product-type-simple"},"acf":[],"jetpack_sharing_enabled":true,"_links":{"self":[{"href":"https:\/\/abela.shop\/rs\/wp-json\/wp\/v2\/product\/259531","targetHints":{"allow":["GET"]}}],"collection":[{"href":"https:\/\/abela.shop\/rs\/wp-json\/wp\/v2\/product"}],"about":[{"href":"https:\/\/abela.shop\/rs\/wp-json\/wp\/v2\/types\/product"}],"replies":[{"embeddable":true,"href":"https:\/\/abela.shop\/rs\/wp-json\/wp\/v2\/comments?post=259531"}],"version-history":[{"count":2,"href":"https:\/\/abela.shop\/rs\/wp-json\/wp\/v2\/product\/259531\/revisions"}],"predecessor-version":[{"id":259536,"href":"https:\/\/abela.shop\/rs\/wp-json\/wp\/v2\/product\/259531\/revisions\/259536"}],"wp:featuredmedia":[{"embeddable":true,"href":"https:\/\/abela.shop\/rs\/wp-json\/wp\/v2\/media\/259532"}],"wp:attachment":[{"href":"https:\/\/abela.shop\/rs\/wp-json\/wp\/v2\/media?parent=259531"}],"wp:term":[{"taxonomy":"product_brand","embeddable":true,"href":"https:\/\/abela.shop\/rs\/wp-json\/wp\/v2\/product_brand?post=259531"},{"taxonomy":"product_cat","embeddable":true,"href":"https:\/\/abela.shop\/rs\/wp-json\/wp\/v2\/product_cat?post=259531"},{"taxonomy":"product_tag","embeddable":true,"href":"https:\/\/abela.shop\/rs\/wp-json\/wp\/v2\/product_tag?post=259531"}],"curies":[{"name":"wp","href":"https:\/\/api.w.org\/{rel}","templated":true}]}}