{"id":259625,"date":"2025-12-30T09:13:38","date_gmt":"2025-12-30T08:13:38","guid":{"rendered":"https:\/\/abela.shop\/rs\/?post_type=product&#038;p=259625"},"modified":"2026-04-18T08:59:20","modified_gmt":"2026-04-18T07:59:20","slug":"bivits-activa-selen-100-mcg-60-tableta","status":"publish","type":"product","link":"https:\/\/abela.shop\/rs\/proizvod\/bivits-activa-selen-100-mcg-60-tableta\/","title":{"rendered":"BiVits ACTIVA Selen 100 mcg, 60 tableta"},"content":{"rendered":"<p><strong>BiVits Selen 100 mcg<\/strong> je dijetetski suplement koji sadr\u017ei selen u obliku L-seleno-metionina. Selen doprinosi normalnoj funkciji imunog sistema, \u0161titne \u017elezde, za\u0161titi \u0107elija od oksidativnog stresa i reproduktivnom zdravlju. Preporu\u010duje se kao podr\u0161ka organizmu u uslovima pove\u0107anog oksidativnog stresa i za odr\u017eavanje vitalnih procesa.<\/p>\n<p><strong>BiVits Selen 100 mcg doprinosi:<br \/>\n<\/strong><br \/>\n\u2022 normalnoj funkciji \u0161titne \u017elezde<br \/>\n\u2022 za\u0161titi \u0107elija od oksidativnog stresa<br \/>\n\u2022 normalnoj funkciji imunskog sistema<br \/>\n\u2022 zdravoj reprodukciji i procesu spermatogeneze<\/p>\n<h2>Namena proizvoda:<\/h2>\n<p><strong>BiVits ACTIVA Selen 100mcg posebno se preporu\u010duje:<\/strong><br \/>\n\u2022 osobama koje \u017eive u podru\u010djima sa niskim nivoom selena u zemlji\u0161tu<br \/>\n\u2022 osobama sa pove\u0107anim oksidativnim stresom<br \/>\n\u2022 starijim osobama za o\u010duvanje vitalnosti<br \/>\n\u2022 sportistima i aktivnim osobama za ubrzanje oporavka nakon fizi\u010dkog napora<\/p>\n<h2>Sastav proizvoda:<\/h2>\n<p>Selen (L-seleno-metionin)<\/p>\n<p>&nbsp;<\/p>\n","protected":false},"excerpt":{"rendered":"<p><span class=\"opis-proizvoda\"><i class=\"fa-solid fa-circle-check check-opis-proizvoda\"><\/i>Podr\u0161ka imunom sistemu<\/span><br \/>\n<span class=\"opis-proizvoda\"><i class=\"fa-solid fa-circle-check check-opis-proizvoda\"><\/i>Normalna funkcija \u0161titne \u017elezde<\/span><br \/>\n<span class=\"opis-proizvoda\"><i class=\"fa-solid fa-circle-check check-opis-proizvoda\"><\/i>Za\u0161tita \u0107elija od oksidativnog stresa<\/span><br \/>\n<span class=\"opis-proizvoda\"><i class=\"fa-solid fa-circle-check check-opis-proizvoda\"><\/i>Zdrav reproduktivni sistem<\/span><\/p>\n","protected":false},"featured_media":259626,"comment_status":"open","ping_status":"closed","template":"","meta":{"_acf_changed":false},"product_brand":[],"product_cat":[88],"product_tag":[],"class_list":{"0":"post-259625","1":"product","2":"type-product","3":"status-publish","4":"has-post-thumbnail","6":"product_cat-vitamini-i-minerali","8":"first","9":"instock","10":"shipping-taxable","11":"purchasable","12":"product-type-simple"},"acf":[],"jetpack_sharing_enabled":true,"_links":{"self":[{"href":"https:\/\/abela.shop\/rs\/wp-json\/wp\/v2\/product\/259625","targetHints":{"allow":["GET"]}}],"collection":[{"href":"https:\/\/abela.shop\/rs\/wp-json\/wp\/v2\/product"}],"about":[{"href":"https:\/\/abela.shop\/rs\/wp-json\/wp\/v2\/types\/product"}],"replies":[{"embeddable":true,"href":"https:\/\/abela.shop\/rs\/wp-json\/wp\/v2\/comments?post=259625"}],"version-history":[{"count":4,"href":"https:\/\/abela.shop\/rs\/wp-json\/wp\/v2\/product\/259625\/revisions"}],"predecessor-version":[{"id":259632,"href":"https:\/\/abela.shop\/rs\/wp-json\/wp\/v2\/product\/259625\/revisions\/259632"}],"wp:featuredmedia":[{"embeddable":true,"href":"https:\/\/abela.shop\/rs\/wp-json\/wp\/v2\/media\/259626"}],"wp:attachment":[{"href":"https:\/\/abela.shop\/rs\/wp-json\/wp\/v2\/media?parent=259625"}],"wp:term":[{"taxonomy":"product_brand","embeddable":true,"href":"https:\/\/abela.shop\/rs\/wp-json\/wp\/v2\/product_brand?post=259625"},{"taxonomy":"product_cat","embeddable":true,"href":"https:\/\/abela.shop\/rs\/wp-json\/wp\/v2\/product_cat?post=259625"},{"taxonomy":"product_tag","embeddable":true,"href":"https:\/\/abela.shop\/rs\/wp-json\/wp\/v2\/product_tag?post=259625"}],"curies":[{"name":"wp","href":"https:\/\/api.w.org\/{rel}","templated":true}]}}