{"id":260212,"date":"2026-01-29T11:40:47","date_gmt":"2026-01-29T10:40:47","guid":{"rendered":"https:\/\/abela.shop\/rs\/?post_type=product&#038;p=260212"},"modified":"2026-05-01T21:59:50","modified_gmt":"2026-05-01T20:59:50","slug":"bivits-activa-ashwagandha-ksm-66-500-mg-60-kapsula","status":"publish","type":"product","link":"https:\/\/abela.shop\/rs\/proizvod\/bivits-activa-ashwagandha-ksm-66-500-mg-60-kapsula\/","title":{"rendered":"BiVits\u00ae ACTIVA Ashwagandha KSM-66 500 mg, 60 kapsula"},"content":{"rendered":"<p><strong>BiVits\u00ae ACTIVA Ashwagandha KSM-66<\/strong> je dijetetski suplement sa ekstraktom korena a\u0161vagande (indijskog \u017een\u0161ena). A\u0161vaganda doprinosi mentalnom zdravlju i opu\u0161tanju, optimalnoj mentalnoj i kognitivnoj aktivnosti, mentalnoj sposobnosti i snu, smanjenju stresa, o\u010duvanju vitalnosti, energiji organizma, kardiovaskularnom zdravlju, respiratornom zdravlju, reproduktivnom zdravlju i zdravlju ko\u017ee.<\/p>\n<p>&nbsp;<\/p>\n<h3>BiVits\u00ae ACTIVA Ashwagandha KSM-66 doprinosi:<\/h3>\n<ul>\n<li>smanjenju stresa, napetosti i anksioznosti<\/li>\n<li>pove\u0107anju otpornosti na fizi\u010dki i mentalni napor<\/li>\n<li>pobolj\u0161anju fokusa, koncentracije i pam\u0107enja<\/li>\n<li>kvalitetnijem snu i regeneraciji organizma<\/li>\n<li>ja\u010danju imuniteta i ukupne vitalnosti<\/li>\n<\/ul>\n<p>&nbsp;<\/p>\n<h3>Kome se preporu\u010duje:<\/h3>\n<ul>\n<li>osobama izlo\u017eenim stresu i psihi\u010dkom naporu<\/li>\n<li>osobama sa problemima sa snom ili umorom<\/li>\n<li>onima koji \u017eele prirodnu podr\u0161ku energiji, fokusu i balansu<\/li>\n<\/ul>\n<p>\u2022 osobama koje tra\u017ee naj\u010distiji i najefikasniji oblik a\u0161vagande \u2013<strong> KSM-66\u00ae<\/strong><\/p>\n","protected":false},"excerpt":{"rendered":"<p>Standardizovani ekstrakt korena a\u0161vagande (KSM-66\u00ae) \u2013 adaptogena podr\u0161ka organizmu u periodima stresa, za bolji fokus, energiju i kvalitet sna. 500 mg po kapsuli.<\/p>\n","protected":false},"featured_media":260213,"comment_status":"open","ping_status":"closed","template":"","meta":{"_acf_changed":false},"product_brand":[],"product_cat":[127,88],"product_tag":[],"class_list":{"0":"post-260212","1":"product","2":"type-product","3":"status-publish","4":"has-post-thumbnail","6":"product_cat-imunitet","7":"product_cat-vitamini-i-minerali","9":"first","10":"instock","11":"shipping-taxable","12":"purchasable","13":"product-type-simple"},"acf":[],"jetpack_sharing_enabled":true,"_links":{"self":[{"href":"https:\/\/abela.shop\/rs\/wp-json\/wp\/v2\/product\/260212","targetHints":{"allow":["GET"]}}],"collection":[{"href":"https:\/\/abela.shop\/rs\/wp-json\/wp\/v2\/product"}],"about":[{"href":"https:\/\/abela.shop\/rs\/wp-json\/wp\/v2\/types\/product"}],"replies":[{"embeddable":true,"href":"https:\/\/abela.shop\/rs\/wp-json\/wp\/v2\/comments?post=260212"}],"version-history":[{"count":0,"href":"https:\/\/abela.shop\/rs\/wp-json\/wp\/v2\/product\/260212\/revisions"}],"wp:featuredmedia":[{"embeddable":true,"href":"https:\/\/abela.shop\/rs\/wp-json\/wp\/v2\/media\/260213"}],"wp:attachment":[{"href":"https:\/\/abela.shop\/rs\/wp-json\/wp\/v2\/media?parent=260212"}],"wp:term":[{"taxonomy":"product_brand","embeddable":true,"href":"https:\/\/abela.shop\/rs\/wp-json\/wp\/v2\/product_brand?post=260212"},{"taxonomy":"product_cat","embeddable":true,"href":"https:\/\/abela.shop\/rs\/wp-json\/wp\/v2\/product_cat?post=260212"},{"taxonomy":"product_tag","embeddable":true,"href":"https:\/\/abela.shop\/rs\/wp-json\/wp\/v2\/product_tag?post=260212"}],"curies":[{"name":"wp","href":"https:\/\/api.w.org\/{rel}","templated":true}]}}