{"id":260443,"date":"2026-02-05T14:30:55","date_gmt":"2026-02-05T13:30:55","guid":{"rendered":"https:\/\/abela.shop\/rs\/?post_type=product&#038;p=260443"},"modified":"2026-04-11T17:59:41","modified_gmt":"2026-04-11T16:59:41","slug":"bivits-activa-skin-hair-nails","status":"publish","type":"product","link":"https:\/\/abela.shop\/rs\/proizvod\/bivits-activa-skin-hair-nails\/","title":{"rendered":"BiVits ACTIVA Skin, Hair &#038; Nails"},"content":{"rendered":"<p>BiVits ACTIVA Skin Hair &amp; Nails je nau\u010dno formulisana beauty podr\u0161ka namenjena svima koji \u017eele zdravu, blistavu ko\u017eu, sna\u017enu i otpornu kosu i \u010dvrste nokte. Ovaj suplement kombinuje silicijum iz mladih stabljika bambusa sa biotinom, cinkom, kolagenskim peptidima, vitaminom C i vitaminom E, koji zajedni\u010dki deluju na strukturu i kvalitet ko\u017ee, kose i noktiju. Posebno odabrani sastojci podsti\u010du sintezu kolagena i keratina, \u0161tite od oksidativnog stresa i poma\u017eu u o\u010duvanju prirodne lepote i vitalnosti.<\/p>\n<h3>BiVits ACTIVA SHN doprinosi:<\/h3>\n<ul>\n<li>Ja\u010danju strukture kose i smanjenju lomljivosti vlasi<\/li>\n<li>Smanjenju poja\u010danog opadanja kose usled nutritivnog deficita<\/li>\n<li>Normalnoj funkciju folikula kose ili normalnom rastu kose<\/li>\n<li>Regulaciji lu\u010denja sebuma i zdravijem izgledu temena<\/li>\n<li>Pobolj\u0161anju elasti\u010dnosti i hidratacije ko\u017ee<\/li>\n<li>Smanjenju vidljivosti finih linija i bora<\/li>\n<li>Ja\u010danju nokatne plo\u010de i smanjenju lomljivosti noktiju<\/li>\n<li>Zdravijem i otpornijem rastu noktiju<\/li>\n<li>Podr\u0161ci sintezi kolagena<\/li>\n<\/ul>\n","protected":false},"excerpt":{"rendered":"<p>Nau\u010dno formulisana beauty podr\u0161ka sa kolagenom, biotinom, cinkom, cinkom i vitaminima C i E za zdravu ko\u017eu, ja\u010du kosu i \u010dvrste nokte.<\/p>\n","protected":false},"featured_media":260444,"comment_status":"open","ping_status":"closed","template":"","meta":{"_acf_changed":false},"product_brand":[],"product_cat":[88,125],"product_tag":[],"class_list":{"0":"post-260443","1":"product","2":"type-product","3":"status-publish","4":"has-post-thumbnail","6":"product_cat-vitamini-i-minerali","7":"product_cat-lepota","9":"first","10":"instock","11":"shipping-taxable","12":"purchasable","13":"product-type-simple"},"acf":[],"jetpack_sharing_enabled":true,"_links":{"self":[{"href":"https:\/\/abela.shop\/rs\/wp-json\/wp\/v2\/product\/260443","targetHints":{"allow":["GET"]}}],"collection":[{"href":"https:\/\/abela.shop\/rs\/wp-json\/wp\/v2\/product"}],"about":[{"href":"https:\/\/abela.shop\/rs\/wp-json\/wp\/v2\/types\/product"}],"replies":[{"embeddable":true,"href":"https:\/\/abela.shop\/rs\/wp-json\/wp\/v2\/comments?post=260443"}],"version-history":[{"count":8,"href":"https:\/\/abela.shop\/rs\/wp-json\/wp\/v2\/product\/260443\/revisions"}],"predecessor-version":[{"id":260455,"href":"https:\/\/abela.shop\/rs\/wp-json\/wp\/v2\/product\/260443\/revisions\/260455"}],"wp:featuredmedia":[{"embeddable":true,"href":"https:\/\/abela.shop\/rs\/wp-json\/wp\/v2\/media\/260444"}],"wp:attachment":[{"href":"https:\/\/abela.shop\/rs\/wp-json\/wp\/v2\/media?parent=260443"}],"wp:term":[{"taxonomy":"product_brand","embeddable":true,"href":"https:\/\/abela.shop\/rs\/wp-json\/wp\/v2\/product_brand?post=260443"},{"taxonomy":"product_cat","embeddable":true,"href":"https:\/\/abela.shop\/rs\/wp-json\/wp\/v2\/product_cat?post=260443"},{"taxonomy":"product_tag","embeddable":true,"href":"https:\/\/abela.shop\/rs\/wp-json\/wp\/v2\/product_tag?post=260443"}],"curies":[{"name":"wp","href":"https:\/\/api.w.org\/{rel}","templated":true}]}}