{"id":260472,"date":"2026-02-06T11:56:22","date_gmt":"2026-02-06T10:56:22","guid":{"rendered":"https:\/\/abela.shop\/rs\/?post_type=product&#038;p=260472"},"modified":"2026-04-16T19:59:22","modified_gmt":"2026-04-16T18:59:22","slug":"enterobiotik-strong","status":"publish","type":"product","link":"https:\/\/abela.shop\/rs\/proizvod\/enterobiotik-strong\/","title":{"rendered":"EnteroBiotik\u00ae Strong"},"content":{"rendered":"<p><strong>EnteroBiotik\u00ae Strong<\/strong> je dijetetski suplement sa korisnim mikroorganizmima (Saccharomyces boulardii, Lacticaseibacillus rhamnosus GG 250, Bifidobacterium animalis ssp. lactis, Lactiplantibacillus plantarum HEAL9 i Lactiplantibacillus plantarum 6595) sa 21 milijardom \u017eivih bakterija po kapsuli, koji deluje sinergijski, podr\u017eava zdravu crevnu floru i doprinosi sna\u017enijem imunitetu i ja\u010danju otpornosti organizma na infekcije i bolesti. Proizvod je namenjen deci starijoj od 3 godine i odraslima.<\/p>\n<h4>Sastav proizvoda:<\/h4>\n<ul>\n<li>Saccharomyces boulardii &#8211; Aktivni mikroorganizmi \u2014 min. 3 milijarde \u017eivih \u0107elija po kapsuli<\/li>\n<li>Me\u0161avina kultura korisnih bakterija 43F Power AB &#8211; Min. 10 milijardi \u017eivih \u0107elija po kapsuli<\/li>\n<li>Lacticaseibacillus rhamnosus GG &#8211; Min. 2 milijarde \u017eivih \u0107elija po kapsuli<\/li>\n<li>Bifidobacterium animalis ssp. lactis &#8211; Min. 2 milijarde \u017eivih \u0107elija po kapsuli<\/li>\n<li>Lactiplantibacillus plantarum HEAL9\u00a0&#8211; Min. 2 milijarde \u017eivih \u0107elija po kapsuli<\/li>\n<li>Lactiplantibacillus plantarum 6595 &#8211; Min. 2 milijarde \u017eivih \u0107elija po kapsuli<\/li>\n<\/ul>\n","protected":false},"excerpt":{"rendered":"<p><span class=\"opis-proizvoda\"><i class=\"fa-solid fa-circle-check check-opis-proizvoda\"><\/i>Ja\u010da otpornost na infekcije<\/span><br \/>\n<span class=\"opis-proizvoda\"><i class=\"fa-solid fa-circle-check check-opis-proizvoda\"><\/i>Ubrzava oporavak od bolesti<\/span><br \/>\n<span class=\"opis-proizvoda\"><i class=\"fa-solid fa-circle-check check-opis-proizvoda\"><\/i>Smanjuje u\u010destalost i trajanje infekcija<\/span><br \/>\n<span class=\"opis-proizvoda\"><i class=\"fa-solid fa-circle-check check-opis-proizvoda\"><\/i>Modulacija imunog odgovora<\/span><br \/>\n<span class=\"opis-proizvoda\"><i class=\"fa-solid fa-circle-check check-opis-proizvoda\"><\/i>Ja\u010da barijernu funkciju creva<\/span><\/p>\n","protected":false},"featured_media":260473,"comment_status":"open","ping_status":"closed","template":"","meta":{"_acf_changed":false},"product_brand":[],"product_cat":[72,320],"product_tag":[],"class_list":{"0":"post-260472","1":"product","2":"type-product","3":"status-publish","4":"has-post-thumbnail","6":"product_cat-probiotici","7":"product_cat-creva-u-balansu","9":"first","10":"instock","11":"shipping-taxable","12":"purchasable","13":"product-type-simple"},"acf":[],"jetpack_sharing_enabled":true,"_links":{"self":[{"href":"https:\/\/abela.shop\/rs\/wp-json\/wp\/v2\/product\/260472","targetHints":{"allow":["GET"]}}],"collection":[{"href":"https:\/\/abela.shop\/rs\/wp-json\/wp\/v2\/product"}],"about":[{"href":"https:\/\/abela.shop\/rs\/wp-json\/wp\/v2\/types\/product"}],"replies":[{"embeddable":true,"href":"https:\/\/abela.shop\/rs\/wp-json\/wp\/v2\/comments?post=260472"}],"version-history":[{"count":3,"href":"https:\/\/abela.shop\/rs\/wp-json\/wp\/v2\/product\/260472\/revisions"}],"predecessor-version":[{"id":260504,"href":"https:\/\/abela.shop\/rs\/wp-json\/wp\/v2\/product\/260472\/revisions\/260504"}],"wp:featuredmedia":[{"embeddable":true,"href":"https:\/\/abela.shop\/rs\/wp-json\/wp\/v2\/media\/260473"}],"wp:attachment":[{"href":"https:\/\/abela.shop\/rs\/wp-json\/wp\/v2\/media?parent=260472"}],"wp:term":[{"taxonomy":"product_brand","embeddable":true,"href":"https:\/\/abela.shop\/rs\/wp-json\/wp\/v2\/product_brand?post=260472"},{"taxonomy":"product_cat","embeddable":true,"href":"https:\/\/abela.shop\/rs\/wp-json\/wp\/v2\/product_cat?post=260472"},{"taxonomy":"product_tag","embeddable":true,"href":"https:\/\/abela.shop\/rs\/wp-json\/wp\/v2\/product_tag?post=260472"}],"curies":[{"name":"wp","href":"https:\/\/api.w.org\/{rel}","templated":true}]}}