{"id":260493,"date":"2026-02-06T16:04:02","date_gmt":"2026-02-06T15:04:02","guid":{"rendered":"https:\/\/abela.shop\/rs\/?post_type=product&#038;p=260493"},"modified":"2026-04-17T01:59:25","modified_gmt":"2026-04-17T00:59:25","slug":"enterobiotik-mood","status":"publish","type":"product","link":"https:\/\/abela.shop\/rs\/proizvod\/enterobiotik-mood\/","title":{"rendered":"EnteroBiotik\u00ae Mood"},"content":{"rendered":"<p><strong>EnteroBiotik\u00ae Mood<\/strong> je dijetetski suplement sa korisnim bakterijama namenjen nervnoj i psiholo\u0161koj funkciji. Sadr\u017ei klini\u010dki ispitan probiotski soj Lactiplantibacillus plantarum P8 u kombinaciji sa gama-aminobuternom kiselinom (GABA), magnezijumom i cinkom. Magnezijum doprinosi normalnoj psiholo\u0161koj funkciji, normalnoj ravnote\u017ei elektrolita, odr\u017eavanju normalnog energetskog metabolizma i smanjenju umora i iscrpljenosti. Cink doprinosi normalnoj kognitivnoj funkciji, normalnoj funkciji imunskog sistema i za\u0161titi \u0107elija od oksidativnog stresa.<\/p>\n<h4>Sastav proizvoda:<\/h4>\n<ul>\n<li>Lactiplantibacillus plantarum P8 &#8211; 15,0 mg (min. 10 milijardi \u017eivih \u0107elija)<\/li>\n<li>GABA (gama-aminobuterna kiselina) &#8211; 100,0 mg<\/li>\n<li>Magnezijum (magnezijum-oksid) &#8211; 59,9 mg (16% NRV)<\/li>\n<li>Bifidobacterium animalis ssp. lactis &#8211; Min. 2 milijarde \u017eivih \u0107elija po kapsuli<\/li>\n<li>Cink (cink-citrat) &#8211; 1,6 mg (16% NRV)<\/li>\n<\/ul>\n","protected":false},"excerpt":{"rendered":"<p><span class=\"opis-proizvoda\"><i class=\"fa-solid fa-circle-check check-opis-proizvoda\"><\/i>Doprinosi smanjenju napetosti i razdra\u017eljivosti<\/span><br \/>\n<span class=\"opis-proizvoda\"><i class=\"fa-solid fa-circle-check check-opis-proizvoda\"><\/i>Doprinosi dobrom raspolo\u017eenju<\/span><br \/>\n<span class=\"opis-proizvoda\"><i class=\"fa-solid fa-circle-check check-opis-proizvoda\"><\/i>Podr\u017eava kvalitetan san<\/span><br \/>\n<span class=\"opis-proizvoda\"><i class=\"fa-solid fa-circle-check check-opis-proizvoda\"><\/i>Ubla\u017eava simptome stresa<\/span><br \/>\n<span class=\"opis-proizvoda\"><i class=\"fa-solid fa-circle-check check-opis-proizvoda\"><\/i>Odr\u017eava pa\u017enju i pobolj\u0161ava koncentraciju<\/span><br \/>\n<span class=\"opis-proizvoda\"><i class=\"fa-solid fa-circle-check check-opis-proizvoda\"><\/i>Doprinosi normalnom funkcionisanju nervnog sistema<\/span><\/p>\n","protected":false},"featured_media":260496,"comment_status":"open","ping_status":"closed","template":"","meta":{"_acf_changed":false},"product_brand":[],"product_cat":[320,72],"product_tag":[],"class_list":{"0":"post-260493","1":"product","2":"type-product","3":"status-publish","4":"has-post-thumbnail","6":"product_cat-creva-u-balansu","7":"product_cat-probiotici","9":"first","10":"instock","11":"shipping-taxable","12":"purchasable","13":"product-type-simple"},"acf":[],"jetpack_sharing_enabled":true,"_links":{"self":[{"href":"https:\/\/abela.shop\/rs\/wp-json\/wp\/v2\/product\/260493","targetHints":{"allow":["GET"]}}],"collection":[{"href":"https:\/\/abela.shop\/rs\/wp-json\/wp\/v2\/product"}],"about":[{"href":"https:\/\/abela.shop\/rs\/wp-json\/wp\/v2\/types\/product"}],"replies":[{"embeddable":true,"href":"https:\/\/abela.shop\/rs\/wp-json\/wp\/v2\/comments?post=260493"}],"version-history":[{"count":2,"href":"https:\/\/abela.shop\/rs\/wp-json\/wp\/v2\/product\/260493\/revisions"}],"predecessor-version":[{"id":260503,"href":"https:\/\/abela.shop\/rs\/wp-json\/wp\/v2\/product\/260493\/revisions\/260503"}],"wp:featuredmedia":[{"embeddable":true,"href":"https:\/\/abela.shop\/rs\/wp-json\/wp\/v2\/media\/260496"}],"wp:attachment":[{"href":"https:\/\/abela.shop\/rs\/wp-json\/wp\/v2\/media?parent=260493"}],"wp:term":[{"taxonomy":"product_brand","embeddable":true,"href":"https:\/\/abela.shop\/rs\/wp-json\/wp\/v2\/product_brand?post=260493"},{"taxonomy":"product_cat","embeddable":true,"href":"https:\/\/abela.shop\/rs\/wp-json\/wp\/v2\/product_cat?post=260493"},{"taxonomy":"product_tag","embeddable":true,"href":"https:\/\/abela.shop\/rs\/wp-json\/wp\/v2\/product_tag?post=260493"}],"curies":[{"name":"wp","href":"https:\/\/api.w.org\/{rel}","templated":true}]}}