{"id":260499,"date":"2026-02-06T16:13:38","date_gmt":"2026-02-06T15:13:38","guid":{"rendered":"https:\/\/abela.shop\/rs\/?post_type=product&#038;p=260499"},"modified":"2026-04-19T09:59:21","modified_gmt":"2026-04-19T08:59:21","slug":"enterobiotik-alergo","status":"publish","type":"product","link":"https:\/\/abela.shop\/rs\/proizvod\/enterobiotik-alergo\/","title":{"rendered":"EnteroBiotik\u00ae Alergo"},"content":{"rendered":"<p><strong>EnteroBiotik\u00ae Alergo<\/strong> je formulisan da pomogne u ubla\u017eavanju simptoma razli\u010ditih tipova alergija, kao \u0161to su polenske alergije, alergije na grinje i pra\u0161inu, kao i nutritivne alergije. Sadr\u017ei kombinaciju probiotskih sojeva Lacticaseibacillus rhamnosus GG i Lacticaseibacillus paracasei, kao i kvercetin u fosfolipidnom kompleksu, koji doprinosi stabilizaciji imunog odgovora i smanjenju preosetljive reakcije organizma na alergene iz spolja\u0161nje sredine.<\/p>\n<h4>Sastav proizvoda:<\/h4>\n<ul>\n<li>Kvercetin \u2013 fosfolipidni kompleks<\/li>\n<li>Lacticaseibacillus paracasei<\/li>\n<li>Lacticaseibacillus rhamnosus GG<\/li>\n<\/ul>\n","protected":false},"excerpt":{"rendered":"<p><span class=\"opis-proizvoda\"><i class=\"fa-solid fa-circle-check check-opis-proizvoda\"><\/i>Ubla\u017eava simptome sezonskih i celogodi\u0161njih alergija<\/span><br \/>\n<span class=\"opis-proizvoda\"><i class=\"fa-solid fa-circle-check check-opis-proizvoda\"><\/i>Doprinosi stabilizaciji imunog odgovora<\/span><br \/>\n<span class=\"opis-proizvoda\"><i class=\"fa-solid fa-circle-check check-opis-proizvoda\"><\/i>Smanjuje kijavicu, curenje nosa i svrab o\u010diju<\/span><br \/>\n<span class=\"opis-proizvoda\"><i class=\"fa-solid fa-circle-check check-opis-proizvoda\"><\/i>Kombinuje probiotike i kvercetin sa dokazanom efikasno\u0161\u0107u<\/span><\/p>\n","protected":false},"featured_media":260500,"comment_status":"open","ping_status":"closed","template":"","meta":{"_acf_changed":false},"product_brand":[],"product_cat":[320,72],"product_tag":[],"class_list":{"0":"post-260499","1":"product","2":"type-product","3":"status-publish","4":"has-post-thumbnail","6":"product_cat-creva-u-balansu","7":"product_cat-probiotici","9":"first","10":"instock","11":"shipping-taxable","12":"purchasable","13":"product-type-simple"},"acf":[],"jetpack_sharing_enabled":true,"_links":{"self":[{"href":"https:\/\/abela.shop\/rs\/wp-json\/wp\/v2\/product\/260499","targetHints":{"allow":["GET"]}}],"collection":[{"href":"https:\/\/abela.shop\/rs\/wp-json\/wp\/v2\/product"}],"about":[{"href":"https:\/\/abela.shop\/rs\/wp-json\/wp\/v2\/types\/product"}],"replies":[{"embeddable":true,"href":"https:\/\/abela.shop\/rs\/wp-json\/wp\/v2\/comments?post=260499"}],"version-history":[{"count":1,"href":"https:\/\/abela.shop\/rs\/wp-json\/wp\/v2\/product\/260499\/revisions"}],"predecessor-version":[{"id":260502,"href":"https:\/\/abela.shop\/rs\/wp-json\/wp\/v2\/product\/260499\/revisions\/260502"}],"wp:featuredmedia":[{"embeddable":true,"href":"https:\/\/abela.shop\/rs\/wp-json\/wp\/v2\/media\/260500"}],"wp:attachment":[{"href":"https:\/\/abela.shop\/rs\/wp-json\/wp\/v2\/media?parent=260499"}],"wp:term":[{"taxonomy":"product_brand","embeddable":true,"href":"https:\/\/abela.shop\/rs\/wp-json\/wp\/v2\/product_brand?post=260499"},{"taxonomy":"product_cat","embeddable":true,"href":"https:\/\/abela.shop\/rs\/wp-json\/wp\/v2\/product_cat?post=260499"},{"taxonomy":"product_tag","embeddable":true,"href":"https:\/\/abela.shop\/rs\/wp-json\/wp\/v2\/product_tag?post=260499"}],"curies":[{"name":"wp","href":"https:\/\/api.w.org\/{rel}","templated":true}]}}